{"id":4865,"date":"2019-06-23T12:11:26","date_gmt":"2019-06-23T10:11:26","guid":{"rendered":"https:\/\/kubix.pl\/?page_id=4865"},"modified":"2021-01-29T06:29:45","modified_gmt":"2021-01-29T05:29:45","slug":"raty-credit-agricole","status":"publish","type":"page","link":"https:\/\/kubix.pl\/en\/raty-credit-agricole\/","title":{"rendered":"Credit Agricole Raty"},"content":{"rendered":"\n<p>Skorzystaj z opcji p\u0142atno\u015bci Credit Agricole Raty i wybieraj to, co najlepsze.<\/p>\n\n\n\n<p>Przekonaj si\u0119, jakie to proste:<\/p>\n\n\n\n<ul class=\"wp-block-list\"><li>przy ka\u017cdym towarze, kt\u00f3ry mo\u017ce by\u0107 kupiony na CA Raty \u2013 sprawd\u017a wysoko\u015b\u0107 raty<\/li><li>gdy kupujesz wi\u0119cej rzeczy, za ca\u0142e zakupy zap\u0142acisz w ratach &#8211; wygodnie<\/li><li>z rat skorzystasz do max. kwoty 20 000 z\u0142<\/li><li>samodzielnie dobierzesz ilo\u015b\u0107 rat i ich wysoko\u015b\u0107, tak by sp\u0142ata nie by\u0142a dla Ciebie k\u0142opotliwa<\/li><li>szybko i bez zb\u0119dnych formalno\u015bci wype\u0142nisz wniosek, bez wychodzenia z domu<\/li><li>umow\u0119 i zakupy dostaniesz do domu<\/li><\/ul>\n\n\n\n<p>Sprawd\u017a!<\/p>\n\n\n\n<div class=\"wp-block-image\"><figure class=\"aligncenter size-large\"><a href=\"https:\/\/ewniosek.credit-agricole.pl\/eWniosek\/procedure.jsp?PARAM_TYPE=RAT&amp;PARAM_PROFILE=PSP1234567\" target=\"_blank\" rel=\"noopener\"><img decoding=\"async\" src=\"http:\/\/ewniosek.credit-agricole.pl\/eWniosek\/res\/buttons\/inst_md_comp.png\" alt=\"\"\/><\/a><\/figure><\/div>\n\n\n\n<p>Firma Kubix Izabela Jab\u0142onowska o\u015bwiadcza, i\u017c na podstawie zawartych um\u00f3w z Credit Agricole Bank Polska S.A. jest upowa\u017cniony do wykonywania czynno\u015bci prawnych zwi\u0105zanych z zawarciem\/zmian\u0105 um\u00f3w kredytu na zakup towar\u00f3w i us\u0142ug.<\/p>\n\n\n","protected":false},"excerpt":{"rendered":"<p>Skorzystaj z opcji p\u0142atno\u015bci Credit Agricole Raty i wybieraj to, co najlepsze. Przekonaj si\u0119, jakie to proste: przy ka\u017cdym towarze, kt\u00f3ry mo\u017ce by\u0107 kupiony na CA Raty \u2013 sprawd\u017a wysoko\u015b\u0107 raty gdy kupujesz wi\u0119cej rzeczy, za ca\u0142e zakupy zap\u0142acisz w ratach &#8211; wygodnie z rat skorzystasz do max. kwoty 20 000 z\u0142 samodzielnie dobierzesz ilo\u015b\u0107 [&hellip;]<\/p>\n","protected":false},"author":3,"featured_media":0,"parent":0,"menu_order":0,"comment_status":"closed","ping_status":"closed","template":"template-fullwidth.php","meta":{"footnotes":""},"class_list":["post-4865","page","type-page","status-publish","hentry"],"yoast_head":"<!-- This site is optimized with the Yoast SEO plugin v27.3 - https:\/\/yoast.com\/product\/yoast-seo-wordpress\/ -->\n<title>Credit Agricole Raty - Kubix<\/title>\n<meta name=\"robots\" content=\"index, follow, max-snippet:-1, max-image-preview:large, max-video-preview:-1\" \/>\n<link rel=\"canonical\" href=\"https:\/\/kubix.pl\/en\/raty-credit-agricole\/\" \/>\n<meta property=\"og:locale\" content=\"en_US\" \/>\n<meta property=\"og:type\" content=\"article\" \/>\n<meta property=\"og:title\" content=\"Credit Agricole Raty - Kubix\" \/>\n<meta property=\"og:description\" content=\"Skorzystaj z opcji p\u0142atno\u015bci Credit Agricole Raty i wybieraj to, co najlepsze. Przekonaj si\u0119, jakie to proste: przy ka\u017cdym towarze, kt\u00f3ry mo\u017ce by\u0107 kupiony na CA Raty \u2013 sprawd\u017a wysoko\u015b\u0107 raty gdy kupujesz wi\u0119cej rzeczy, za ca\u0142e zakupy zap\u0142acisz w ratach &#8211; wygodnie z rat skorzystasz do max. kwoty 20 000 z\u0142 samodzielnie dobierzesz ilo\u015b\u0107 [&hellip;]\" \/>\n<meta property=\"og:url\" content=\"https:\/\/kubix.pl\/en\/raty-credit-agricole\/\" \/>\n<meta property=\"og:site_name\" content=\"Kubix\" \/>\n<meta property=\"article:modified_time\" content=\"2021-01-29T05:29:45+00:00\" \/>\n<meta property=\"og:image\" content=\"http:\/\/ewniosek.credit-agricole.pl\/eWniosek\/res\/buttons\/inst_md_comp.png\" \/>\n<meta name=\"twitter:card\" content=\"summary_large_image\" \/>\n<meta name=\"twitter:label1\" content=\"Est. reading time\" \/>\n\t<meta name=\"twitter:data1\" content=\"1 minute\" \/>\n<script type=\"application\/ld+json\" class=\"yoast-schema-graph\">{\"@context\":\"https:\\\/\\\/schema.org\",\"@graph\":[{\"@type\":\"WebPage\",\"@id\":\"https:\\\/\\\/kubix.pl\\\/en\\\/raty-credit-agricole\\\/\",\"url\":\"https:\\\/\\\/kubix.pl\\\/en\\\/raty-credit-agricole\\\/\",\"name\":\"Credit Agricole Raty - Kubix\",\"isPartOf\":{\"@id\":\"https:\\\/\\\/kubix.pl\\\/en\\\/#website\"},\"primaryImageOfPage\":{\"@id\":\"https:\\\/\\\/kubix.pl\\\/en\\\/raty-credit-agricole\\\/#primaryimage\"},\"image\":{\"@id\":\"https:\\\/\\\/kubix.pl\\\/en\\\/raty-credit-agricole\\\/#primaryimage\"},\"thumbnailUrl\":\"http:\\\/\\\/ewniosek.credit-agricole.pl\\\/eWniosek\\\/res\\\/buttons\\\/inst_md_comp.png\",\"datePublished\":\"2019-06-23T10:11:26+00:00\",\"dateModified\":\"2021-01-29T05:29:45+00:00\",\"breadcrumb\":{\"@id\":\"https:\\\/\\\/kubix.pl\\\/en\\\/raty-credit-agricole\\\/#breadcrumb\"},\"inLanguage\":\"en-US\",\"potentialAction\":[{\"@type\":\"ReadAction\",\"target\":[\"https:\\\/\\\/kubix.pl\\\/en\\\/raty-credit-agricole\\\/\"]}]},{\"@type\":\"ImageObject\",\"inLanguage\":\"en-US\",\"@id\":\"https:\\\/\\\/kubix.pl\\\/en\\\/raty-credit-agricole\\\/#primaryimage\",\"url\":\"http:\\\/\\\/ewniosek.credit-agricole.pl\\\/eWniosek\\\/res\\\/buttons\\\/inst_md_comp.png\",\"contentUrl\":\"http:\\\/\\\/ewniosek.credit-agricole.pl\\\/eWniosek\\\/res\\\/buttons\\\/inst_md_comp.png\"},{\"@type\":\"BreadcrumbList\",\"@id\":\"https:\\\/\\\/kubix.pl\\\/en\\\/raty-credit-agricole\\\/#breadcrumb\",\"itemListElement\":[{\"@type\":\"ListItem\",\"position\":1,\"name\":\"Strona g\u0142\u00f3wna\",\"item\":\"https:\\\/\\\/kubix.pl\\\/en\\\/\"},{\"@type\":\"ListItem\",\"position\":2,\"name\":\"Credit Agricole Raty\"}]},{\"@type\":\"WebSite\",\"@id\":\"https:\\\/\\\/kubix.pl\\\/en\\\/#website\",\"url\":\"https:\\\/\\\/kubix.pl\\\/en\\\/\",\"name\":\"Kubix\",\"description\":\"Przyczepy jednoosiowe, dwuosiowe\",\"publisher\":{\"@id\":\"https:\\\/\\\/kubix.pl\\\/en\\\/#organization\"},\"potentialAction\":[{\"@type\":\"SearchAction\",\"target\":{\"@type\":\"EntryPoint\",\"urlTemplate\":\"https:\\\/\\\/kubix.pl\\\/en\\\/?s={search_term_string}\"},\"query-input\":{\"@type\":\"PropertyValueSpecification\",\"valueRequired\":true,\"valueName\":\"search_term_string\"}}],\"inLanguage\":\"en-US\"},{\"@type\":\"Organization\",\"@id\":\"https:\\\/\\\/kubix.pl\\\/en\\\/#organization\",\"name\":\"Kubix\",\"url\":\"https:\\\/\\\/kubix.pl\\\/en\\\/\",\"logo\":{\"@type\":\"ImageObject\",\"inLanguage\":\"en-US\",\"@id\":\"https:\\\/\\\/kubix.pl\\\/en\\\/#\\\/schema\\\/logo\\\/image\\\/\",\"url\":\"https:\\\/\\\/kubix.pl\\\/wp-content\\\/uploads\\\/2024\\\/11\\\/kubix.png\",\"contentUrl\":\"https:\\\/\\\/kubix.pl\\\/wp-content\\\/uploads\\\/2024\\\/11\\\/kubix.png\",\"width\":375,\"height\":60,\"caption\":\"Kubix\"},\"image\":{\"@id\":\"https:\\\/\\\/kubix.pl\\\/en\\\/#\\\/schema\\\/logo\\\/image\\\/\"}}]}<\/script>\n<!-- \/ Yoast SEO plugin. -->","yoast_head_json":{"title":"Credit Agricole Raty - Kubix","robots":{"index":"index","follow":"follow","max-snippet":"max-snippet:-1","max-image-preview":"max-image-preview:large","max-video-preview":"max-video-preview:-1"},"canonical":"https:\/\/kubix.pl\/en\/raty-credit-agricole\/","og_locale":"en_US","og_type":"article","og_title":"Credit Agricole Raty - Kubix","og_description":"Skorzystaj z opcji p\u0142atno\u015bci Credit Agricole Raty i wybieraj to, co najlepsze. Przekonaj si\u0119, jakie to proste: przy ka\u017cdym towarze, kt\u00f3ry mo\u017ce by\u0107 kupiony na CA Raty \u2013 sprawd\u017a wysoko\u015b\u0107 raty gdy kupujesz wi\u0119cej rzeczy, za ca\u0142e zakupy zap\u0142acisz w ratach &#8211; wygodnie z rat skorzystasz do max. kwoty 20 000 z\u0142 samodzielnie dobierzesz ilo\u015b\u0107 [&hellip;]","og_url":"https:\/\/kubix.pl\/en\/raty-credit-agricole\/","og_site_name":"Kubix","article_modified_time":"2021-01-29T05:29:45+00:00","og_image":[{"url":"http:\/\/ewniosek.credit-agricole.pl\/eWniosek\/res\/buttons\/inst_md_comp.png","type":"","width":"","height":""}],"twitter_card":"summary_large_image","twitter_misc":{"Est. reading time":"1 minute"},"schema":{"@context":"https:\/\/schema.org","@graph":[{"@type":"WebPage","@id":"https:\/\/kubix.pl\/en\/raty-credit-agricole\/","url":"https:\/\/kubix.pl\/en\/raty-credit-agricole\/","name":"Credit Agricole Raty - Kubix","isPartOf":{"@id":"https:\/\/kubix.pl\/en\/#website"},"primaryImageOfPage":{"@id":"https:\/\/kubix.pl\/en\/raty-credit-agricole\/#primaryimage"},"image":{"@id":"https:\/\/kubix.pl\/en\/raty-credit-agricole\/#primaryimage"},"thumbnailUrl":"http:\/\/ewniosek.credit-agricole.pl\/eWniosek\/res\/buttons\/inst_md_comp.png","datePublished":"2019-06-23T10:11:26+00:00","dateModified":"2021-01-29T05:29:45+00:00","breadcrumb":{"@id":"https:\/\/kubix.pl\/en\/raty-credit-agricole\/#breadcrumb"},"inLanguage":"en-US","potentialAction":[{"@type":"ReadAction","target":["https:\/\/kubix.pl\/en\/raty-credit-agricole\/"]}]},{"@type":"ImageObject","inLanguage":"en-US","@id":"https:\/\/kubix.pl\/en\/raty-credit-agricole\/#primaryimage","url":"http:\/\/ewniosek.credit-agricole.pl\/eWniosek\/res\/buttons\/inst_md_comp.png","contentUrl":"http:\/\/ewniosek.credit-agricole.pl\/eWniosek\/res\/buttons\/inst_md_comp.png"},{"@type":"BreadcrumbList","@id":"https:\/\/kubix.pl\/en\/raty-credit-agricole\/#breadcrumb","itemListElement":[{"@type":"ListItem","position":1,"name":"Strona g\u0142\u00f3wna","item":"https:\/\/kubix.pl\/en\/"},{"@type":"ListItem","position":2,"name":"Credit Agricole Raty"}]},{"@type":"WebSite","@id":"https:\/\/kubix.pl\/en\/#website","url":"https:\/\/kubix.pl\/en\/","name":"Kubix","description":"Przyczepy jednoosiowe, dwuosiowe","publisher":{"@id":"https:\/\/kubix.pl\/en\/#organization"},"potentialAction":[{"@type":"SearchAction","target":{"@type":"EntryPoint","urlTemplate":"https:\/\/kubix.pl\/en\/?s={search_term_string}"},"query-input":{"@type":"PropertyValueSpecification","valueRequired":true,"valueName":"search_term_string"}}],"inLanguage":"en-US"},{"@type":"Organization","@id":"https:\/\/kubix.pl\/en\/#organization","name":"Kubix","url":"https:\/\/kubix.pl\/en\/","logo":{"@type":"ImageObject","inLanguage":"en-US","@id":"https:\/\/kubix.pl\/en\/#\/schema\/logo\/image\/","url":"https:\/\/kubix.pl\/wp-content\/uploads\/2024\/11\/kubix.png","contentUrl":"https:\/\/kubix.pl\/wp-content\/uploads\/2024\/11\/kubix.png","width":375,"height":60,"caption":"Kubix"},"image":{"@id":"https:\/\/kubix.pl\/en\/#\/schema\/logo\/image\/"}}]}},"_links":{"self":[{"href":"https:\/\/kubix.pl\/en\/wp-json\/wp\/v2\/pages\/4865","targetHints":{"allow":["GET"]}}],"collection":[{"href":"https:\/\/kubix.pl\/en\/wp-json\/wp\/v2\/pages"}],"about":[{"href":"https:\/\/kubix.pl\/en\/wp-json\/wp\/v2\/types\/page"}],"author":[{"embeddable":true,"href":"https:\/\/kubix.pl\/en\/wp-json\/wp\/v2\/users\/3"}],"replies":[{"embeddable":true,"href":"https:\/\/kubix.pl\/en\/wp-json\/wp\/v2\/comments?post=4865"}],"version-history":[{"count":0,"href":"https:\/\/kubix.pl\/en\/wp-json\/wp\/v2\/pages\/4865\/revisions"}],"wp:attachment":[{"href":"https:\/\/kubix.pl\/en\/wp-json\/wp\/v2\/media?parent=4865"}],"curies":[{"name":"wp","href":"https:\/\/api.w.org\/{rel}","templated":true}]}}