{"id":4959,"date":"2019-07-24T09:37:31","date_gmt":"2019-07-24T07:37:31","guid":{"rendered":"https:\/\/kubix.pl\/?page_id=4959"},"modified":"2025-09-04T14:59:22","modified_gmt":"2025-09-04T12:59:22","slug":"dostawa","status":"publish","type":"page","link":"https:\/\/kubix.pl\/en\/dostawa\/","title":{"rendered":"Dostawa"},"content":{"rendered":"\n<table style=\"border-collapse: collapse; width: 100%; height: 313px;\">\n<tbody>\n<tr style=\"height: 53px;\">\n<td style=\"width: 33.3333%; height: 53px; text-align: center; background-color: #ffffff; border-color: #000000; border-style: solid;\"><strong>Dostawa<\/strong><\/td>\n<td style=\"text-align: center; background-color: #ffffff; border-color: #000000; border-style: solid;\">\n<p><strong>Rodzaj przyczepy<\/strong><\/p>\n<\/td>\n<td style=\"width: 33.3333%; height: 53px; text-align: center; background-color: #ffffff; border-color: #000000; border-style: solid;\"><strong>cena brutto PLN<\/strong><\/td>\n<\/tr>\n<tr style=\"height: 52px;\">\n<td style=\"width: 33.3333%; height: 52px; text-align: center; background-color: #ffffff; border-color: #000000; border-style: solid;\">Przyczepa 1<\/td>\n<td style=\"width: 33.3333%; height: 52px; text-align: center; background-color: #ffffff; border-color: #000000; border-style: solid;\">\n<p>do 750kg,<\/p>\n<p>jednoosiowa, pod\u0142odziowa do 4m<\/p>\n<\/td>\n<td style=\"width: 33.3333%; height: 52px; text-align: center; background-color: #ffffff; border-color: #000000; border-style: solid;\">350 z\u0142\u00a0<\/td>\n<\/tr>\n<tr style=\"height: 52px;\">\n<td style=\"width: 33.3333%; height: 52px; text-align: center; background-color: #ffffff; border-color: #000000; border-style: solid;\">Przyczepa 2<\/td>\n<td style=\"width: 33.3333%; height: 52px; text-align: center; background-color: #ffffff; border-color: #000000; border-style: solid;\">\n<p>do 2000kg<\/p>\n<p>Dwuosiowa, platforma MULTI,<\/p>\n<p>pod\u0142odziowa powy\u017cej 4m<\/p>\n<\/td>\n<td style=\"width: 33.3333%; height: 52px; text-align: center; background-color: #ffffff; border-color: #000000; border-style: solid;\">350 z\u0142<\/td>\n<\/tr>\n<tr style=\"height: 52px;\">\n<td style=\"width: 33.3333%; height: 52px; text-align: center; background-color: #ffffff; border-color: #000000; border-style: solid;\">Przyczepa 3<\/td>\n<td style=\"width: 33.3333%; height: 52px; text-align: center; background-color: #ffffff; border-color: #000000; border-style: solid;\">\n<p>powy\u017cej 2000kg<\/p>\n<p>specjalistyczna (laweta, pod minikoparki)<\/p>\n<\/td>\n<td style=\"width: 33.3333%; height: 52px; text-align: center; background-color: #ffffff; border-color: #000000; border-style: solid;\">500z\u0142<\/td>\n<\/tr>\n<tr style=\"height: 52px;\">\n<td style=\"width: 33.3333%; height: 52px; text-align: center; background-color: #ffffff; border-color: #000000; border-style: solid;\">\n<p>Przyczepa 4<\/p>\n<p>ponad gabarytowa<\/p>\n<\/td>\n<td style=\"width: 33.3333%; height: 52px; text-align: center; background-color: #ffffff; border-color: #000000; border-style: solid;\">\n<p>Ko\u0144ska, handlowa, furgon,<\/p>\n<p>laweta powy\u017cej 5m, izoterma etc.<\/p>\n<\/td>\n<td style=\"width: 33.3333%; height: 52px; text-align: center; background-color: #ffffff; border-color: #000000; border-style: solid;\">indywidualna wycena<\/td>\n<\/tr>\n<tr style=\"height: 52px;\">\n<td style=\"width: 33.3333%; height: 52px; text-align: center; background-color: #ffffff; border-color: #000000; border-style: solid;\">Zagraniczna<\/td>\n<td style=\"width: 33.3333%; height: 52px; text-align: center; background-color: #ffffff; border-color: #000000; border-style: solid;\">&#8211;<\/td>\n<td style=\"width: 33.3333%; height: 52px; text-align: center; background-color: #ffffff; border-color: #000000; border-style: solid;\">indywidualna wycena<\/td>\n<\/tr>\n<\/tbody>\n<\/table>\n<p>\u00a0<\/p>\n","protected":false},"excerpt":{"rendered":"<p>Dostawa Rodzaj przyczepy cena brutto PLN Przyczepa 1 do 750kg, jednoosiowa, pod\u0142odziowa do 4m 350 z\u0142\u00a0 Przyczepa 2 do 2000kg Dwuosiowa, platforma MULTI, pod\u0142odziowa powy\u017cej 4m 350 z\u0142 Przyczepa 3 powy\u017cej 2000kg specjalistyczna (laweta, pod minikoparki) 500z\u0142 Przyczepa 4 ponad gabarytowa Ko\u0144ska, handlowa, furgon, laweta powy\u017cej 5m, izoterma etc. indywidualna wycena Zagraniczna &#8211; indywidualna wycena [&hellip;]<\/p>\n","protected":false},"author":1,"featured_media":0,"parent":0,"menu_order":0,"comment_status":"closed","ping_status":"closed","template":"template-fullwidth.php","meta":{"footnotes":""},"class_list":["post-4959","page","type-page","status-publish","hentry"],"yoast_head":"<!-- This site is optimized with the Yoast SEO plugin v27.3 - https:\/\/yoast.com\/product\/yoast-seo-wordpress\/ -->\n<title>Dostawa - Kubix<\/title>\n<meta name=\"robots\" content=\"index, follow, max-snippet:-1, max-image-preview:large, max-video-preview:-1\" \/>\n<link rel=\"canonical\" href=\"https:\/\/kubix.pl\/en\/dostawa\/\" \/>\n<meta property=\"og:locale\" content=\"en_US\" \/>\n<meta property=\"og:type\" content=\"article\" \/>\n<meta property=\"og:title\" content=\"Dostawa - Kubix\" \/>\n<meta property=\"og:description\" content=\"Dostawa Rodzaj przyczepy cena brutto PLN Przyczepa 1 do 750kg, jednoosiowa, pod\u0142odziowa do 4m 350 z\u0142\u00a0 Przyczepa 2 do 2000kg Dwuosiowa, platforma MULTI, pod\u0142odziowa powy\u017cej 4m 350 z\u0142 Przyczepa 3 powy\u017cej 2000kg specjalistyczna (laweta, pod minikoparki) 500z\u0142 Przyczepa 4 ponad gabarytowa Ko\u0144ska, handlowa, furgon, laweta powy\u017cej 5m, izoterma etc. indywidualna wycena Zagraniczna &#8211; indywidualna wycena [&hellip;]\" \/>\n<meta property=\"og:url\" content=\"https:\/\/kubix.pl\/en\/dostawa\/\" \/>\n<meta property=\"og:site_name\" content=\"Kubix\" \/>\n<meta property=\"article:modified_time\" content=\"2025-09-04T12:59:22+00:00\" \/>\n<meta name=\"twitter:card\" content=\"summary_large_image\" \/>\n<meta name=\"twitter:label1\" content=\"Est. reading time\" \/>\n\t<meta name=\"twitter:data1\" content=\"1 minute\" \/>\n<script type=\"application\/ld+json\" class=\"yoast-schema-graph\">{\"@context\":\"https:\\\/\\\/schema.org\",\"@graph\":[{\"@type\":\"WebPage\",\"@id\":\"https:\\\/\\\/kubix.pl\\\/en\\\/dostawa\\\/\",\"url\":\"https:\\\/\\\/kubix.pl\\\/en\\\/dostawa\\\/\",\"name\":\"Dostawa - Kubix\",\"isPartOf\":{\"@id\":\"https:\\\/\\\/kubix.pl\\\/en\\\/#website\"},\"datePublished\":\"2019-07-24T07:37:31+00:00\",\"dateModified\":\"2025-09-04T12:59:22+00:00\",\"breadcrumb\":{\"@id\":\"https:\\\/\\\/kubix.pl\\\/en\\\/dostawa\\\/#breadcrumb\"},\"inLanguage\":\"en-US\",\"potentialAction\":[{\"@type\":\"ReadAction\",\"target\":[\"https:\\\/\\\/kubix.pl\\\/en\\\/dostawa\\\/\"]}]},{\"@type\":\"BreadcrumbList\",\"@id\":\"https:\\\/\\\/kubix.pl\\\/en\\\/dostawa\\\/#breadcrumb\",\"itemListElement\":[{\"@type\":\"ListItem\",\"position\":1,\"name\":\"Strona g\u0142\u00f3wna\",\"item\":\"https:\\\/\\\/kubix.pl\\\/en\\\/\"},{\"@type\":\"ListItem\",\"position\":2,\"name\":\"Dostawa\"}]},{\"@type\":\"WebSite\",\"@id\":\"https:\\\/\\\/kubix.pl\\\/en\\\/#website\",\"url\":\"https:\\\/\\\/kubix.pl\\\/en\\\/\",\"name\":\"Kubix\",\"description\":\"Przyczepy jednoosiowe, dwuosiowe\",\"publisher\":{\"@id\":\"https:\\\/\\\/kubix.pl\\\/en\\\/#organization\"},\"potentialAction\":[{\"@type\":\"SearchAction\",\"target\":{\"@type\":\"EntryPoint\",\"urlTemplate\":\"https:\\\/\\\/kubix.pl\\\/en\\\/?s={search_term_string}\"},\"query-input\":{\"@type\":\"PropertyValueSpecification\",\"valueRequired\":true,\"valueName\":\"search_term_string\"}}],\"inLanguage\":\"en-US\"},{\"@type\":\"Organization\",\"@id\":\"https:\\\/\\\/kubix.pl\\\/en\\\/#organization\",\"name\":\"Kubix\",\"url\":\"https:\\\/\\\/kubix.pl\\\/en\\\/\",\"logo\":{\"@type\":\"ImageObject\",\"inLanguage\":\"en-US\",\"@id\":\"https:\\\/\\\/kubix.pl\\\/en\\\/#\\\/schema\\\/logo\\\/image\\\/\",\"url\":\"https:\\\/\\\/kubix.pl\\\/wp-content\\\/uploads\\\/2024\\\/11\\\/kubix.png\",\"contentUrl\":\"https:\\\/\\\/kubix.pl\\\/wp-content\\\/uploads\\\/2024\\\/11\\\/kubix.png\",\"width\":375,\"height\":60,\"caption\":\"Kubix\"},\"image\":{\"@id\":\"https:\\\/\\\/kubix.pl\\\/en\\\/#\\\/schema\\\/logo\\\/image\\\/\"}}]}<\/script>\n<!-- \/ Yoast SEO plugin. -->","yoast_head_json":{"title":"Dostawa - Kubix","robots":{"index":"index","follow":"follow","max-snippet":"max-snippet:-1","max-image-preview":"max-image-preview:large","max-video-preview":"max-video-preview:-1"},"canonical":"https:\/\/kubix.pl\/en\/dostawa\/","og_locale":"en_US","og_type":"article","og_title":"Dostawa - Kubix","og_description":"Dostawa Rodzaj przyczepy cena brutto PLN Przyczepa 1 do 750kg, jednoosiowa, pod\u0142odziowa do 4m 350 z\u0142\u00a0 Przyczepa 2 do 2000kg Dwuosiowa, platforma MULTI, pod\u0142odziowa powy\u017cej 4m 350 z\u0142 Przyczepa 3 powy\u017cej 2000kg specjalistyczna (laweta, pod minikoparki) 500z\u0142 Przyczepa 4 ponad gabarytowa Ko\u0144ska, handlowa, furgon, laweta powy\u017cej 5m, izoterma etc. indywidualna wycena Zagraniczna &#8211; indywidualna wycena [&hellip;]","og_url":"https:\/\/kubix.pl\/en\/dostawa\/","og_site_name":"Kubix","article_modified_time":"2025-09-04T12:59:22+00:00","twitter_card":"summary_large_image","twitter_misc":{"Est. reading time":"1 minute"},"schema":{"@context":"https:\/\/schema.org","@graph":[{"@type":"WebPage","@id":"https:\/\/kubix.pl\/en\/dostawa\/","url":"https:\/\/kubix.pl\/en\/dostawa\/","name":"Dostawa - Kubix","isPartOf":{"@id":"https:\/\/kubix.pl\/en\/#website"},"datePublished":"2019-07-24T07:37:31+00:00","dateModified":"2025-09-04T12:59:22+00:00","breadcrumb":{"@id":"https:\/\/kubix.pl\/en\/dostawa\/#breadcrumb"},"inLanguage":"en-US","potentialAction":[{"@type":"ReadAction","target":["https:\/\/kubix.pl\/en\/dostawa\/"]}]},{"@type":"BreadcrumbList","@id":"https:\/\/kubix.pl\/en\/dostawa\/#breadcrumb","itemListElement":[{"@type":"ListItem","position":1,"name":"Strona g\u0142\u00f3wna","item":"https:\/\/kubix.pl\/en\/"},{"@type":"ListItem","position":2,"name":"Dostawa"}]},{"@type":"WebSite","@id":"https:\/\/kubix.pl\/en\/#website","url":"https:\/\/kubix.pl\/en\/","name":"Kubix","description":"Przyczepy jednoosiowe, dwuosiowe","publisher":{"@id":"https:\/\/kubix.pl\/en\/#organization"},"potentialAction":[{"@type":"SearchAction","target":{"@type":"EntryPoint","urlTemplate":"https:\/\/kubix.pl\/en\/?s={search_term_string}"},"query-input":{"@type":"PropertyValueSpecification","valueRequired":true,"valueName":"search_term_string"}}],"inLanguage":"en-US"},{"@type":"Organization","@id":"https:\/\/kubix.pl\/en\/#organization","name":"Kubix","url":"https:\/\/kubix.pl\/en\/","logo":{"@type":"ImageObject","inLanguage":"en-US","@id":"https:\/\/kubix.pl\/en\/#\/schema\/logo\/image\/","url":"https:\/\/kubix.pl\/wp-content\/uploads\/2024\/11\/kubix.png","contentUrl":"https:\/\/kubix.pl\/wp-content\/uploads\/2024\/11\/kubix.png","width":375,"height":60,"caption":"Kubix"},"image":{"@id":"https:\/\/kubix.pl\/en\/#\/schema\/logo\/image\/"}}]}},"_links":{"self":[{"href":"https:\/\/kubix.pl\/en\/wp-json\/wp\/v2\/pages\/4959","targetHints":{"allow":["GET"]}}],"collection":[{"href":"https:\/\/kubix.pl\/en\/wp-json\/wp\/v2\/pages"}],"about":[{"href":"https:\/\/kubix.pl\/en\/wp-json\/wp\/v2\/types\/page"}],"author":[{"embeddable":true,"href":"https:\/\/kubix.pl\/en\/wp-json\/wp\/v2\/users\/1"}],"replies":[{"embeddable":true,"href":"https:\/\/kubix.pl\/en\/wp-json\/wp\/v2\/comments?post=4959"}],"version-history":[{"count":0,"href":"https:\/\/kubix.pl\/en\/wp-json\/wp\/v2\/pages\/4959\/revisions"}],"wp:attachment":[{"href":"https:\/\/kubix.pl\/en\/wp-json\/wp\/v2\/media?parent=4959"}],"curies":[{"name":"wp","href":"https:\/\/api.w.org\/{rel}","templated":true}]}}