{"id":10537,"date":"2020-11-30T11:43:03","date_gmt":"2020-11-30T10:43:03","guid":{"rendered":"https:\/\/kubix.pl\/produkt\/cable-trailer-twin-axle-braked-glowacz-gvw-3000kg\/"},"modified":"2021-01-29T13:37:39","modified_gmt":"2021-01-29T12:37:39","slug":"cable-trailer-twin-axle-braked-glowacz-gvw-3000kg","status":"publish","type":"product","link":"https:\/\/kubix.pl\/en\/produkt\/cable-trailer-twin-axle-braked-glowacz-gvw-3000kg\/","title":{"rendered":"Cable trailer, twin-axle, braked G\u0141OWACZ GVW 3000kg"},"content":{"rendered":"<p style=\"text-align: justify\">A solidly made twin-axle braked cable trailer with a load capacity of 2950 kg. Presented design is perfect to transport cable drums in the easiest way possible. It is equipped with a stable transport stator with adjustable drum position, stabilizing supports and a manual rope winch. The lack of a rear beam allows quick installation of cable drums as well as maintaining full rigidity during transport. The G\u0142owacz two-axle braked cable trailer is highly appreciated by users. In the proposed model, the mudguards have been additionally reinforced.<\/p>\n<p style=\"text-align: justify\"><span style=\"font-size: 24pt;color: #bd1515\"><strong>Standard equipment<\/strong><\/span><\/p>\n<ul style=\"text-align: justify\">\n<li>Loading space dimensions &#8211; 270 x 170 cm<\/li>\n<li>Manufacturer &#8211; G\u0141OWACZ<\/li>\n<li>GVW &#8211; 3000 kg<\/li>\n<li>Empty weight &#8211; 600 kg<\/li>\n<li>Load capacity &#8211; 2400 kg<\/li>\n<li>Coupling head &#8211; 3000 kg<\/li>\n<li>Wheels and steering system &#8211; KNOTT\/AL-KO 3000 kg<\/li>\n<li>Wheels 185 R14C<\/li>\n<li>Winch<\/li>\n<li>Support wheel with clamp<\/li>\n<li>License plate frame<\/li>\n<li>13-pin plug<\/li>\n<li>Reinforced mudguards<\/li>\n<\/ul>\n<p style=\"text-align: justify\"><span style=\"color: #bd1515;font-size: 18pt\"><strong>Additional equipment\u00a0<\/strong><\/span><\/p>\n<ul style=\"text-align: justify\">\n<li>Wheels and steering system GVW 3500 kg<\/li>\n<li>Wheels 195\/55R13C<\/li>\n<li>Spare wheel<\/li>\n<li>LED lighting<\/li>\n<\/ul>\n<p style=\"text-align: justify\"><span style=\"font-size: 8pt\">Information<\/span><\/p>\n<p style=\"text-align: justify\"><span style=\"font-size: 8pt\">The product description on the website came from producers and distributors pages, despite the effort while we add them, they could have some mistakes. Descriptions and photos are not basis for claims from our company. If you found some mistakes in our description, please let us know on the following e-mail address team@kubix.pl<\/span><\/p>\n","protected":false},"excerpt":{"rendered":"<p>Cable trailer, twin-axle, braked G\u0141OWACZ GVW 3000kg. Usage convenience guaranteed.<\/p>\n","protected":false},"featured_media":10250,"template":"","meta":[],"product_brand":[],"product_cat":[2102,2053,1671],"product_tag":[2101,2104,2074,2110,2100,1760,1802],"class_list":{"0":"post-10537","1":"product","2":"type-product","3":"status-publish","4":"has-post-thumbnail","6":"product_cat-cable-trailers","7":"product_cat-professional-trailers","8":"product_cat-single-axle-trailer-gvw-750kg","9":"product_tag-cable","10":"product_tag-dmc3000kg-en","11":"product_tag-glowacz-en","12":"product_tag-reel","13":"product_tag-specialized","14":"product_tag-trailer-en","15":"product_tag-two-axle","16":"product_shipping_class-500-zl-en","18":"first","19":"outofstock","20":"taxable","21":"shipping-taxable","22":"purchasable","23":"product-type-simple"},"yoast_head":"<!-- This site is optimized with the Yoast SEO plugin v27.4 - https:\/\/yoast.com\/product\/yoast-seo-wordpress\/ -->\n<title>Cable trailer, twin-axle, braked G\u0141OWACZ GVW 3000kg -<\/title>\n<meta name=\"description\" content=\"Solidna przyczepa kablowa dwuosiowa hamowana. Wyposa\u017cona w stabilny stojan transportowy. Brak tylnej belki u\u0142atwia monta\u017c b\u0119bn\u00f3w kablowych.\" \/>\n<meta name=\"robots\" content=\"index, follow, max-snippet:-1, max-image-preview:large, max-video-preview:-1\" \/>\n<link rel=\"canonical\" href=\"https:\/\/kubix.pl\/en\/produkt\/cable-trailer-twin-axle-braked-glowacz-gvw-3000kg\/\" \/>\n<meta property=\"og:locale\" content=\"en_US\" \/>\n<meta property=\"og:type\" content=\"article\" \/>\n<meta property=\"og:title\" content=\"Cable trailer, twin-axle, braked G\u0141OWACZ GVW 3000kg -\" \/>\n<meta property=\"og:description\" content=\"Solidna przyczepa kablowa dwuosiowa hamowana. Wyposa\u017cona w stabilny stojan transportowy. Brak tylnej belki u\u0142atwia monta\u017c b\u0119bn\u00f3w kablowych.\" \/>\n<meta property=\"og:url\" content=\"https:\/\/kubix.pl\/en\/produkt\/cable-trailer-twin-axle-braked-glowacz-gvw-3000kg\/\" \/>\n<meta property=\"og:site_name\" content=\"Kubix\" \/>\n<meta property=\"article:modified_time\" content=\"2021-01-29T12:37:39+00:00\" \/>\n<meta property=\"og:image\" content=\"https:\/\/kubix.pl\/wp-content\/uploads\/2020\/11\/KUBIX-przyczepa-kablowa-zmocnione-b\u0142otniki-4.jpeg\" \/>\n\t<meta property=\"og:image:width\" content=\"640\" \/>\n\t<meta property=\"og:image:height\" content=\"480\" \/>\n\t<meta property=\"og:image:type\" content=\"image\/jpeg\" \/>\n<meta name=\"twitter:card\" content=\"summary_large_image\" \/>\n<meta name=\"twitter:label1\" content=\"Est. reading time\" \/>\n\t<meta name=\"twitter:data1\" content=\"1 minute\" \/>\n<script type=\"application\/ld+json\" class=\"yoast-schema-graph\">{\"@context\":\"https:\\\/\\\/schema.org\",\"@graph\":[{\"@type\":\"WebPage\",\"@id\":\"https:\\\/\\\/kubix.pl\\\/en\\\/produkt\\\/cable-trailer-twin-axle-braked-glowacz-gvw-3000kg\\\/\",\"url\":\"https:\\\/\\\/kubix.pl\\\/en\\\/produkt\\\/cable-trailer-twin-axle-braked-glowacz-gvw-3000kg\\\/\",\"name\":\"Cable trailer, twin-axle, braked G\u0141OWACZ GVW 3000kg -\",\"isPartOf\":{\"@id\":\"https:\\\/\\\/kubix.pl\\\/en\\\/#website\"},\"primaryImageOfPage\":{\"@id\":\"https:\\\/\\\/kubix.pl\\\/en\\\/produkt\\\/cable-trailer-twin-axle-braked-glowacz-gvw-3000kg\\\/#primaryimage\"},\"image\":{\"@id\":\"https:\\\/\\\/kubix.pl\\\/en\\\/produkt\\\/cable-trailer-twin-axle-braked-glowacz-gvw-3000kg\\\/#primaryimage\"},\"thumbnailUrl\":\"https:\\\/\\\/kubix.pl\\\/wp-content\\\/uploads\\\/2020\\\/11\\\/KUBIX-przyczepa-kablowa-zmocnione-b\u0142otniki-4.jpeg\",\"datePublished\":\"2020-11-30T10:43:03+00:00\",\"dateModified\":\"2021-01-29T12:37:39+00:00\",\"description\":\"Solidna przyczepa kablowa dwuosiowa hamowana. Wyposa\u017cona w stabilny stojan transportowy. Brak tylnej belki u\u0142atwia monta\u017c b\u0119bn\u00f3w kablowych.\",\"breadcrumb\":{\"@id\":\"https:\\\/\\\/kubix.pl\\\/en\\\/produkt\\\/cable-trailer-twin-axle-braked-glowacz-gvw-3000kg\\\/#breadcrumb\"},\"inLanguage\":\"en-US\",\"potentialAction\":[{\"@type\":\"ReadAction\",\"target\":[\"https:\\\/\\\/kubix.pl\\\/en\\\/produkt\\\/cable-trailer-twin-axle-braked-glowacz-gvw-3000kg\\\/\"]}]},{\"@type\":\"ImageObject\",\"inLanguage\":\"en-US\",\"@id\":\"https:\\\/\\\/kubix.pl\\\/en\\\/produkt\\\/cable-trailer-twin-axle-braked-glowacz-gvw-3000kg\\\/#primaryimage\",\"url\":\"https:\\\/\\\/kubix.pl\\\/wp-content\\\/uploads\\\/2020\\\/11\\\/KUBIX-przyczepa-kablowa-zmocnione-b\u0142otniki-4.jpeg\",\"contentUrl\":\"https:\\\/\\\/kubix.pl\\\/wp-content\\\/uploads\\\/2020\\\/11\\\/KUBIX-przyczepa-kablowa-zmocnione-b\u0142otniki-4.jpeg\",\"width\":640,\"height\":480},{\"@type\":\"BreadcrumbList\",\"@id\":\"https:\\\/\\\/kubix.pl\\\/en\\\/produkt\\\/cable-trailer-twin-axle-braked-glowacz-gvw-3000kg\\\/#breadcrumb\",\"itemListElement\":[{\"@type\":\"ListItem\",\"position\":1,\"name\":\"Strona g\u0142\u00f3wna\",\"item\":\"https:\\\/\\\/kubix.pl\\\/en\\\/\"},{\"@type\":\"ListItem\",\"position\":2,\"name\":\"Sklep\",\"item\":\"https:\\\/\\\/kubix.pl\\\/sklep\\\/\"},{\"@type\":\"ListItem\",\"position\":3,\"name\":\"Cable trailer, twin-axle, braked G\u0141OWACZ GVW 3000kg\"}]},{\"@type\":\"WebSite\",\"@id\":\"https:\\\/\\\/kubix.pl\\\/en\\\/#website\",\"url\":\"https:\\\/\\\/kubix.pl\\\/en\\\/\",\"name\":\"Kubix\",\"description\":\"Przyczepy jednoosiowe, dwuosiowe\",\"publisher\":{\"@id\":\"https:\\\/\\\/kubix.pl\\\/en\\\/#organization\"},\"potentialAction\":[{\"@type\":\"SearchAction\",\"target\":{\"@type\":\"EntryPoint\",\"urlTemplate\":\"https:\\\/\\\/kubix.pl\\\/en\\\/?s={search_term_string}\"},\"query-input\":{\"@type\":\"PropertyValueSpecification\",\"valueRequired\":true,\"valueName\":\"search_term_string\"}}],\"inLanguage\":\"en-US\"},{\"@type\":\"Organization\",\"@id\":\"https:\\\/\\\/kubix.pl\\\/en\\\/#organization\",\"name\":\"Kubix\",\"url\":\"https:\\\/\\\/kubix.pl\\\/en\\\/\",\"logo\":{\"@type\":\"ImageObject\",\"inLanguage\":\"en-US\",\"@id\":\"https:\\\/\\\/kubix.pl\\\/en\\\/#\\\/schema\\\/logo\\\/image\\\/\",\"url\":\"https:\\\/\\\/kubix.pl\\\/wp-content\\\/uploads\\\/2024\\\/11\\\/kubix.png\",\"contentUrl\":\"https:\\\/\\\/kubix.pl\\\/wp-content\\\/uploads\\\/2024\\\/11\\\/kubix.png\",\"width\":375,\"height\":60,\"caption\":\"Kubix\"},\"image\":{\"@id\":\"https:\\\/\\\/kubix.pl\\\/en\\\/#\\\/schema\\\/logo\\\/image\\\/\"}}]}<\/script>\n<!-- \/ Yoast SEO plugin. -->","yoast_head_json":{"title":"Cable trailer, twin-axle, braked G\u0141OWACZ GVW 3000kg -","description":"Solidna przyczepa kablowa dwuosiowa hamowana. Wyposa\u017cona w stabilny stojan transportowy. Brak tylnej belki u\u0142atwia monta\u017c b\u0119bn\u00f3w kablowych.","robots":{"index":"index","follow":"follow","max-snippet":"max-snippet:-1","max-image-preview":"max-image-preview:large","max-video-preview":"max-video-preview:-1"},"canonical":"https:\/\/kubix.pl\/en\/produkt\/cable-trailer-twin-axle-braked-glowacz-gvw-3000kg\/","og_locale":"en_US","og_type":"article","og_title":"Cable trailer, twin-axle, braked G\u0141OWACZ GVW 3000kg -","og_description":"Solidna przyczepa kablowa dwuosiowa hamowana. Wyposa\u017cona w stabilny stojan transportowy. Brak tylnej belki u\u0142atwia monta\u017c b\u0119bn\u00f3w kablowych.","og_url":"https:\/\/kubix.pl\/en\/produkt\/cable-trailer-twin-axle-braked-glowacz-gvw-3000kg\/","og_site_name":"Kubix","article_modified_time":"2021-01-29T12:37:39+00:00","og_image":[{"width":640,"height":480,"url":"https:\/\/kubix.pl\/wp-content\/uploads\/2020\/11\/KUBIX-przyczepa-kablowa-zmocnione-b\u0142otniki-4.jpeg","type":"image\/jpeg"}],"twitter_card":"summary_large_image","twitter_misc":{"Est. reading time":"1 minute"},"schema":{"@context":"https:\/\/schema.org","@graph":[{"@type":"WebPage","@id":"https:\/\/kubix.pl\/en\/produkt\/cable-trailer-twin-axle-braked-glowacz-gvw-3000kg\/","url":"https:\/\/kubix.pl\/en\/produkt\/cable-trailer-twin-axle-braked-glowacz-gvw-3000kg\/","name":"Cable trailer, twin-axle, braked G\u0141OWACZ GVW 3000kg -","isPartOf":{"@id":"https:\/\/kubix.pl\/en\/#website"},"primaryImageOfPage":{"@id":"https:\/\/kubix.pl\/en\/produkt\/cable-trailer-twin-axle-braked-glowacz-gvw-3000kg\/#primaryimage"},"image":{"@id":"https:\/\/kubix.pl\/en\/produkt\/cable-trailer-twin-axle-braked-glowacz-gvw-3000kg\/#primaryimage"},"thumbnailUrl":"https:\/\/kubix.pl\/wp-content\/uploads\/2020\/11\/KUBIX-przyczepa-kablowa-zmocnione-b\u0142otniki-4.jpeg","datePublished":"2020-11-30T10:43:03+00:00","dateModified":"2021-01-29T12:37:39+00:00","description":"Solidna przyczepa kablowa dwuosiowa hamowana. Wyposa\u017cona w stabilny stojan transportowy. Brak tylnej belki u\u0142atwia monta\u017c b\u0119bn\u00f3w kablowych.","breadcrumb":{"@id":"https:\/\/kubix.pl\/en\/produkt\/cable-trailer-twin-axle-braked-glowacz-gvw-3000kg\/#breadcrumb"},"inLanguage":"en-US","potentialAction":[{"@type":"ReadAction","target":["https:\/\/kubix.pl\/en\/produkt\/cable-trailer-twin-axle-braked-glowacz-gvw-3000kg\/"]}]},{"@type":"ImageObject","inLanguage":"en-US","@id":"https:\/\/kubix.pl\/en\/produkt\/cable-trailer-twin-axle-braked-glowacz-gvw-3000kg\/#primaryimage","url":"https:\/\/kubix.pl\/wp-content\/uploads\/2020\/11\/KUBIX-przyczepa-kablowa-zmocnione-b\u0142otniki-4.jpeg","contentUrl":"https:\/\/kubix.pl\/wp-content\/uploads\/2020\/11\/KUBIX-przyczepa-kablowa-zmocnione-b\u0142otniki-4.jpeg","width":640,"height":480},{"@type":"BreadcrumbList","@id":"https:\/\/kubix.pl\/en\/produkt\/cable-trailer-twin-axle-braked-glowacz-gvw-3000kg\/#breadcrumb","itemListElement":[{"@type":"ListItem","position":1,"name":"Strona g\u0142\u00f3wna","item":"https:\/\/kubix.pl\/en\/"},{"@type":"ListItem","position":2,"name":"Sklep","item":"https:\/\/kubix.pl\/sklep\/"},{"@type":"ListItem","position":3,"name":"Cable trailer, twin-axle, braked G\u0141OWACZ GVW 3000kg"}]},{"@type":"WebSite","@id":"https:\/\/kubix.pl\/en\/#website","url":"https:\/\/kubix.pl\/en\/","name":"Kubix","description":"Przyczepy jednoosiowe, dwuosiowe","publisher":{"@id":"https:\/\/kubix.pl\/en\/#organization"},"potentialAction":[{"@type":"SearchAction","target":{"@type":"EntryPoint","urlTemplate":"https:\/\/kubix.pl\/en\/?s={search_term_string}"},"query-input":{"@type":"PropertyValueSpecification","valueRequired":true,"valueName":"search_term_string"}}],"inLanguage":"en-US"},{"@type":"Organization","@id":"https:\/\/kubix.pl\/en\/#organization","name":"Kubix","url":"https:\/\/kubix.pl\/en\/","logo":{"@type":"ImageObject","inLanguage":"en-US","@id":"https:\/\/kubix.pl\/en\/#\/schema\/logo\/image\/","url":"https:\/\/kubix.pl\/wp-content\/uploads\/2024\/11\/kubix.png","contentUrl":"https:\/\/kubix.pl\/wp-content\/uploads\/2024\/11\/kubix.png","width":375,"height":60,"caption":"Kubix"},"image":{"@id":"https:\/\/kubix.pl\/en\/#\/schema\/logo\/image\/"}}]}},"_links":{"self":[{"href":"https:\/\/kubix.pl\/en\/wp-json\/wp\/v2\/product\/10537","targetHints":{"allow":["GET"]}}],"collection":[{"href":"https:\/\/kubix.pl\/en\/wp-json\/wp\/v2\/product"}],"about":[{"href":"https:\/\/kubix.pl\/en\/wp-json\/wp\/v2\/types\/product"}],"wp:featuredmedia":[{"embeddable":true,"href":"https:\/\/kubix.pl\/en\/wp-json\/wp\/v2\/media\/10250"}],"wp:attachment":[{"href":"https:\/\/kubix.pl\/en\/wp-json\/wp\/v2\/media?parent=10537"}],"wp:term":[{"taxonomy":"product_brand","embeddable":true,"href":"https:\/\/kubix.pl\/en\/wp-json\/wp\/v2\/product_brand?post=10537"},{"taxonomy":"product_cat","embeddable":true,"href":"https:\/\/kubix.pl\/en\/wp-json\/wp\/v2\/product_cat?post=10537"},{"taxonomy":"product_tag","embeddable":true,"href":"https:\/\/kubix.pl\/en\/wp-json\/wp\/v2\/product_tag?post=10537"}],"curies":[{"name":"wp","href":"https:\/\/api.w.org\/{rel}","templated":true}]}}