{"id":10908,"date":"2018-09-22T10:59:53","date_gmt":"2018-09-22T08:59:53","guid":{"rendered":"https:\/\/kubix.pl\/produkt\/twin-axle-trailer-faro-magicus-263x150x35-gvw-750kg-wheels-under-the-box-sides-with-plywood\/"},"modified":"2021-01-22T12:48:49","modified_gmt":"2021-01-22T11:48:49","slug":"twin-axle-trailer-faro-magicus-263x150x35-gvw-750kg-wheels-under-the-box-sides-with-plywood","status":"publish","type":"product","link":"https:\/\/kubix.pl\/en\/produkt\/twin-axle-trailer-faro-magicus-263x150x35-gvw-750kg-wheels-under-the-box-sides-with-plywood\/","title":{"rendered":"Twin-axle trailer Faro Magicus 263x150x35, GVW 750kg, wheels under the box, sides with plywood"},"content":{"rendered":"<p style=\"text-align: justify\">The Faro Magicus is a very strong and solidly constructed, twin-axle, light trailer with a box dimensions of 263 x 150 x 35 cm. The wheels are located under the trailer platform. All sides are independently openable and removable. The sides are additionally reinforced with plywood, thanks to which we obtain unprecedented stiffness and durability. The corners can also be easily removed, giving you a flat platform for transporting larger loads. The trailer is on strong axles of the German brand KNOTT. The floor is made of 12 mm thick waterproof plywood.<\/p>\n<p style=\"text-align: justify\"><span style=\"color: #bd1515;font-size: 24pt\"><strong>Standard equipment<\/strong><\/span><\/p>\n<ul style=\"text-align: justify\">\n<li>2 non-braked axles by KNOTT<\/li>\n<li>Coupling head 1300kg<\/li>\n<li>Hot-dip galvanized construction<\/li>\n<li>Higher boards (35cm), all openable and removable (perfect for europallets transport &#8211; easy to load with a forklift)<\/li>\n<li>All boards covered with a plywood<\/li>\n<li>Drawbar made of galvanized sheet DX51D + Z275, screwed<\/li>\n<li>Floor made of non-slip, waterproof plywood, 12 mm thick<\/li>\n<li>Load securing handles hidden in the floor &#8211; 4 pcs<\/li>\n<li>Support wheel with a clamp<\/li>\n<li>165\/70 R13 wheels placed under the floor<\/li>\n<li>License plate frame<\/li>\n<li>12V electric installation (in compliance with road traffic regulations)<\/li>\n<li>7-pin plug<\/li>\n<\/ul>\n<p style=\"text-align: justify\"><span style=\"color: #bd1515;font-size: 18pt\"><strong>Additional equipment<\/strong><\/span><\/p>\n<ul style=\"text-align: justify\">\n<li>Flat tarpaulin<\/li>\n<li>Spare wheel<\/li>\n<li>Support<\/li>\n<li>Frame with a tarpaulin 150 cm high from the floor<\/li>\n<li>Frame with a tarpaulin 170 cm high from the floor<\/li>\n<\/ul>\n<p style=\"text-align: justify\"><span style=\"font-size: 8pt\">Information<\/span><\/p>\n<p style=\"text-align: justify\"><span style=\"font-size: 8pt\">The product description on the website came from producers and distributors pages, despite the effort while we add them, they could have some mistakes. Descriptions and photos are not basis for claims from our company. If you found some mistakes in our description, please let us know on the following e-mail address team@kubix.pl<\/span><\/p>\n","protected":false},"excerpt":{"rendered":"<p>Twin-axle trailer Faro Magicus 263x150x35 GVW 750 kg<\/p>\n","protected":false},"featured_media":11864,"template":"","meta":[],"product_brand":[],"product_cat":[1671,2434,2461],"product_tag":[2126,2070,2276,2125,2319,2036,2190,2477,2317,1760,2068,2069,2475,2476],"class_list":{"0":"post-10908","1":"product","2":"type-product","3":"status-publish","4":"has-post-thumbnail","6":"product_cat-single-axle-trailer-gvw-750kg","7":"product_cat-twin-axle-up-to-750kg","8":"product_cat-wheels-under-the-box-en","9":"product_tag-750-kg-en","10":"product_tag-anhaenger-en","11":"product_tag-dmc-750-en","12":"product_tag-dmc-750-kg-en","13":"product_tag-faro-en","14":"product_tag-lekka-en","15":"product_tag-light-trailer","16":"product_tag-removable-boards","17":"product_tag-strong","18":"product_tag-trailer-en","19":"product_tag-trailer-en-2","20":"product_tag-trailers-en","21":"product_tag-transporter-en","22":"product_tag-wheels-under-the-platform","23":"product_shipping_class-350-zl-en","25":"first","26":"instock","27":"sale","28":"taxable","29":"shipping-taxable","30":"purchasable","31":"product-type-simple"},"yoast_head":"<!-- This site is optimized with the Yoast SEO plugin v27.3 - https:\/\/yoast.com\/product\/yoast-seo-wordpress\/ -->\n<title>Twin-axle trailer Faro Magicus 263x150x35, GVW 750kg, wheels under the box, sides with plywood - Kubix<\/title>\n<meta name=\"robots\" content=\"index, follow, max-snippet:-1, max-image-preview:large, max-video-preview:-1\" \/>\n<link rel=\"canonical\" href=\"https:\/\/kubix.pl\/en\/produkt\/twin-axle-trailer-faro-magicus-263x150x35-gvw-750kg-wheels-under-the-box-sides-with-plywood\/\" \/>\n<meta property=\"og:locale\" content=\"en_US\" \/>\n<meta property=\"og:type\" content=\"article\" \/>\n<meta property=\"og:title\" content=\"Twin-axle trailer Faro Magicus 263x150x35, GVW 750kg, wheels under the box, sides with plywood - Kubix\" \/>\n<meta property=\"og:description\" content=\"Twin-axle trailer Faro Magicus 263x150x35 GVW 750 kg\" \/>\n<meta property=\"og:url\" content=\"https:\/\/kubix.pl\/en\/produkt\/twin-axle-trailer-faro-magicus-263x150x35-gvw-750kg-wheels-under-the-box-sides-with-plywood\/\" \/>\n<meta property=\"og:site_name\" content=\"Kubix\" \/>\n<meta property=\"article:modified_time\" content=\"2021-01-22T11:48:49+00:00\" \/>\n<meta name=\"twitter:card\" content=\"summary_large_image\" \/>\n<meta name=\"twitter:label1\" content=\"Est. reading time\" \/>\n\t<meta name=\"twitter:data1\" content=\"1 minute\" \/>\n<script type=\"application\/ld+json\" class=\"yoast-schema-graph\">{\"@context\":\"https:\\\/\\\/schema.org\",\"@graph\":[{\"@type\":\"WebPage\",\"@id\":\"https:\\\/\\\/kubix.pl\\\/en\\\/produkt\\\/twin-axle-trailer-faro-magicus-263x150x35-gvw-750kg-wheels-under-the-box-sides-with-plywood\\\/\",\"url\":\"https:\\\/\\\/kubix.pl\\\/en\\\/produkt\\\/twin-axle-trailer-faro-magicus-263x150x35-gvw-750kg-wheels-under-the-box-sides-with-plywood\\\/\",\"name\":\"Twin-axle trailer Faro Magicus 263x150x35, GVW 750kg, wheels under the box, sides with plywood - Kubix\",\"isPartOf\":{\"@id\":\"https:\\\/\\\/kubix.pl\\\/en\\\/#website\"},\"primaryImageOfPage\":{\"@id\":\"https:\\\/\\\/kubix.pl\\\/en\\\/produkt\\\/twin-axle-trailer-faro-magicus-263x150x35-gvw-750kg-wheels-under-the-box-sides-with-plywood\\\/#primaryimage\"},\"image\":{\"@id\":\"https:\\\/\\\/kubix.pl\\\/en\\\/produkt\\\/twin-axle-trailer-faro-magicus-263x150x35-gvw-750kg-wheels-under-the-box-sides-with-plywood\\\/#primaryimage\"},\"thumbnailUrl\":\"https:\\\/\\\/kubix.pl\\\/wp-content\\\/uploads\\\/2018\\\/09\\\/MagicusFaro-1.jpg\",\"datePublished\":\"2018-09-22T08:59:53+00:00\",\"dateModified\":\"2021-01-22T11:48:49+00:00\",\"breadcrumb\":{\"@id\":\"https:\\\/\\\/kubix.pl\\\/en\\\/produkt\\\/twin-axle-trailer-faro-magicus-263x150x35-gvw-750kg-wheels-under-the-box-sides-with-plywood\\\/#breadcrumb\"},\"inLanguage\":\"en-US\",\"potentialAction\":[{\"@type\":\"ReadAction\",\"target\":[\"https:\\\/\\\/kubix.pl\\\/en\\\/produkt\\\/twin-axle-trailer-faro-magicus-263x150x35-gvw-750kg-wheels-under-the-box-sides-with-plywood\\\/\"]}]},{\"@type\":\"ImageObject\",\"inLanguage\":\"en-US\",\"@id\":\"https:\\\/\\\/kubix.pl\\\/en\\\/produkt\\\/twin-axle-trailer-faro-magicus-263x150x35-gvw-750kg-wheels-under-the-box-sides-with-plywood\\\/#primaryimage\",\"url\":\"https:\\\/\\\/kubix.pl\\\/wp-content\\\/uploads\\\/2018\\\/09\\\/MagicusFaro-1.jpg\",\"contentUrl\":\"https:\\\/\\\/kubix.pl\\\/wp-content\\\/uploads\\\/2018\\\/09\\\/MagicusFaro-1.jpg\",\"width\":1600,\"height\":1065,\"caption\":\"Magicus Faro - przyczepa dwuosiowa, ko\u0142a pod pod\u0142og\u0105\"},{\"@type\":\"BreadcrumbList\",\"@id\":\"https:\\\/\\\/kubix.pl\\\/en\\\/produkt\\\/twin-axle-trailer-faro-magicus-263x150x35-gvw-750kg-wheels-under-the-box-sides-with-plywood\\\/#breadcrumb\",\"itemListElement\":[{\"@type\":\"ListItem\",\"position\":1,\"name\":\"Strona g\u0142\u00f3wna\",\"item\":\"https:\\\/\\\/kubix.pl\\\/en\\\/\"},{\"@type\":\"ListItem\",\"position\":2,\"name\":\"Sklep\",\"item\":\"https:\\\/\\\/kubix.pl\\\/sklep\\\/\"},{\"@type\":\"ListItem\",\"position\":3,\"name\":\"Twin-axle trailer Faro Magicus 263x150x35, GVW 750kg, wheels under the box, sides with plywood\"}]},{\"@type\":\"WebSite\",\"@id\":\"https:\\\/\\\/kubix.pl\\\/en\\\/#website\",\"url\":\"https:\\\/\\\/kubix.pl\\\/en\\\/\",\"name\":\"Kubix\",\"description\":\"Przyczepy jednoosiowe, dwuosiowe\",\"publisher\":{\"@id\":\"https:\\\/\\\/kubix.pl\\\/en\\\/#organization\"},\"potentialAction\":[{\"@type\":\"SearchAction\",\"target\":{\"@type\":\"EntryPoint\",\"urlTemplate\":\"https:\\\/\\\/kubix.pl\\\/en\\\/?s={search_term_string}\"},\"query-input\":{\"@type\":\"PropertyValueSpecification\",\"valueRequired\":true,\"valueName\":\"search_term_string\"}}],\"inLanguage\":\"en-US\"},{\"@type\":\"Organization\",\"@id\":\"https:\\\/\\\/kubix.pl\\\/en\\\/#organization\",\"name\":\"Kubix\",\"url\":\"https:\\\/\\\/kubix.pl\\\/en\\\/\",\"logo\":{\"@type\":\"ImageObject\",\"inLanguage\":\"en-US\",\"@id\":\"https:\\\/\\\/kubix.pl\\\/en\\\/#\\\/schema\\\/logo\\\/image\\\/\",\"url\":\"https:\\\/\\\/kubix.pl\\\/wp-content\\\/uploads\\\/2024\\\/11\\\/kubix.png\",\"contentUrl\":\"https:\\\/\\\/kubix.pl\\\/wp-content\\\/uploads\\\/2024\\\/11\\\/kubix.png\",\"width\":375,\"height\":60,\"caption\":\"Kubix\"},\"image\":{\"@id\":\"https:\\\/\\\/kubix.pl\\\/en\\\/#\\\/schema\\\/logo\\\/image\\\/\"}}]}<\/script>\n<!-- \/ Yoast SEO plugin. -->","yoast_head_json":{"title":"Twin-axle trailer Faro Magicus 263x150x35, GVW 750kg, wheels under the box, sides with plywood - Kubix","robots":{"index":"index","follow":"follow","max-snippet":"max-snippet:-1","max-image-preview":"max-image-preview:large","max-video-preview":"max-video-preview:-1"},"canonical":"https:\/\/kubix.pl\/en\/produkt\/twin-axle-trailer-faro-magicus-263x150x35-gvw-750kg-wheels-under-the-box-sides-with-plywood\/","og_locale":"en_US","og_type":"article","og_title":"Twin-axle trailer Faro Magicus 263x150x35, GVW 750kg, wheels under the box, sides with plywood - Kubix","og_description":"Twin-axle trailer Faro Magicus 263x150x35 GVW 750 kg","og_url":"https:\/\/kubix.pl\/en\/produkt\/twin-axle-trailer-faro-magicus-263x150x35-gvw-750kg-wheels-under-the-box-sides-with-plywood\/","og_site_name":"Kubix","article_modified_time":"2021-01-22T11:48:49+00:00","twitter_card":"summary_large_image","twitter_misc":{"Est. reading time":"1 minute"},"schema":{"@context":"https:\/\/schema.org","@graph":[{"@type":"WebPage","@id":"https:\/\/kubix.pl\/en\/produkt\/twin-axle-trailer-faro-magicus-263x150x35-gvw-750kg-wheels-under-the-box-sides-with-plywood\/","url":"https:\/\/kubix.pl\/en\/produkt\/twin-axle-trailer-faro-magicus-263x150x35-gvw-750kg-wheels-under-the-box-sides-with-plywood\/","name":"Twin-axle trailer Faro Magicus 263x150x35, GVW 750kg, wheels under the box, sides with plywood - Kubix","isPartOf":{"@id":"https:\/\/kubix.pl\/en\/#website"},"primaryImageOfPage":{"@id":"https:\/\/kubix.pl\/en\/produkt\/twin-axle-trailer-faro-magicus-263x150x35-gvw-750kg-wheels-under-the-box-sides-with-plywood\/#primaryimage"},"image":{"@id":"https:\/\/kubix.pl\/en\/produkt\/twin-axle-trailer-faro-magicus-263x150x35-gvw-750kg-wheels-under-the-box-sides-with-plywood\/#primaryimage"},"thumbnailUrl":"https:\/\/kubix.pl\/wp-content\/uploads\/2018\/09\/MagicusFaro-1.jpg","datePublished":"2018-09-22T08:59:53+00:00","dateModified":"2021-01-22T11:48:49+00:00","breadcrumb":{"@id":"https:\/\/kubix.pl\/en\/produkt\/twin-axle-trailer-faro-magicus-263x150x35-gvw-750kg-wheels-under-the-box-sides-with-plywood\/#breadcrumb"},"inLanguage":"en-US","potentialAction":[{"@type":"ReadAction","target":["https:\/\/kubix.pl\/en\/produkt\/twin-axle-trailer-faro-magicus-263x150x35-gvw-750kg-wheels-under-the-box-sides-with-plywood\/"]}]},{"@type":"ImageObject","inLanguage":"en-US","@id":"https:\/\/kubix.pl\/en\/produkt\/twin-axle-trailer-faro-magicus-263x150x35-gvw-750kg-wheels-under-the-box-sides-with-plywood\/#primaryimage","url":"https:\/\/kubix.pl\/wp-content\/uploads\/2018\/09\/MagicusFaro-1.jpg","contentUrl":"https:\/\/kubix.pl\/wp-content\/uploads\/2018\/09\/MagicusFaro-1.jpg","width":1600,"height":1065,"caption":"Magicus Faro - przyczepa dwuosiowa, ko\u0142a pod pod\u0142og\u0105"},{"@type":"BreadcrumbList","@id":"https:\/\/kubix.pl\/en\/produkt\/twin-axle-trailer-faro-magicus-263x150x35-gvw-750kg-wheels-under-the-box-sides-with-plywood\/#breadcrumb","itemListElement":[{"@type":"ListItem","position":1,"name":"Strona g\u0142\u00f3wna","item":"https:\/\/kubix.pl\/en\/"},{"@type":"ListItem","position":2,"name":"Sklep","item":"https:\/\/kubix.pl\/sklep\/"},{"@type":"ListItem","position":3,"name":"Twin-axle trailer Faro Magicus 263x150x35, GVW 750kg, wheels under the box, sides with plywood"}]},{"@type":"WebSite","@id":"https:\/\/kubix.pl\/en\/#website","url":"https:\/\/kubix.pl\/en\/","name":"Kubix","description":"Przyczepy jednoosiowe, dwuosiowe","publisher":{"@id":"https:\/\/kubix.pl\/en\/#organization"},"potentialAction":[{"@type":"SearchAction","target":{"@type":"EntryPoint","urlTemplate":"https:\/\/kubix.pl\/en\/?s={search_term_string}"},"query-input":{"@type":"PropertyValueSpecification","valueRequired":true,"valueName":"search_term_string"}}],"inLanguage":"en-US"},{"@type":"Organization","@id":"https:\/\/kubix.pl\/en\/#organization","name":"Kubix","url":"https:\/\/kubix.pl\/en\/","logo":{"@type":"ImageObject","inLanguage":"en-US","@id":"https:\/\/kubix.pl\/en\/#\/schema\/logo\/image\/","url":"https:\/\/kubix.pl\/wp-content\/uploads\/2024\/11\/kubix.png","contentUrl":"https:\/\/kubix.pl\/wp-content\/uploads\/2024\/11\/kubix.png","width":375,"height":60,"caption":"Kubix"},"image":{"@id":"https:\/\/kubix.pl\/en\/#\/schema\/logo\/image\/"}}]}},"_links":{"self":[{"href":"https:\/\/kubix.pl\/en\/wp-json\/wp\/v2\/product\/10908","targetHints":{"allow":["GET"]}}],"collection":[{"href":"https:\/\/kubix.pl\/en\/wp-json\/wp\/v2\/product"}],"about":[{"href":"https:\/\/kubix.pl\/en\/wp-json\/wp\/v2\/types\/product"}],"wp:featuredmedia":[{"embeddable":true,"href":"https:\/\/kubix.pl\/en\/wp-json\/wp\/v2\/media\/11864"}],"wp:attachment":[{"href":"https:\/\/kubix.pl\/en\/wp-json\/wp\/v2\/media?parent=10908"}],"wp:term":[{"taxonomy":"product_brand","embeddable":true,"href":"https:\/\/kubix.pl\/en\/wp-json\/wp\/v2\/product_brand?post=10908"},{"taxonomy":"product_cat","embeddable":true,"href":"https:\/\/kubix.pl\/en\/wp-json\/wp\/v2\/product_cat?post=10908"},{"taxonomy":"product_tag","embeddable":true,"href":"https:\/\/kubix.pl\/en\/wp-json\/wp\/v2\/product_tag?post=10908"}],"curies":[{"name":"wp","href":"https:\/\/api.w.org\/{rel}","templated":true}]}}