{"id":10943,"date":"2015-09-10T22:54:38","date_gmt":"2015-09-10T20:54:38","guid":{"rendered":"https:\/\/kubix.pl\/produkt\/c2537ht-niewiadow-twin-axle-braked-heavy-duty-trailer-gvw-2500kg\/"},"modified":"2015-09-10T22:54:38","modified_gmt":"2015-09-10T20:54:38","slug":"c2537ht-niewiadow-twin-axle-braked-heavy-duty-trailer-gvw-2500kg","status":"publish","type":"product","link":"https:\/\/kubix.pl\/en\/produkt\/c2537ht-niewiadow-twin-axle-braked-heavy-duty-trailer-gvw-2500kg\/","title":{"rendered":"C2537HT Niewiad\u00f3w twin-axle braked heavy duty trailer GVW 2500kg"},"content":{"rendered":"<p style=\"text-align: justify\">Twin-axle trailers by Niewiad\u00f3w from the Business line are extremely durable. They are designed for intensive use. Increased load capacity and dimensions (from 3,3m to over 6m) make this product perfect for those, who use trailers daily. Reliable design and the possibility of adding some extra pieces of equipment (side extensions, polyester covers and tarpaulins) allow our customers to create a trailer according to their needs.<\/p>\n<p style=\"text-align: justify\"><span style=\"color: #bd1515;font-size: 24pt\"><strong>Standard equipment<\/strong><\/span><\/p>\n<ul style=\"text-align: justify\">\n<li>Overrun device 2500 kg KNOTT<\/li>\n<li>Braked axle 2x1300kg KNOTT<\/li>\n<li>Hot-dip galvanized construction<\/li>\n<li>Non-slip plywood floor<\/li>\n<li>Wheels 185R13C<\/li>\n<li>Wheels under the trailer<\/li>\n<li>Support wheel with a clamp<\/li>\n<\/ul>\n<p style=\"text-align: justify\"><span style=\"color: #bd1515;font-size: 18pt\"><strong>Additional equipment<\/strong><\/span><\/p>\n<ul style=\"text-align: justify\">\n<li>Navy blue custom sheet with a frame H=1500<\/li>\n<li>Spare wheel support<\/li>\n<li>Spare wheel 185R13C<\/li>\n<\/ul>\n<p style=\"text-align: justify\"><span style=\"font-size: 8pt\">Information<\/span><\/p>\n<p style=\"text-align: justify\"><span style=\"font-size: 8pt\">The product description on the website came from producers and distributors pages, despite the effort while we add them, they could have some mistakes. Descriptions and photos are not basis for claims from our company. If you found some mistakes in our description, please let us know on the following e-mail address team@kubix.pl<\/span><\/p>\n","protected":false},"excerpt":{"rendered":"<p>C2537HT Niewiad\u00f3w twin-axle heavy duty trailer<\/p>\n","protected":false},"featured_media":216,"template":"","meta":[],"product_brand":[],"product_cat":[3081,2499],"product_tag":[2558,2529,1727,2344,2066,2480,2551],"class_list":{"0":"post-10943","1":"product","2":"type-product","3":"status-publish","4":"has-post-thumbnail","6":"product_cat-niewiadow-trailers","7":"product_cat-heavy-duty-trailers-over-750kg","8":"product_tag-c2537ht-en","9":"product_tag-heavy-duty-trailer","10":"product_tag-niewiadow-en","11":"product_tag-niewiadow-trailers","12":"product_tag-platform","13":"product_tag-twin-axle-trailer","14":"product_tag-wheels-underneath","15":"product_shipping_class-500-zl-en","17":"first","18":"onbackorder","19":"taxable","20":"shipping-taxable","21":"purchasable","22":"product-type-simple"},"yoast_head":"<!-- This site is optimized with the Yoast SEO plugin v27.3 - https:\/\/yoast.com\/product\/yoast-seo-wordpress\/ -->\n<title>C2537HT Niewiad\u00f3w twin-axle braked heavy duty trailer GVW 2500kg - Kubix<\/title>\n<meta name=\"robots\" content=\"index, follow, max-snippet:-1, max-image-preview:large, max-video-preview:-1\" \/>\n<link rel=\"canonical\" href=\"https:\/\/kubix.pl\/en\/produkt\/c2537ht-niewiadow-twin-axle-braked-heavy-duty-trailer-gvw-2500kg\/\" \/>\n<meta property=\"og:locale\" content=\"en_US\" \/>\n<meta property=\"og:type\" content=\"article\" \/>\n<meta property=\"og:title\" content=\"C2537HT Niewiad\u00f3w twin-axle braked heavy duty trailer GVW 2500kg - Kubix\" \/>\n<meta property=\"og:description\" content=\"C2537HT Niewiad\u00f3w twin-axle heavy duty trailer\" \/>\n<meta property=\"og:url\" content=\"https:\/\/kubix.pl\/en\/produkt\/c2537ht-niewiadow-twin-axle-braked-heavy-duty-trailer-gvw-2500kg\/\" \/>\n<meta property=\"og:site_name\" content=\"Kubix\" \/>\n<meta name=\"twitter:card\" content=\"summary_large_image\" \/>\n<meta name=\"twitter:label1\" content=\"Est. reading time\" \/>\n\t<meta name=\"twitter:data1\" content=\"1 minute\" \/>\n<script type=\"application\/ld+json\" class=\"yoast-schema-graph\">{\"@context\":\"https:\\\/\\\/schema.org\",\"@graph\":[{\"@type\":\"WebPage\",\"@id\":\"https:\\\/\\\/kubix.pl\\\/en\\\/produkt\\\/c2537ht-niewiadow-twin-axle-braked-heavy-duty-trailer-gvw-2500kg\\\/\",\"url\":\"https:\\\/\\\/kubix.pl\\\/en\\\/produkt\\\/c2537ht-niewiadow-twin-axle-braked-heavy-duty-trailer-gvw-2500kg\\\/\",\"name\":\"C2537HT Niewiad\u00f3w twin-axle braked heavy duty trailer GVW 2500kg - Kubix\",\"isPartOf\":{\"@id\":\"https:\\\/\\\/kubix.pl\\\/en\\\/#website\"},\"primaryImageOfPage\":{\"@id\":\"https:\\\/\\\/kubix.pl\\\/en\\\/produkt\\\/c2537ht-niewiadow-twin-axle-braked-heavy-duty-trailer-gvw-2500kg\\\/#primaryimage\"},\"image\":{\"@id\":\"https:\\\/\\\/kubix.pl\\\/en\\\/produkt\\\/c2537ht-niewiadow-twin-axle-braked-heavy-duty-trailer-gvw-2500kg\\\/#primaryimage\"},\"thumbnailUrl\":\"https:\\\/\\\/kubix.pl\\\/wp-content\\\/uploads\\\/2015\\\/09\\\/138-C2537HT-Niewiadow-przyczepa-ciezarowa-dwuosiowa.jpg\",\"datePublished\":\"2015-09-10T20:54:38+00:00\",\"breadcrumb\":{\"@id\":\"https:\\\/\\\/kubix.pl\\\/en\\\/produkt\\\/c2537ht-niewiadow-twin-axle-braked-heavy-duty-trailer-gvw-2500kg\\\/#breadcrumb\"},\"inLanguage\":\"en-US\",\"potentialAction\":[{\"@type\":\"ReadAction\",\"target\":[\"https:\\\/\\\/kubix.pl\\\/en\\\/produkt\\\/c2537ht-niewiadow-twin-axle-braked-heavy-duty-trailer-gvw-2500kg\\\/\"]}]},{\"@type\":\"ImageObject\",\"inLanguage\":\"en-US\",\"@id\":\"https:\\\/\\\/kubix.pl\\\/en\\\/produkt\\\/c2537ht-niewiadow-twin-axle-braked-heavy-duty-trailer-gvw-2500kg\\\/#primaryimage\",\"url\":\"https:\\\/\\\/kubix.pl\\\/wp-content\\\/uploads\\\/2015\\\/09\\\/138-C2537HT-Niewiadow-przyczepa-ciezarowa-dwuosiowa.jpg\",\"contentUrl\":\"https:\\\/\\\/kubix.pl\\\/wp-content\\\/uploads\\\/2015\\\/09\\\/138-C2537HT-Niewiadow-przyczepa-ciezarowa-dwuosiowa.jpg\",\"width\":320,\"height\":240,\"caption\":\"C2537HT Niewiad\u00f3w przyczepa ci\u0119\u017carowa dwuosiowa\"},{\"@type\":\"BreadcrumbList\",\"@id\":\"https:\\\/\\\/kubix.pl\\\/en\\\/produkt\\\/c2537ht-niewiadow-twin-axle-braked-heavy-duty-trailer-gvw-2500kg\\\/#breadcrumb\",\"itemListElement\":[{\"@type\":\"ListItem\",\"position\":1,\"name\":\"Strona g\u0142\u00f3wna\",\"item\":\"https:\\\/\\\/kubix.pl\\\/en\\\/\"},{\"@type\":\"ListItem\",\"position\":2,\"name\":\"Sklep\",\"item\":\"https:\\\/\\\/kubix.pl\\\/sklep\\\/\"},{\"@type\":\"ListItem\",\"position\":3,\"name\":\"C2537HT Niewiad\u00f3w twin-axle braked heavy duty trailer GVW 2500kg\"}]},{\"@type\":\"WebSite\",\"@id\":\"https:\\\/\\\/kubix.pl\\\/en\\\/#website\",\"url\":\"https:\\\/\\\/kubix.pl\\\/en\\\/\",\"name\":\"Kubix\",\"description\":\"Przyczepy jednoosiowe, dwuosiowe\",\"publisher\":{\"@id\":\"https:\\\/\\\/kubix.pl\\\/en\\\/#organization\"},\"potentialAction\":[{\"@type\":\"SearchAction\",\"target\":{\"@type\":\"EntryPoint\",\"urlTemplate\":\"https:\\\/\\\/kubix.pl\\\/en\\\/?s={search_term_string}\"},\"query-input\":{\"@type\":\"PropertyValueSpecification\",\"valueRequired\":true,\"valueName\":\"search_term_string\"}}],\"inLanguage\":\"en-US\"},{\"@type\":\"Organization\",\"@id\":\"https:\\\/\\\/kubix.pl\\\/en\\\/#organization\",\"name\":\"Kubix\",\"url\":\"https:\\\/\\\/kubix.pl\\\/en\\\/\",\"logo\":{\"@type\":\"ImageObject\",\"inLanguage\":\"en-US\",\"@id\":\"https:\\\/\\\/kubix.pl\\\/en\\\/#\\\/schema\\\/logo\\\/image\\\/\",\"url\":\"https:\\\/\\\/kubix.pl\\\/wp-content\\\/uploads\\\/2024\\\/11\\\/kubix.png\",\"contentUrl\":\"https:\\\/\\\/kubix.pl\\\/wp-content\\\/uploads\\\/2024\\\/11\\\/kubix.png\",\"width\":375,\"height\":60,\"caption\":\"Kubix\"},\"image\":{\"@id\":\"https:\\\/\\\/kubix.pl\\\/en\\\/#\\\/schema\\\/logo\\\/image\\\/\"}}]}<\/script>\n<!-- \/ Yoast SEO plugin. -->","yoast_head_json":{"title":"C2537HT Niewiad\u00f3w twin-axle braked heavy duty trailer GVW 2500kg - Kubix","robots":{"index":"index","follow":"follow","max-snippet":"max-snippet:-1","max-image-preview":"max-image-preview:large","max-video-preview":"max-video-preview:-1"},"canonical":"https:\/\/kubix.pl\/en\/produkt\/c2537ht-niewiadow-twin-axle-braked-heavy-duty-trailer-gvw-2500kg\/","og_locale":"en_US","og_type":"article","og_title":"C2537HT Niewiad\u00f3w twin-axle braked heavy duty trailer GVW 2500kg - Kubix","og_description":"C2537HT Niewiad\u00f3w twin-axle heavy duty trailer","og_url":"https:\/\/kubix.pl\/en\/produkt\/c2537ht-niewiadow-twin-axle-braked-heavy-duty-trailer-gvw-2500kg\/","og_site_name":"Kubix","twitter_card":"summary_large_image","twitter_misc":{"Est. reading time":"1 minute"},"schema":{"@context":"https:\/\/schema.org","@graph":[{"@type":"WebPage","@id":"https:\/\/kubix.pl\/en\/produkt\/c2537ht-niewiadow-twin-axle-braked-heavy-duty-trailer-gvw-2500kg\/","url":"https:\/\/kubix.pl\/en\/produkt\/c2537ht-niewiadow-twin-axle-braked-heavy-duty-trailer-gvw-2500kg\/","name":"C2537HT Niewiad\u00f3w twin-axle braked heavy duty trailer GVW 2500kg - Kubix","isPartOf":{"@id":"https:\/\/kubix.pl\/en\/#website"},"primaryImageOfPage":{"@id":"https:\/\/kubix.pl\/en\/produkt\/c2537ht-niewiadow-twin-axle-braked-heavy-duty-trailer-gvw-2500kg\/#primaryimage"},"image":{"@id":"https:\/\/kubix.pl\/en\/produkt\/c2537ht-niewiadow-twin-axle-braked-heavy-duty-trailer-gvw-2500kg\/#primaryimage"},"thumbnailUrl":"https:\/\/kubix.pl\/wp-content\/uploads\/2015\/09\/138-C2537HT-Niewiadow-przyczepa-ciezarowa-dwuosiowa.jpg","datePublished":"2015-09-10T20:54:38+00:00","breadcrumb":{"@id":"https:\/\/kubix.pl\/en\/produkt\/c2537ht-niewiadow-twin-axle-braked-heavy-duty-trailer-gvw-2500kg\/#breadcrumb"},"inLanguage":"en-US","potentialAction":[{"@type":"ReadAction","target":["https:\/\/kubix.pl\/en\/produkt\/c2537ht-niewiadow-twin-axle-braked-heavy-duty-trailer-gvw-2500kg\/"]}]},{"@type":"ImageObject","inLanguage":"en-US","@id":"https:\/\/kubix.pl\/en\/produkt\/c2537ht-niewiadow-twin-axle-braked-heavy-duty-trailer-gvw-2500kg\/#primaryimage","url":"https:\/\/kubix.pl\/wp-content\/uploads\/2015\/09\/138-C2537HT-Niewiadow-przyczepa-ciezarowa-dwuosiowa.jpg","contentUrl":"https:\/\/kubix.pl\/wp-content\/uploads\/2015\/09\/138-C2537HT-Niewiadow-przyczepa-ciezarowa-dwuosiowa.jpg","width":320,"height":240,"caption":"C2537HT Niewiad\u00f3w przyczepa ci\u0119\u017carowa dwuosiowa"},{"@type":"BreadcrumbList","@id":"https:\/\/kubix.pl\/en\/produkt\/c2537ht-niewiadow-twin-axle-braked-heavy-duty-trailer-gvw-2500kg\/#breadcrumb","itemListElement":[{"@type":"ListItem","position":1,"name":"Strona g\u0142\u00f3wna","item":"https:\/\/kubix.pl\/en\/"},{"@type":"ListItem","position":2,"name":"Sklep","item":"https:\/\/kubix.pl\/sklep\/"},{"@type":"ListItem","position":3,"name":"C2537HT Niewiad\u00f3w twin-axle braked heavy duty trailer GVW 2500kg"}]},{"@type":"WebSite","@id":"https:\/\/kubix.pl\/en\/#website","url":"https:\/\/kubix.pl\/en\/","name":"Kubix","description":"Przyczepy jednoosiowe, dwuosiowe","publisher":{"@id":"https:\/\/kubix.pl\/en\/#organization"},"potentialAction":[{"@type":"SearchAction","target":{"@type":"EntryPoint","urlTemplate":"https:\/\/kubix.pl\/en\/?s={search_term_string}"},"query-input":{"@type":"PropertyValueSpecification","valueRequired":true,"valueName":"search_term_string"}}],"inLanguage":"en-US"},{"@type":"Organization","@id":"https:\/\/kubix.pl\/en\/#organization","name":"Kubix","url":"https:\/\/kubix.pl\/en\/","logo":{"@type":"ImageObject","inLanguage":"en-US","@id":"https:\/\/kubix.pl\/en\/#\/schema\/logo\/image\/","url":"https:\/\/kubix.pl\/wp-content\/uploads\/2024\/11\/kubix.png","contentUrl":"https:\/\/kubix.pl\/wp-content\/uploads\/2024\/11\/kubix.png","width":375,"height":60,"caption":"Kubix"},"image":{"@id":"https:\/\/kubix.pl\/en\/#\/schema\/logo\/image\/"}}]}},"_links":{"self":[{"href":"https:\/\/kubix.pl\/en\/wp-json\/wp\/v2\/product\/10943","targetHints":{"allow":["GET"]}}],"collection":[{"href":"https:\/\/kubix.pl\/en\/wp-json\/wp\/v2\/product"}],"about":[{"href":"https:\/\/kubix.pl\/en\/wp-json\/wp\/v2\/types\/product"}],"wp:featuredmedia":[{"embeddable":true,"href":"https:\/\/kubix.pl\/en\/wp-json\/wp\/v2\/media\/216"}],"wp:attachment":[{"href":"https:\/\/kubix.pl\/en\/wp-json\/wp\/v2\/media?parent=10943"}],"wp:term":[{"taxonomy":"product_brand","embeddable":true,"href":"https:\/\/kubix.pl\/en\/wp-json\/wp\/v2\/product_brand?post=10943"},{"taxonomy":"product_cat","embeddable":true,"href":"https:\/\/kubix.pl\/en\/wp-json\/wp\/v2\/product_cat?post=10943"},{"taxonomy":"product_tag","embeddable":true,"href":"https:\/\/kubix.pl\/en\/wp-json\/wp\/v2\/product_tag?post=10943"}],"curies":[{"name":"wp","href":"https:\/\/api.w.org\/{rel}","templated":true}]}}