{"id":10996,"date":"2020-11-05T13:13:45","date_gmt":"2020-11-05T12:13:45","guid":{"rendered":"https:\/\/kubix.pl\/produkt\/boro-atlas-twin-axle-braked-trailer-car-hauler-620x250-gvw-2700-kg\/"},"modified":"2020-11-05T13:13:45","modified_gmt":"2020-11-05T12:13:45","slug":"boro-atlas-twin-axle-braked-trailer-car-hauler-620x250-gvw-2700-kg","status":"publish","type":"product","link":"https:\/\/kubix.pl\/en\/produkt\/boro-atlas-twin-axle-braked-trailer-car-hauler-620x250-gvw-2700-kg\/","title":{"rendered":"BORO ATLAS twin-axle, braked trailer-car hauler, 620\u00d7250, GVW 2700 kg"},"content":{"rendered":"<p style=\"text-align: justify\"><span style=\"font-size: 18pt\">BORO ATLAS twin-axle trailer-car hauler\u00a0<\/span><\/p>\n<p style=\"text-align: justify\">Universal platform, twin-axle trailer-car hauler\u00a0 BORO ATLAS designed for the transport of passenger cars, MOBILE HOUSES and various goods. Both axles are braked, 1,350 kg each. Overrun device 2700 kg by AL-KO or KNOTT. Ramps made of perforated steel sheet, hot-dip galvanized, 2 meters long. The possibility of adjusting the spacing of the loading ramps allows for convenient loading of many vehicles. Optionally, the trailer can be equipped with aluminum sides and a tarpaulin. BORO ATLAS is equipped with 8 load handles. The supporting frame of the caravan is made of high-strength steel, hot-dip galvanized. The transport surface is made of laminated board, which makes it WATERPROOF and has anti-slip properties. The trailer is equipped with 185 R14C wheels with a spare wheel. 12V \/ 24V lighting installation.<\/p>\n<p style=\"text-align: justify\"><span style=\"color: #bd1515;font-size: 24pt\"><strong>Standard equipment<\/strong><\/span><\/p>\n<ul style=\"text-align: justify\">\n<li>Overrun device 2700kg AL-KO\/KNOTT<\/li>\n<li>2 braked axles, 1350kg each AL-KO\/KNOTT with compact bearing<\/li>\n<li>Drawbar made of metal sheet, hot-dip galvanized, screwed<\/li>\n<li>Frame made of metal sheet, hot-dip galvanized<\/li>\n<li>Ramps made of perforated steel sheet, hot-dip galvanized, 2m long<\/li>\n<li>Metal mudguards<\/li>\n<li>Railing<\/li>\n<li>Anti-mud guards<\/li>\n<li>Wheels 185 R14C<\/li>\n<li>Spare wheel<\/li>\n<li>Support wheel<\/li>\n<li>Ramp&#8217;s wedges<\/li>\n<li>Manual winch<\/li>\n<li>12V\/24V electric installation (in compliance with rad traffic regulations)<\/li>\n<\/ul>\n<p style=\"text-align: justify\"><span style=\"color: #bd1515;font-size: 18pt\"><strong>Additional equipment<\/strong><\/span><\/p>\n<ul style=\"text-align: justify\">\n<li>Wider ramps<\/li>\n<li>Winch AL-KO 900kg<\/li>\n<li>Shock absorbers<\/li>\n<li>Wheels 13&#8243;C or 10&#8243;C<\/li>\n<li>Anti-theft device<\/li>\n<\/ul>\n<p style=\"text-align: justify\">\n<p style=\"text-align: justify\"><span style=\"font-size: 8pt\">Information<\/span><\/p>\n<p style=\"text-align: justify\"><span style=\"font-size: 8pt\">The product description on the website came from producers and distributors pages, despite the effort while we add them, they could have some mistakes. Descriptions and photos are not basis for claims from our company. If you found some mistakes in our description, please let us know on the following e-mail address team@kubix.pl<\/span><\/p>\n","protected":false},"excerpt":{"rendered":"<p>BORO Atlas GVW 2700kg<\/p>\n","protected":false},"featured_media":10156,"template":"","meta":[],"product_brand":[],"product_cat":[3081,1671,2605],"product_tag":[2611,2609,2667,2666,2502,2067,2132,2606,2127,2607,2612,1727,2343,1837],"class_list":{"0":"post-10996","1":"product","2":"type-product","3":"status-publish","4":"has-post-thumbnail","6":"product_cat-niewiadow-trailers","7":"product_cat-single-axle-trailer-gvw-750kg","8":"product_cat-vehicle-transporters","9":"product_tag-1400-en","10":"product_tag-2700-en","11":"product_tag-3000-en","12":"product_tag-3000kg-en","13":"product_tag-al-ko-en","14":"product_tag-braked-en","15":"product_tag-car-hauler","16":"product_tag-car-transporter","17":"product_tag-dmc-en","18":"product_tag-knott-en","19":"product_tag-new-trailers-en","20":"product_tag-niewiadow-en","21":"product_tag-niewiadow-trailer-en","22":"product_tag-two-axle-en","23":"product_shipping_class-500-zl-en","25":"first","26":"onbackorder","27":"taxable","28":"shipping-taxable","29":"purchasable","30":"product-type-simple"},"yoast_head":"<!-- This site is optimized with the Yoast SEO plugin v27.4 - https:\/\/yoast.com\/product\/yoast-seo-wordpress\/ -->\n<title>BORO ATLAS przyczepo-laweta dwuosiowa - Kubix<\/title>\n<meta name=\"description\" content=\"BORO ATLAS przyczepo-laweta dwuosiowa to UNIWERSALNA PLATFORMA przeznaczona do przewozu samochod\u00f3w oraz r\u00f3\u017cnych towar\u00f3w oraz DOMK\u00d3W MOBILNYCH\" \/>\n<meta name=\"robots\" content=\"index, follow, max-snippet:-1, max-image-preview:large, max-video-preview:-1\" \/>\n<link rel=\"canonical\" href=\"https:\/\/kubix.pl\/en\/produkt\/boro-atlas-twin-axle-braked-trailer-car-hauler-620x250-gvw-2700-kg\/\" \/>\n<meta property=\"og:locale\" content=\"en_US\" \/>\n<meta property=\"og:type\" content=\"article\" \/>\n<meta property=\"og:title\" content=\"BORO ATLAS przyczepo-laweta dwuosiowa - Kubix\" \/>\n<meta property=\"og:description\" content=\"BORO ATLAS przyczepo-laweta dwuosiowa to UNIWERSALNA PLATFORMA przeznaczona do przewozu samochod\u00f3w oraz r\u00f3\u017cnych towar\u00f3w oraz DOMK\u00d3W MOBILNYCH\" \/>\n<meta property=\"og:url\" content=\"https:\/\/kubix.pl\/en\/produkt\/boro-atlas-twin-axle-braked-trailer-car-hauler-620x250-gvw-2700-kg\/\" \/>\n<meta property=\"og:site_name\" content=\"Kubix\" \/>\n<meta property=\"og:image\" content=\"https:\/\/kubix.pl\/wp-content\/uploads\/2020\/11\/IMG-20190903-WA0052.jpg\" \/>\n\t<meta property=\"og:image:width\" content=\"1600\" \/>\n\t<meta property=\"og:image:height\" content=\"1200\" \/>\n\t<meta property=\"og:image:type\" content=\"image\/jpeg\" \/>\n<meta name=\"twitter:card\" content=\"summary_large_image\" \/>\n<meta name=\"twitter:label1\" content=\"Est. reading time\" \/>\n\t<meta name=\"twitter:data1\" content=\"1 minute\" \/>\n<script type=\"application\/ld+json\" class=\"yoast-schema-graph\">{\"@context\":\"https:\\\/\\\/schema.org\",\"@graph\":[{\"@type\":\"WebPage\",\"@id\":\"https:\\\/\\\/kubix.pl\\\/en\\\/produkt\\\/boro-atlas-twin-axle-braked-trailer-car-hauler-620x250-gvw-2700-kg\\\/\",\"url\":\"https:\\\/\\\/kubix.pl\\\/en\\\/produkt\\\/boro-atlas-twin-axle-braked-trailer-car-hauler-620x250-gvw-2700-kg\\\/\",\"name\":\"BORO ATLAS przyczepo-laweta dwuosiowa - Kubix\",\"isPartOf\":{\"@id\":\"https:\\\/\\\/kubix.pl\\\/en\\\/#website\"},\"primaryImageOfPage\":{\"@id\":\"https:\\\/\\\/kubix.pl\\\/en\\\/produkt\\\/boro-atlas-twin-axle-braked-trailer-car-hauler-620x250-gvw-2700-kg\\\/#primaryimage\"},\"image\":{\"@id\":\"https:\\\/\\\/kubix.pl\\\/en\\\/produkt\\\/boro-atlas-twin-axle-braked-trailer-car-hauler-620x250-gvw-2700-kg\\\/#primaryimage\"},\"thumbnailUrl\":\"https:\\\/\\\/kubix.pl\\\/wp-content\\\/uploads\\\/2020\\\/11\\\/IMG-20190903-WA0052.jpg\",\"datePublished\":\"2020-11-05T12:13:45+00:00\",\"description\":\"BORO ATLAS przyczepo-laweta dwuosiowa to UNIWERSALNA PLATFORMA przeznaczona do przewozu samochod\u00f3w oraz r\u00f3\u017cnych towar\u00f3w oraz DOMK\u00d3W MOBILNYCH\",\"breadcrumb\":{\"@id\":\"https:\\\/\\\/kubix.pl\\\/en\\\/produkt\\\/boro-atlas-twin-axle-braked-trailer-car-hauler-620x250-gvw-2700-kg\\\/#breadcrumb\"},\"inLanguage\":\"en-US\",\"potentialAction\":[{\"@type\":\"ReadAction\",\"target\":[\"https:\\\/\\\/kubix.pl\\\/en\\\/produkt\\\/boro-atlas-twin-axle-braked-trailer-car-hauler-620x250-gvw-2700-kg\\\/\"]}]},{\"@type\":\"ImageObject\",\"inLanguage\":\"en-US\",\"@id\":\"https:\\\/\\\/kubix.pl\\\/en\\\/produkt\\\/boro-atlas-twin-axle-braked-trailer-car-hauler-620x250-gvw-2700-kg\\\/#primaryimage\",\"url\":\"https:\\\/\\\/kubix.pl\\\/wp-content\\\/uploads\\\/2020\\\/11\\\/IMG-20190903-WA0052.jpg\",\"contentUrl\":\"https:\\\/\\\/kubix.pl\\\/wp-content\\\/uploads\\\/2020\\\/11\\\/IMG-20190903-WA0052.jpg\",\"width\":1600,\"height\":1200,\"caption\":\"BORO ATLAS - przyczepo-laweta - widok z lewej strony\"},{\"@type\":\"BreadcrumbList\",\"@id\":\"https:\\\/\\\/kubix.pl\\\/en\\\/produkt\\\/boro-atlas-twin-axle-braked-trailer-car-hauler-620x250-gvw-2700-kg\\\/#breadcrumb\",\"itemListElement\":[{\"@type\":\"ListItem\",\"position\":1,\"name\":\"Strona g\u0142\u00f3wna\",\"item\":\"https:\\\/\\\/kubix.pl\\\/en\\\/\"},{\"@type\":\"ListItem\",\"position\":2,\"name\":\"Sklep\",\"item\":\"https:\\\/\\\/kubix.pl\\\/sklep\\\/\"},{\"@type\":\"ListItem\",\"position\":3,\"name\":\"BORO ATLAS twin-axle, braked trailer-car hauler, 620\u00d7250, GVW 2700 kg\"}]},{\"@type\":\"WebSite\",\"@id\":\"https:\\\/\\\/kubix.pl\\\/en\\\/#website\",\"url\":\"https:\\\/\\\/kubix.pl\\\/en\\\/\",\"name\":\"Kubix\",\"description\":\"Przyczepy jednoosiowe, dwuosiowe\",\"publisher\":{\"@id\":\"https:\\\/\\\/kubix.pl\\\/en\\\/#organization\"},\"potentialAction\":[{\"@type\":\"SearchAction\",\"target\":{\"@type\":\"EntryPoint\",\"urlTemplate\":\"https:\\\/\\\/kubix.pl\\\/en\\\/?s={search_term_string}\"},\"query-input\":{\"@type\":\"PropertyValueSpecification\",\"valueRequired\":true,\"valueName\":\"search_term_string\"}}],\"inLanguage\":\"en-US\"},{\"@type\":\"Organization\",\"@id\":\"https:\\\/\\\/kubix.pl\\\/en\\\/#organization\",\"name\":\"Kubix\",\"url\":\"https:\\\/\\\/kubix.pl\\\/en\\\/\",\"logo\":{\"@type\":\"ImageObject\",\"inLanguage\":\"en-US\",\"@id\":\"https:\\\/\\\/kubix.pl\\\/en\\\/#\\\/schema\\\/logo\\\/image\\\/\",\"url\":\"https:\\\/\\\/kubix.pl\\\/wp-content\\\/uploads\\\/2024\\\/11\\\/kubix.png\",\"contentUrl\":\"https:\\\/\\\/kubix.pl\\\/wp-content\\\/uploads\\\/2024\\\/11\\\/kubix.png\",\"width\":375,\"height\":60,\"caption\":\"Kubix\"},\"image\":{\"@id\":\"https:\\\/\\\/kubix.pl\\\/en\\\/#\\\/schema\\\/logo\\\/image\\\/\"}}]}<\/script>\n<!-- \/ Yoast SEO plugin. -->","yoast_head_json":{"title":"BORO ATLAS przyczepo-laweta dwuosiowa - Kubix","description":"BORO ATLAS przyczepo-laweta dwuosiowa to UNIWERSALNA PLATFORMA przeznaczona do przewozu samochod\u00f3w oraz r\u00f3\u017cnych towar\u00f3w oraz DOMK\u00d3W MOBILNYCH","robots":{"index":"index","follow":"follow","max-snippet":"max-snippet:-1","max-image-preview":"max-image-preview:large","max-video-preview":"max-video-preview:-1"},"canonical":"https:\/\/kubix.pl\/en\/produkt\/boro-atlas-twin-axle-braked-trailer-car-hauler-620x250-gvw-2700-kg\/","og_locale":"en_US","og_type":"article","og_title":"BORO ATLAS przyczepo-laweta dwuosiowa - Kubix","og_description":"BORO ATLAS przyczepo-laweta dwuosiowa to UNIWERSALNA PLATFORMA przeznaczona do przewozu samochod\u00f3w oraz r\u00f3\u017cnych towar\u00f3w oraz DOMK\u00d3W MOBILNYCH","og_url":"https:\/\/kubix.pl\/en\/produkt\/boro-atlas-twin-axle-braked-trailer-car-hauler-620x250-gvw-2700-kg\/","og_site_name":"Kubix","og_image":[{"width":1600,"height":1200,"url":"https:\/\/kubix.pl\/wp-content\/uploads\/2020\/11\/IMG-20190903-WA0052.jpg","type":"image\/jpeg"}],"twitter_card":"summary_large_image","twitter_misc":{"Est. reading time":"1 minute"},"schema":{"@context":"https:\/\/schema.org","@graph":[{"@type":"WebPage","@id":"https:\/\/kubix.pl\/en\/produkt\/boro-atlas-twin-axle-braked-trailer-car-hauler-620x250-gvw-2700-kg\/","url":"https:\/\/kubix.pl\/en\/produkt\/boro-atlas-twin-axle-braked-trailer-car-hauler-620x250-gvw-2700-kg\/","name":"BORO ATLAS przyczepo-laweta dwuosiowa - Kubix","isPartOf":{"@id":"https:\/\/kubix.pl\/en\/#website"},"primaryImageOfPage":{"@id":"https:\/\/kubix.pl\/en\/produkt\/boro-atlas-twin-axle-braked-trailer-car-hauler-620x250-gvw-2700-kg\/#primaryimage"},"image":{"@id":"https:\/\/kubix.pl\/en\/produkt\/boro-atlas-twin-axle-braked-trailer-car-hauler-620x250-gvw-2700-kg\/#primaryimage"},"thumbnailUrl":"https:\/\/kubix.pl\/wp-content\/uploads\/2020\/11\/IMG-20190903-WA0052.jpg","datePublished":"2020-11-05T12:13:45+00:00","description":"BORO ATLAS przyczepo-laweta dwuosiowa to UNIWERSALNA PLATFORMA przeznaczona do przewozu samochod\u00f3w oraz r\u00f3\u017cnych towar\u00f3w oraz DOMK\u00d3W MOBILNYCH","breadcrumb":{"@id":"https:\/\/kubix.pl\/en\/produkt\/boro-atlas-twin-axle-braked-trailer-car-hauler-620x250-gvw-2700-kg\/#breadcrumb"},"inLanguage":"en-US","potentialAction":[{"@type":"ReadAction","target":["https:\/\/kubix.pl\/en\/produkt\/boro-atlas-twin-axle-braked-trailer-car-hauler-620x250-gvw-2700-kg\/"]}]},{"@type":"ImageObject","inLanguage":"en-US","@id":"https:\/\/kubix.pl\/en\/produkt\/boro-atlas-twin-axle-braked-trailer-car-hauler-620x250-gvw-2700-kg\/#primaryimage","url":"https:\/\/kubix.pl\/wp-content\/uploads\/2020\/11\/IMG-20190903-WA0052.jpg","contentUrl":"https:\/\/kubix.pl\/wp-content\/uploads\/2020\/11\/IMG-20190903-WA0052.jpg","width":1600,"height":1200,"caption":"BORO ATLAS - przyczepo-laweta - widok z lewej strony"},{"@type":"BreadcrumbList","@id":"https:\/\/kubix.pl\/en\/produkt\/boro-atlas-twin-axle-braked-trailer-car-hauler-620x250-gvw-2700-kg\/#breadcrumb","itemListElement":[{"@type":"ListItem","position":1,"name":"Strona g\u0142\u00f3wna","item":"https:\/\/kubix.pl\/en\/"},{"@type":"ListItem","position":2,"name":"Sklep","item":"https:\/\/kubix.pl\/sklep\/"},{"@type":"ListItem","position":3,"name":"BORO ATLAS twin-axle, braked trailer-car hauler, 620\u00d7250, GVW 2700 kg"}]},{"@type":"WebSite","@id":"https:\/\/kubix.pl\/en\/#website","url":"https:\/\/kubix.pl\/en\/","name":"Kubix","description":"Przyczepy jednoosiowe, dwuosiowe","publisher":{"@id":"https:\/\/kubix.pl\/en\/#organization"},"potentialAction":[{"@type":"SearchAction","target":{"@type":"EntryPoint","urlTemplate":"https:\/\/kubix.pl\/en\/?s={search_term_string}"},"query-input":{"@type":"PropertyValueSpecification","valueRequired":true,"valueName":"search_term_string"}}],"inLanguage":"en-US"},{"@type":"Organization","@id":"https:\/\/kubix.pl\/en\/#organization","name":"Kubix","url":"https:\/\/kubix.pl\/en\/","logo":{"@type":"ImageObject","inLanguage":"en-US","@id":"https:\/\/kubix.pl\/en\/#\/schema\/logo\/image\/","url":"https:\/\/kubix.pl\/wp-content\/uploads\/2024\/11\/kubix.png","contentUrl":"https:\/\/kubix.pl\/wp-content\/uploads\/2024\/11\/kubix.png","width":375,"height":60,"caption":"Kubix"},"image":{"@id":"https:\/\/kubix.pl\/en\/#\/schema\/logo\/image\/"}}]}},"_links":{"self":[{"href":"https:\/\/kubix.pl\/en\/wp-json\/wp\/v2\/product\/10996","targetHints":{"allow":["GET"]}}],"collection":[{"href":"https:\/\/kubix.pl\/en\/wp-json\/wp\/v2\/product"}],"about":[{"href":"https:\/\/kubix.pl\/en\/wp-json\/wp\/v2\/types\/product"}],"wp:featuredmedia":[{"embeddable":true,"href":"https:\/\/kubix.pl\/en\/wp-json\/wp\/v2\/media\/10156"}],"wp:attachment":[{"href":"https:\/\/kubix.pl\/en\/wp-json\/wp\/v2\/media?parent=10996"}],"wp:term":[{"taxonomy":"product_brand","embeddable":true,"href":"https:\/\/kubix.pl\/en\/wp-json\/wp\/v2\/product_brand?post=10996"},{"taxonomy":"product_cat","embeddable":true,"href":"https:\/\/kubix.pl\/en\/wp-json\/wp\/v2\/product_cat?post=10996"},{"taxonomy":"product_tag","embeddable":true,"href":"https:\/\/kubix.pl\/en\/wp-json\/wp\/v2\/product_tag?post=10996"}],"curies":[{"name":"wp","href":"https:\/\/api.w.org\/{rel}","templated":true}]}}