{"id":10997,"date":"2020-11-05T11:54:34","date_gmt":"2020-11-05T10:54:34","guid":{"rendered":"https:\/\/kubix.pl\/produkt\/glowacz-tri-axle-car-hauler-dovetail-810x210-wheels-185-r14c-gvw-35000-kg\/"},"modified":"2020-11-05T11:54:34","modified_gmt":"2020-11-05T10:54:34","slug":"glowacz-tri-axle-car-hauler-dovetail-810x210-wheels-185-r14c-gvw-35000-kg","status":"publish","type":"product","link":"https:\/\/kubix.pl\/en\/produkt\/glowacz-tri-axle-car-hauler-dovetail-810x210-wheels-185-r14c-gvw-35000-kg\/","title":{"rendered":"G\u0141OWACZ tri-axle car hauler, dovetail, 810\u00d7210, wheels 185 R14C, GVW 35000 kg"},"content":{"rendered":"<p style=\"text-align: justify\">Solidly made tri-axle car hauler with GVW of 3500 kg.<\/p>\n<p style=\"text-align: justify\"><span style=\"font-size: 24pt;color: #bd1515\"><strong>Standard equipment<\/strong><\/span><\/p>\n<ul style=\"text-align: justify\">\n<li>Wheels and steering system: 3 braked axles 1350kg by KNOTT<\/li>\n<li>Coupling head 3500 kg<\/li>\n<li>Wheels 185 R14C<\/li>\n<li>Spare wheel with a carrier<\/li>\n<li>Full set of steel ramps, fixed under the floor<\/li>\n<li>Winch<\/li>\n<li>Toolbox<\/li>\n<li>Support wheel with a clamp<\/li>\n<li>License plate frame<\/li>\n<li>13-pin plug<\/li>\n<li>7-pin plug<\/li>\n<\/ul>\n<p style=\"text-align: justify\"><span style=\"font-size: 18pt;color: #bd1515\"><strong>Additional equipment<\/strong><\/span><\/p>\n<ul style=\"text-align: justify\">\n<li>Shock absorbers<\/li>\n<li>Anti-theft device<\/li>\n<li>Full LED lighting<\/li>\n<\/ul>\n<p style=\"text-align: justify\"><span style=\"font-size: 8pt\">Information<\/span><\/p>\n<p style=\"text-align: justify\"><span style=\"font-size: 8pt\">The product description on the website came from producers and distributors pages, despite the effort while we add them, they could have some mistakes. Descriptions and photos are not basis for claims from our company. If you found some mistakes in our description, please let us know on the following e-mail address team@kubix.pl<\/span><\/p>\n","protected":false},"excerpt":{"rendered":"<p>G\u0141OWACZ tri-axle car hauler<\/p>\n","protected":false},"featured_media":10045,"template":"","meta":[],"product_brand":[],"product_cat":[1671,3070,2605],"product_tag":[2611,2636,2637,2609,2610,2608,2502,2642,2067,2132,2606,2127,2106,2641,2074,2639,2607,2670,2612,1837],"class_list":{"0":"post-10997","1":"product","2":"type-product","3":"status-publish","4":"has-post-thumbnail","6":"product_cat-single-axle-trailer-gvw-750kg","7":"product_cat-two-car-trailers","8":"product_cat-vehicle-transporters","9":"product_tag-1400-en","10":"product_tag-185-en","11":"product_tag-185r14c-en","12":"product_tag-2700-en","13":"product_tag-3500-en","14":"product_tag-3500kg-en","15":"product_tag-al-ko-en","16":"product_tag-aluminum","17":"product_tag-braked-en","18":"product_tag-car-hauler","19":"product_tag-car-transporter","20":"product_tag-dmc-en","21":"product_tag-dmc3500kg-en","22":"product_tag-gala-en","23":"product_tag-glowacz-en","24":"product_tag-gvw1350","25":"product_tag-knott-en","26":"product_tag-led-en","27":"product_tag-new-trailers-en","28":"product_tag-two-axle-en","29":"product_shipping_class-500-zl-en","31":"first","32":"instock","33":"taxable","34":"shipping-taxable","35":"purchasable","36":"product-type-simple"},"yoast_head":"<!-- This site is optimized with the Yoast SEO plugin v27.4 - https:\/\/yoast.com\/product\/yoast-seo-wordpress\/ -->\n<title>G\u0141OWACZ tri-axle car hauler, dovetail, 810\u00d7210, wheels 185 R14C, GVW 35000 kg - Kubix<\/title>\n<meta name=\"robots\" content=\"index, follow, max-snippet:-1, max-image-preview:large, max-video-preview:-1\" \/>\n<link rel=\"canonical\" href=\"https:\/\/kubix.pl\/en\/produkt\/glowacz-tri-axle-car-hauler-dovetail-810x210-wheels-185-r14c-gvw-35000-kg\/\" \/>\n<meta property=\"og:locale\" content=\"en_US\" \/>\n<meta property=\"og:type\" content=\"article\" \/>\n<meta property=\"og:title\" content=\"G\u0141OWACZ tri-axle car hauler, dovetail, 810\u00d7210, wheels 185 R14C, GVW 35000 kg - Kubix\" \/>\n<meta property=\"og:description\" content=\"G\u0141OWACZ tri-axle car hauler\" \/>\n<meta property=\"og:url\" content=\"https:\/\/kubix.pl\/en\/produkt\/glowacz-tri-axle-car-hauler-dovetail-810x210-wheels-185-r14c-gvw-35000-kg\/\" \/>\n<meta property=\"og:site_name\" content=\"Kubix\" \/>\n<meta property=\"og:image\" content=\"https:\/\/kubix.pl\/wp-content\/uploads\/2020\/11\/1A-1.jpg\" \/>\n\t<meta property=\"og:image:width\" content=\"1200\" \/>\n\t<meta property=\"og:image:height\" content=\"293\" \/>\n\t<meta property=\"og:image:type\" content=\"image\/jpeg\" \/>\n<meta name=\"twitter:card\" content=\"summary_large_image\" \/>\n<meta name=\"twitter:label1\" content=\"Est. reading time\" \/>\n\t<meta name=\"twitter:data1\" content=\"1 minute\" \/>\n<script type=\"application\/ld+json\" class=\"yoast-schema-graph\">{\"@context\":\"https:\\\/\\\/schema.org\",\"@graph\":[{\"@type\":\"WebPage\",\"@id\":\"https:\\\/\\\/kubix.pl\\\/en\\\/produkt\\\/glowacz-tri-axle-car-hauler-dovetail-810x210-wheels-185-r14c-gvw-35000-kg\\\/\",\"url\":\"https:\\\/\\\/kubix.pl\\\/en\\\/produkt\\\/glowacz-tri-axle-car-hauler-dovetail-810x210-wheels-185-r14c-gvw-35000-kg\\\/\",\"name\":\"G\u0141OWACZ tri-axle car hauler, dovetail, 810\u00d7210, wheels 185 R14C, GVW 35000 kg - Kubix\",\"isPartOf\":{\"@id\":\"https:\\\/\\\/kubix.pl\\\/en\\\/#website\"},\"primaryImageOfPage\":{\"@id\":\"https:\\\/\\\/kubix.pl\\\/en\\\/produkt\\\/glowacz-tri-axle-car-hauler-dovetail-810x210-wheels-185-r14c-gvw-35000-kg\\\/#primaryimage\"},\"image\":{\"@id\":\"https:\\\/\\\/kubix.pl\\\/en\\\/produkt\\\/glowacz-tri-axle-car-hauler-dovetail-810x210-wheels-185-r14c-gvw-35000-kg\\\/#primaryimage\"},\"thumbnailUrl\":\"https:\\\/\\\/kubix.pl\\\/wp-content\\\/uploads\\\/2020\\\/11\\\/1A-1.jpg\",\"datePublished\":\"2020-11-05T10:54:34+00:00\",\"breadcrumb\":{\"@id\":\"https:\\\/\\\/kubix.pl\\\/en\\\/produkt\\\/glowacz-tri-axle-car-hauler-dovetail-810x210-wheels-185-r14c-gvw-35000-kg\\\/#breadcrumb\"},\"inLanguage\":\"en-US\",\"potentialAction\":[{\"@type\":\"ReadAction\",\"target\":[\"https:\\\/\\\/kubix.pl\\\/en\\\/produkt\\\/glowacz-tri-axle-car-hauler-dovetail-810x210-wheels-185-r14c-gvw-35000-kg\\\/\"]}]},{\"@type\":\"ImageObject\",\"inLanguage\":\"en-US\",\"@id\":\"https:\\\/\\\/kubix.pl\\\/en\\\/produkt\\\/glowacz-tri-axle-car-hauler-dovetail-810x210-wheels-185-r14c-gvw-35000-kg\\\/#primaryimage\",\"url\":\"https:\\\/\\\/kubix.pl\\\/wp-content\\\/uploads\\\/2020\\\/11\\\/1A-1.jpg\",\"contentUrl\":\"https:\\\/\\\/kubix.pl\\\/wp-content\\\/uploads\\\/2020\\\/11\\\/1A-1.jpg\",\"width\":1200,\"height\":293},{\"@type\":\"BreadcrumbList\",\"@id\":\"https:\\\/\\\/kubix.pl\\\/en\\\/produkt\\\/glowacz-tri-axle-car-hauler-dovetail-810x210-wheels-185-r14c-gvw-35000-kg\\\/#breadcrumb\",\"itemListElement\":[{\"@type\":\"ListItem\",\"position\":1,\"name\":\"Strona g\u0142\u00f3wna\",\"item\":\"https:\\\/\\\/kubix.pl\\\/en\\\/\"},{\"@type\":\"ListItem\",\"position\":2,\"name\":\"Sklep\",\"item\":\"https:\\\/\\\/kubix.pl\\\/sklep\\\/\"},{\"@type\":\"ListItem\",\"position\":3,\"name\":\"G\u0141OWACZ tri-axle car hauler, dovetail, 810\u00d7210, wheels 185 R14C, GVW 35000 kg\"}]},{\"@type\":\"WebSite\",\"@id\":\"https:\\\/\\\/kubix.pl\\\/en\\\/#website\",\"url\":\"https:\\\/\\\/kubix.pl\\\/en\\\/\",\"name\":\"Kubix\",\"description\":\"Przyczepy jednoosiowe, dwuosiowe\",\"publisher\":{\"@id\":\"https:\\\/\\\/kubix.pl\\\/en\\\/#organization\"},\"potentialAction\":[{\"@type\":\"SearchAction\",\"target\":{\"@type\":\"EntryPoint\",\"urlTemplate\":\"https:\\\/\\\/kubix.pl\\\/en\\\/?s={search_term_string}\"},\"query-input\":{\"@type\":\"PropertyValueSpecification\",\"valueRequired\":true,\"valueName\":\"search_term_string\"}}],\"inLanguage\":\"en-US\"},{\"@type\":\"Organization\",\"@id\":\"https:\\\/\\\/kubix.pl\\\/en\\\/#organization\",\"name\":\"Kubix\",\"url\":\"https:\\\/\\\/kubix.pl\\\/en\\\/\",\"logo\":{\"@type\":\"ImageObject\",\"inLanguage\":\"en-US\",\"@id\":\"https:\\\/\\\/kubix.pl\\\/en\\\/#\\\/schema\\\/logo\\\/image\\\/\",\"url\":\"https:\\\/\\\/kubix.pl\\\/wp-content\\\/uploads\\\/2024\\\/11\\\/kubix.png\",\"contentUrl\":\"https:\\\/\\\/kubix.pl\\\/wp-content\\\/uploads\\\/2024\\\/11\\\/kubix.png\",\"width\":375,\"height\":60,\"caption\":\"Kubix\"},\"image\":{\"@id\":\"https:\\\/\\\/kubix.pl\\\/en\\\/#\\\/schema\\\/logo\\\/image\\\/\"}}]}<\/script>\n<!-- \/ Yoast SEO plugin. -->","yoast_head_json":{"title":"G\u0141OWACZ tri-axle car hauler, dovetail, 810\u00d7210, wheels 185 R14C, GVW 35000 kg - Kubix","robots":{"index":"index","follow":"follow","max-snippet":"max-snippet:-1","max-image-preview":"max-image-preview:large","max-video-preview":"max-video-preview:-1"},"canonical":"https:\/\/kubix.pl\/en\/produkt\/glowacz-tri-axle-car-hauler-dovetail-810x210-wheels-185-r14c-gvw-35000-kg\/","og_locale":"en_US","og_type":"article","og_title":"G\u0141OWACZ tri-axle car hauler, dovetail, 810\u00d7210, wheels 185 R14C, GVW 35000 kg - Kubix","og_description":"G\u0141OWACZ tri-axle car hauler","og_url":"https:\/\/kubix.pl\/en\/produkt\/glowacz-tri-axle-car-hauler-dovetail-810x210-wheels-185-r14c-gvw-35000-kg\/","og_site_name":"Kubix","og_image":[{"width":1200,"height":293,"url":"https:\/\/kubix.pl\/wp-content\/uploads\/2020\/11\/1A-1.jpg","type":"image\/jpeg"}],"twitter_card":"summary_large_image","twitter_misc":{"Est. reading time":"1 minute"},"schema":{"@context":"https:\/\/schema.org","@graph":[{"@type":"WebPage","@id":"https:\/\/kubix.pl\/en\/produkt\/glowacz-tri-axle-car-hauler-dovetail-810x210-wheels-185-r14c-gvw-35000-kg\/","url":"https:\/\/kubix.pl\/en\/produkt\/glowacz-tri-axle-car-hauler-dovetail-810x210-wheels-185-r14c-gvw-35000-kg\/","name":"G\u0141OWACZ tri-axle car hauler, dovetail, 810\u00d7210, wheels 185 R14C, GVW 35000 kg - Kubix","isPartOf":{"@id":"https:\/\/kubix.pl\/en\/#website"},"primaryImageOfPage":{"@id":"https:\/\/kubix.pl\/en\/produkt\/glowacz-tri-axle-car-hauler-dovetail-810x210-wheels-185-r14c-gvw-35000-kg\/#primaryimage"},"image":{"@id":"https:\/\/kubix.pl\/en\/produkt\/glowacz-tri-axle-car-hauler-dovetail-810x210-wheels-185-r14c-gvw-35000-kg\/#primaryimage"},"thumbnailUrl":"https:\/\/kubix.pl\/wp-content\/uploads\/2020\/11\/1A-1.jpg","datePublished":"2020-11-05T10:54:34+00:00","breadcrumb":{"@id":"https:\/\/kubix.pl\/en\/produkt\/glowacz-tri-axle-car-hauler-dovetail-810x210-wheels-185-r14c-gvw-35000-kg\/#breadcrumb"},"inLanguage":"en-US","potentialAction":[{"@type":"ReadAction","target":["https:\/\/kubix.pl\/en\/produkt\/glowacz-tri-axle-car-hauler-dovetail-810x210-wheels-185-r14c-gvw-35000-kg\/"]}]},{"@type":"ImageObject","inLanguage":"en-US","@id":"https:\/\/kubix.pl\/en\/produkt\/glowacz-tri-axle-car-hauler-dovetail-810x210-wheels-185-r14c-gvw-35000-kg\/#primaryimage","url":"https:\/\/kubix.pl\/wp-content\/uploads\/2020\/11\/1A-1.jpg","contentUrl":"https:\/\/kubix.pl\/wp-content\/uploads\/2020\/11\/1A-1.jpg","width":1200,"height":293},{"@type":"BreadcrumbList","@id":"https:\/\/kubix.pl\/en\/produkt\/glowacz-tri-axle-car-hauler-dovetail-810x210-wheels-185-r14c-gvw-35000-kg\/#breadcrumb","itemListElement":[{"@type":"ListItem","position":1,"name":"Strona g\u0142\u00f3wna","item":"https:\/\/kubix.pl\/en\/"},{"@type":"ListItem","position":2,"name":"Sklep","item":"https:\/\/kubix.pl\/sklep\/"},{"@type":"ListItem","position":3,"name":"G\u0141OWACZ tri-axle car hauler, dovetail, 810\u00d7210, wheels 185 R14C, GVW 35000 kg"}]},{"@type":"WebSite","@id":"https:\/\/kubix.pl\/en\/#website","url":"https:\/\/kubix.pl\/en\/","name":"Kubix","description":"Przyczepy jednoosiowe, dwuosiowe","publisher":{"@id":"https:\/\/kubix.pl\/en\/#organization"},"potentialAction":[{"@type":"SearchAction","target":{"@type":"EntryPoint","urlTemplate":"https:\/\/kubix.pl\/en\/?s={search_term_string}"},"query-input":{"@type":"PropertyValueSpecification","valueRequired":true,"valueName":"search_term_string"}}],"inLanguage":"en-US"},{"@type":"Organization","@id":"https:\/\/kubix.pl\/en\/#organization","name":"Kubix","url":"https:\/\/kubix.pl\/en\/","logo":{"@type":"ImageObject","inLanguage":"en-US","@id":"https:\/\/kubix.pl\/en\/#\/schema\/logo\/image\/","url":"https:\/\/kubix.pl\/wp-content\/uploads\/2024\/11\/kubix.png","contentUrl":"https:\/\/kubix.pl\/wp-content\/uploads\/2024\/11\/kubix.png","width":375,"height":60,"caption":"Kubix"},"image":{"@id":"https:\/\/kubix.pl\/en\/#\/schema\/logo\/image\/"}}]}},"_links":{"self":[{"href":"https:\/\/kubix.pl\/en\/wp-json\/wp\/v2\/product\/10997","targetHints":{"allow":["GET"]}}],"collection":[{"href":"https:\/\/kubix.pl\/en\/wp-json\/wp\/v2\/product"}],"about":[{"href":"https:\/\/kubix.pl\/en\/wp-json\/wp\/v2\/types\/product"}],"wp:featuredmedia":[{"embeddable":true,"href":"https:\/\/kubix.pl\/en\/wp-json\/wp\/v2\/media\/10045"}],"wp:attachment":[{"href":"https:\/\/kubix.pl\/en\/wp-json\/wp\/v2\/media?parent=10997"}],"wp:term":[{"taxonomy":"product_brand","embeddable":true,"href":"https:\/\/kubix.pl\/en\/wp-json\/wp\/v2\/product_brand?post=10997"},{"taxonomy":"product_cat","embeddable":true,"href":"https:\/\/kubix.pl\/en\/wp-json\/wp\/v2\/product_cat?post=10997"},{"taxonomy":"product_tag","embeddable":true,"href":"https:\/\/kubix.pl\/en\/wp-json\/wp\/v2\/product_tag?post=10997"}],"curies":[{"name":"wp","href":"https:\/\/api.w.org\/{rel}","templated":true}]}}