{"id":4656,"date":"2020-01-09T13:29:56","date_gmt":"2020-01-09T12:29:56","guid":{"rendered":"https:\/\/kubix.pl\/produkt\/n7-202-ptd-neptun-przyczepa-jednoosiowa-o-dmc-750kg-ze-stelazem-i-pladneka\/"},"modified":"2019-09-20T15:50:55","modified_gmt":"2019-09-20T13:50:55","slug":"n7-202-ptd-neptun-przyczepa-jednoosiowa-o-dmc-750kg-ze-stelazem-i-pladneka","status":"publish","type":"product","link":"https:\/\/kubix.pl\/en\/produkt\/n7-202-ptd-neptun-przyczepa-jednoosiowa-o-dmc-750kg-ze-stelazem-i-pladneka\/","title":{"rendered":"N7-202 ptd Neptun Single Axle Trailer GVW 750kg with tent and construction"},"content":{"rendered":"<p>Przyczepa PRATIK firmy Neptun to idealna propozycja dla os\u00f3b szukaj\u0105cych niewielkiej, solidnej i funkcjonalnej przyczepy. Uchwyty liny mocuj\u0105cej \u0142adunek umieszczone s\u0105 w naro\u017cnikach skrzyni. S\u0105 one mocowane standardowo we wszystkich przyczepach Neptun. Zaczepy plandeki s\u0105 standardem w przyczepach Neptun. S\u0142u\u017c\u0105 do mocowania plandek zar\u00f3wno p\u0142askich jak i wysokich na stela\u017cach. Dyszel strza\u0142kowy ze wzmocnieniem, niezale\u017cne zawieszenie oraz elementy gumowe osi zapewniaj\u0105 bezpieczn\u0105 i stabiln\u0105 jazd\u0119. Wielofunkcyjne lampy s\u0105 zamontowanie pod tyln\u0105 burt\u0105 przez co s\u0105 chronione przed uszkodzeniami, wilgoci\u0105 i b\u0142otem.<\/p>\n<h1><span style=\"font-size: 24pt;\"><strong><span style=\"color: #d0121a;\">Wyposa\u017cenie standardowe<\/span><\/strong><\/span><\/h1>\n<ul>\n<li>O\u015b niehamowana 750 kg<\/li>\n<li>Zaczep kulowy<\/li>\n<li>Konstrukcja cynkowana ogniowo<\/li>\n<li>Ko\u0142a 155\/70 R13 umieszczone na zewn\u0105trz skrzyni \u0142adunkowej<\/li>\n<li>Otwierana stalowa tylna burta<\/li>\n<li>Gumowe wa\u0142ki t\u0142umi\u0105ce drgania<\/li>\n<li>Uchwyty pod\u0142ogowe<\/li>\n<li>Stela\u017c z plandek\u0105 80cm od burty<\/li>\n<\/ul>\n<h1><span style=\"color: #bd1515; font-size: 18pt;\"><strong>Wyposa\u017cenie\u00a0dodatkowe<\/strong><\/span><\/h1>\n<ul>\n<li>\u00a0Ko\u0142o podporowe z obejm\u0105 &#8211; <strong>65 z\u0142<\/strong><\/li>\n<\/ul>\n<p><span style=\"font-size: 8pt;\"><sub>Informacja:<\/sub><\/span><\/p>\n<p><span style=\"font-size: 8pt;\"><sub>Opisy umieszczone na stronie pochodz\u0105 ze stron producent\u00f3w oraz dystrybutor\u00f3w, pomimo staranno\u015bci przy ich umieszczaniu mog\u0105 zawiera\u0107 b\u0142\u0119dy. Opisy oraz zdj\u0119cia nie s\u0105 wi\u0119c podstaw\u0105 do roszcze\u0144 wobec naszej firmy. Je\u015bli zauwa\u017c\u0105 Pa\u0144stwo b\u0142\u0105d w opisie prosimy o kontakt e-mailowy na adres\u00a0<a href=\"mailto:team@kubix.pl\">team@kubix.pl<\/a><\/sub><\/span><\/p>\n","protected":false},"excerpt":{"rendered":"<h1 class=\"hdline\"><span style=\"font-size: 12pt;\">N7-202 ptd Neptun Single Axle Trailer GVW 750kg<\/span><\/h1>\n","protected":false},"featured_media":5695,"template":"","meta":[],"product_brand":[],"product_cat":[3078,1671],"product_tag":[2070,2276,2280,2279,2036,2190,2278,2116,2270,2277,2281,1761,2267,2068,1760,2069],"class_list":{"0":"post-4656","1":"product","2":"type-product","3":"status-publish","4":"has-post-thumbnail","6":"product_cat-neptun-trailers","7":"product_cat-single-axle-trailer-gvw-750kg","8":"product_tag-anhaenger-en","9":"product_tag-dmc-750-en","10":"product_tag-gn-129-en","11":"product_tag-gn129-en","12":"product_tag-lekka-en","13":"product_tag-light-trailer","14":"product_tag-n7-202-ptd-en","15":"product_tag-neptun-en","16":"product_tag-pkw-anhaenger-en","17":"product_tag-pratik-en","18":"product_tag-przyczepa-neptun-en","19":"product_tag-single-axe","20":"product_tag-single-axle-trailer","21":"product_tag-trailer-en-2","22":"product_tag-trailer-en","23":"product_tag-trailers-en","24":"product_shipping_class-200-zl-en","26":"first","27":"instock","28":"taxable","29":"shipping-taxable","30":"purchasable","31":"product-type-simple"},"yoast_head":"<!-- This site is optimized with the Yoast SEO plugin v27.5 - https:\/\/yoast.com\/product\/yoast-seo-wordpress\/ -->\n<title>N7-202 ptd Neptun Single Axle Trailer GVW 750kg with tent and construction - Kubix<\/title>\n<meta name=\"robots\" content=\"index, follow, max-snippet:-1, max-image-preview:large, max-video-preview:-1\" \/>\n<link rel=\"canonical\" href=\"https:\/\/kubix.pl\/en\/produkt\/n7-202-ptd-neptun-przyczepa-jednoosiowa-o-dmc-750kg-ze-stelazem-i-pladneka\/\" \/>\n<meta property=\"og:locale\" content=\"en_US\" \/>\n<meta property=\"og:type\" content=\"article\" \/>\n<meta property=\"og:title\" content=\"N7-202 ptd Neptun Single Axle Trailer GVW 750kg with tent and construction - Kubix\" \/>\n<meta property=\"og:description\" content=\"N7-202 ptd Neptun Single Axle Trailer GVW 750kg\" \/>\n<meta property=\"og:url\" content=\"https:\/\/kubix.pl\/en\/produkt\/n7-202-ptd-neptun-przyczepa-jednoosiowa-o-dmc-750kg-ze-stelazem-i-pladneka\/\" \/>\n<meta property=\"og:site_name\" content=\"Kubix\" \/>\n<meta name=\"twitter:card\" content=\"summary_large_image\" \/>\n<meta name=\"twitter:label1\" content=\"Est. reading time\" \/>\n\t<meta name=\"twitter:data1\" content=\"1 minute\" \/>\n<script type=\"application\/ld+json\" class=\"yoast-schema-graph\">{\"@context\":\"https:\\\/\\\/schema.org\",\"@graph\":[{\"@type\":\"WebPage\",\"@id\":\"https:\\\/\\\/kubix.pl\\\/en\\\/produkt\\\/n7-202-ptd-neptun-przyczepa-jednoosiowa-o-dmc-750kg-ze-stelazem-i-pladneka\\\/\",\"url\":\"https:\\\/\\\/kubix.pl\\\/en\\\/produkt\\\/n7-202-ptd-neptun-przyczepa-jednoosiowa-o-dmc-750kg-ze-stelazem-i-pladneka\\\/\",\"name\":\"N7-202 ptd Neptun Single Axle Trailer GVW 750kg with tent and construction - Kubix\",\"isPartOf\":{\"@id\":\"https:\\\/\\\/kubix.pl\\\/en\\\/#website\"},\"primaryImageOfPage\":{\"@id\":\"https:\\\/\\\/kubix.pl\\\/en\\\/produkt\\\/n7-202-ptd-neptun-przyczepa-jednoosiowa-o-dmc-750kg-ze-stelazem-i-pladneka\\\/#primaryimage\"},\"image\":{\"@id\":\"https:\\\/\\\/kubix.pl\\\/en\\\/produkt\\\/n7-202-ptd-neptun-przyczepa-jednoosiowa-o-dmc-750kg-ze-stelazem-i-pladneka\\\/#primaryimage\"},\"thumbnailUrl\":\"https:\\\/\\\/kubix.pl\\\/wp-content\\\/uploads\\\/2016\\\/12\\\/72305358_406580270266570_8356568703613009920_n.jpg\",\"datePublished\":\"2020-01-09T12:29:56+00:00\",\"breadcrumb\":{\"@id\":\"https:\\\/\\\/kubix.pl\\\/en\\\/produkt\\\/n7-202-ptd-neptun-przyczepa-jednoosiowa-o-dmc-750kg-ze-stelazem-i-pladneka\\\/#breadcrumb\"},\"inLanguage\":\"en-US\",\"potentialAction\":[{\"@type\":\"ReadAction\",\"target\":[\"https:\\\/\\\/kubix.pl\\\/en\\\/produkt\\\/n7-202-ptd-neptun-przyczepa-jednoosiowa-o-dmc-750kg-ze-stelazem-i-pladneka\\\/\"]}]},{\"@type\":\"ImageObject\",\"inLanguage\":\"en-US\",\"@id\":\"https:\\\/\\\/kubix.pl\\\/en\\\/produkt\\\/n7-202-ptd-neptun-przyczepa-jednoosiowa-o-dmc-750kg-ze-stelazem-i-pladneka\\\/#primaryimage\",\"url\":\"https:\\\/\\\/kubix.pl\\\/wp-content\\\/uploads\\\/2016\\\/12\\\/72305358_406580270266570_8356568703613009920_n.jpg\",\"contentUrl\":\"https:\\\/\\\/kubix.pl\\\/wp-content\\\/uploads\\\/2016\\\/12\\\/72305358_406580270266570_8356568703613009920_n.jpg\",\"width\":960,\"height\":720},{\"@type\":\"BreadcrumbList\",\"@id\":\"https:\\\/\\\/kubix.pl\\\/en\\\/produkt\\\/n7-202-ptd-neptun-przyczepa-jednoosiowa-o-dmc-750kg-ze-stelazem-i-pladneka\\\/#breadcrumb\",\"itemListElement\":[{\"@type\":\"ListItem\",\"position\":1,\"name\":\"Strona g\u0142\u00f3wna\",\"item\":\"https:\\\/\\\/kubix.pl\\\/en\\\/\"},{\"@type\":\"ListItem\",\"position\":2,\"name\":\"Sklep\",\"item\":\"https:\\\/\\\/kubix.pl\\\/sklep\\\/\"},{\"@type\":\"ListItem\",\"position\":3,\"name\":\"N7-202 ptd Neptun Single Axle Trailer GVW 750kg with tent and construction\"}]},{\"@type\":\"WebSite\",\"@id\":\"https:\\\/\\\/kubix.pl\\\/en\\\/#website\",\"url\":\"https:\\\/\\\/kubix.pl\\\/en\\\/\",\"name\":\"Kubix\",\"description\":\"Przyczepy jednoosiowe, dwuosiowe\",\"publisher\":{\"@id\":\"https:\\\/\\\/kubix.pl\\\/en\\\/#organization\"},\"potentialAction\":[{\"@type\":\"SearchAction\",\"target\":{\"@type\":\"EntryPoint\",\"urlTemplate\":\"https:\\\/\\\/kubix.pl\\\/en\\\/?s={search_term_string}\"},\"query-input\":{\"@type\":\"PropertyValueSpecification\",\"valueRequired\":true,\"valueName\":\"search_term_string\"}}],\"inLanguage\":\"en-US\"},{\"@type\":\"Organization\",\"@id\":\"https:\\\/\\\/kubix.pl\\\/en\\\/#organization\",\"name\":\"Kubix\",\"url\":\"https:\\\/\\\/kubix.pl\\\/en\\\/\",\"logo\":{\"@type\":\"ImageObject\",\"inLanguage\":\"en-US\",\"@id\":\"https:\\\/\\\/kubix.pl\\\/en\\\/#\\\/schema\\\/logo\\\/image\\\/\",\"url\":\"https:\\\/\\\/kubix.pl\\\/wp-content\\\/uploads\\\/2024\\\/11\\\/kubix.png\",\"contentUrl\":\"https:\\\/\\\/kubix.pl\\\/wp-content\\\/uploads\\\/2024\\\/11\\\/kubix.png\",\"width\":375,\"height\":60,\"caption\":\"Kubix\"},\"image\":{\"@id\":\"https:\\\/\\\/kubix.pl\\\/en\\\/#\\\/schema\\\/logo\\\/image\\\/\"}}]}<\/script>\n<!-- \/ Yoast SEO plugin. -->","yoast_head_json":{"title":"N7-202 ptd Neptun Single Axle Trailer GVW 750kg with tent and construction - Kubix","robots":{"index":"index","follow":"follow","max-snippet":"max-snippet:-1","max-image-preview":"max-image-preview:large","max-video-preview":"max-video-preview:-1"},"canonical":"https:\/\/kubix.pl\/en\/produkt\/n7-202-ptd-neptun-przyczepa-jednoosiowa-o-dmc-750kg-ze-stelazem-i-pladneka\/","og_locale":"en_US","og_type":"article","og_title":"N7-202 ptd Neptun Single Axle Trailer GVW 750kg with tent and construction - Kubix","og_description":"N7-202 ptd Neptun Single Axle Trailer GVW 750kg","og_url":"https:\/\/kubix.pl\/en\/produkt\/n7-202-ptd-neptun-przyczepa-jednoosiowa-o-dmc-750kg-ze-stelazem-i-pladneka\/","og_site_name":"Kubix","twitter_card":"summary_large_image","twitter_misc":{"Est. reading time":"1 minute"},"schema":{"@context":"https:\/\/schema.org","@graph":[{"@type":"WebPage","@id":"https:\/\/kubix.pl\/en\/produkt\/n7-202-ptd-neptun-przyczepa-jednoosiowa-o-dmc-750kg-ze-stelazem-i-pladneka\/","url":"https:\/\/kubix.pl\/en\/produkt\/n7-202-ptd-neptun-przyczepa-jednoosiowa-o-dmc-750kg-ze-stelazem-i-pladneka\/","name":"N7-202 ptd Neptun Single Axle Trailer GVW 750kg with tent and construction - Kubix","isPartOf":{"@id":"https:\/\/kubix.pl\/en\/#website"},"primaryImageOfPage":{"@id":"https:\/\/kubix.pl\/en\/produkt\/n7-202-ptd-neptun-przyczepa-jednoosiowa-o-dmc-750kg-ze-stelazem-i-pladneka\/#primaryimage"},"image":{"@id":"https:\/\/kubix.pl\/en\/produkt\/n7-202-ptd-neptun-przyczepa-jednoosiowa-o-dmc-750kg-ze-stelazem-i-pladneka\/#primaryimage"},"thumbnailUrl":"https:\/\/kubix.pl\/wp-content\/uploads\/2016\/12\/72305358_406580270266570_8356568703613009920_n.jpg","datePublished":"2020-01-09T12:29:56+00:00","breadcrumb":{"@id":"https:\/\/kubix.pl\/en\/produkt\/n7-202-ptd-neptun-przyczepa-jednoosiowa-o-dmc-750kg-ze-stelazem-i-pladneka\/#breadcrumb"},"inLanguage":"en-US","potentialAction":[{"@type":"ReadAction","target":["https:\/\/kubix.pl\/en\/produkt\/n7-202-ptd-neptun-przyczepa-jednoosiowa-o-dmc-750kg-ze-stelazem-i-pladneka\/"]}]},{"@type":"ImageObject","inLanguage":"en-US","@id":"https:\/\/kubix.pl\/en\/produkt\/n7-202-ptd-neptun-przyczepa-jednoosiowa-o-dmc-750kg-ze-stelazem-i-pladneka\/#primaryimage","url":"https:\/\/kubix.pl\/wp-content\/uploads\/2016\/12\/72305358_406580270266570_8356568703613009920_n.jpg","contentUrl":"https:\/\/kubix.pl\/wp-content\/uploads\/2016\/12\/72305358_406580270266570_8356568703613009920_n.jpg","width":960,"height":720},{"@type":"BreadcrumbList","@id":"https:\/\/kubix.pl\/en\/produkt\/n7-202-ptd-neptun-przyczepa-jednoosiowa-o-dmc-750kg-ze-stelazem-i-pladneka\/#breadcrumb","itemListElement":[{"@type":"ListItem","position":1,"name":"Strona g\u0142\u00f3wna","item":"https:\/\/kubix.pl\/en\/"},{"@type":"ListItem","position":2,"name":"Sklep","item":"https:\/\/kubix.pl\/sklep\/"},{"@type":"ListItem","position":3,"name":"N7-202 ptd Neptun Single Axle Trailer GVW 750kg with tent and construction"}]},{"@type":"WebSite","@id":"https:\/\/kubix.pl\/en\/#website","url":"https:\/\/kubix.pl\/en\/","name":"Kubix","description":"Przyczepy jednoosiowe, dwuosiowe","publisher":{"@id":"https:\/\/kubix.pl\/en\/#organization"},"potentialAction":[{"@type":"SearchAction","target":{"@type":"EntryPoint","urlTemplate":"https:\/\/kubix.pl\/en\/?s={search_term_string}"},"query-input":{"@type":"PropertyValueSpecification","valueRequired":true,"valueName":"search_term_string"}}],"inLanguage":"en-US"},{"@type":"Organization","@id":"https:\/\/kubix.pl\/en\/#organization","name":"Kubix","url":"https:\/\/kubix.pl\/en\/","logo":{"@type":"ImageObject","inLanguage":"en-US","@id":"https:\/\/kubix.pl\/en\/#\/schema\/logo\/image\/","url":"https:\/\/kubix.pl\/wp-content\/uploads\/2024\/11\/kubix.png","contentUrl":"https:\/\/kubix.pl\/wp-content\/uploads\/2024\/11\/kubix.png","width":375,"height":60,"caption":"Kubix"},"image":{"@id":"https:\/\/kubix.pl\/en\/#\/schema\/logo\/image\/"}}]}},"_links":{"self":[{"href":"https:\/\/kubix.pl\/en\/wp-json\/wp\/v2\/product\/4656","targetHints":{"allow":["GET"]}}],"collection":[{"href":"https:\/\/kubix.pl\/en\/wp-json\/wp\/v2\/product"}],"about":[{"href":"https:\/\/kubix.pl\/en\/wp-json\/wp\/v2\/types\/product"}],"wp:featuredmedia":[{"embeddable":true,"href":"https:\/\/kubix.pl\/en\/wp-json\/wp\/v2\/media\/5695"}],"wp:attachment":[{"href":"https:\/\/kubix.pl\/en\/wp-json\/wp\/v2\/media?parent=4656"}],"wp:term":[{"taxonomy":"product_brand","embeddable":true,"href":"https:\/\/kubix.pl\/en\/wp-json\/wp\/v2\/product_brand?post=4656"},{"taxonomy":"product_cat","embeddable":true,"href":"https:\/\/kubix.pl\/en\/wp-json\/wp\/v2\/product_cat?post=4656"},{"taxonomy":"product_tag","embeddable":true,"href":"https:\/\/kubix.pl\/en\/wp-json\/wp\/v2\/product_tag?post=4656"}],"curies":[{"name":"wp","href":"https:\/\/api.w.org\/{rel}","templated":true}]}}