{"id":54,"date":"2018-10-11T12:19:52","date_gmt":"2018-10-11T10:19:52","guid":{"rendered":"https:\/\/kubix.pl\/?page_id=54"},"modified":"2025-09-16T13:15:20","modified_gmt":"2025-09-16T11:15:20","slug":"kontakt","status":"publish","type":"page","link":"https:\/\/kubix.pl\/fr\/kontakt\/","title":{"rendered":"Kontakt"},"content":{"rendered":"\n<div class=\"wp-block-columns is-layout-flex wp-container-core-columns-is-layout-28f84493 wp-block-columns-is-layout-flex\">\n<div class=\"wp-block-column is-layout-flow wp-block-column-is-layout-flow\">\n<h2 class=\"wp-block-heading\">KUBIX Izabela Jab\u0142onowska<\/h2>\n\n\n\n<p>ul. Sielska 17a<br>10-801 Olsztyn<br>NIP: 739-29-96-095<br>telefon: 89 527 83 04<\/p>\n\n\n\n<p><strong>Kontakt przyczepy (nowe):<\/strong><br><strong>+48 880 980 150 ,+48 600 878 710<\/strong><br><strong>email: team@kubix.pl, biuro@kubix.pl<\/strong><\/p>\n\n\n\n<p><strong>Kontakt przyczepy (wynajem + cz\u0119\u015bci):<\/strong><br><strong>+48 884 884 757, +48 796-796-256<\/strong><br><strong>email: marcin@kubix.pl, czesci@kubix.pl<\/strong><\/p>\n\n\n\n<p>Rachunek bankowy do wp\u0142at w PLN<br>Santander Bank<br>80 1910 1048 2120 0000 5387 0001<\/p>\n\n\n\n<p>Konto do wp\u0142at w EUR (Euro Bank Rechnungsnummer \/ Euro Account number)<br>BNP Paribas<br>PL 18 1750 0012 0000 0000 3645 6744<br>SWIFT: PPABPLPKXXX<\/p>\n<\/div>\n\n\n\n<div class=\"wp-block-column is-layout-flow wp-block-column-is-layout-flow\">\n<iframe loading=\"lazy\" style=\"border: 0;\" src=\"https:\/\/www.google.com\/maps\/embed?pb=!1m14!1m8!1m3!1d9432.55505393587!2d20.436405!3d53.769217!3m2!1i1024!2i768!4f13.1!3m3!1m2!1s0x0%3A0xde06afadcc0fea6a!2sKUBIX!5e0!3m2!1spl!2spl!4v1539071902981\" width=\"100%\" height=\"430\" frameborder=\"0\" allowfullscreen=\"allowfullscreen\"><\/iframe>\n<\/div>\n<\/div>\n\n\n\n<div class=\"wp-block-columns is-layout-flex wp-container-core-columns-is-layout-28f84493 wp-block-columns-is-layout-flex\">\n<div class=\"wp-block-column is-layout-flow wp-block-column-is-layout-flow\">\n\n\n<h2 class=\"wp-block-heading\">Punkt odbioru Bia\u0142ystok<\/h2>\n\n\n\n<p>ul. Wojtachowska 59<br>16-010 Wasilk\u00f3w<\/p>\n\n\n\n<p>&nbsp;<\/p>\n<\/div>\n\n\n\n<div class=\"wp-block-column is-layout-flow wp-block-column-is-layout-flow\">\n<iframe loading=\"lazy\" style=\"border: 0;\" src=\"https:\/\/www.google.com\/maps\/embed?pb=!1m18!1m12!1m3!1d1220866.1351712802!2d19.596948113727905!3d53.29841648098914!2m3!1f0!2f0!3f0!3m2!1i1024!2i768!4f13.1!3m3!1m2!1s0x471ffd8af2756baf%3A0xef0749ea79b76fe4!2sWojtachowska%2059%2C%2016-010%20Wasilk%C3%B3w!5e0!3m2!1spl!2spl!4v1735919520225!5m2!1spl!2spl\" width=\"100%\" height=\"450\" allowfullscreen=\"allowfullscreen\"><\/iframe>\n<\/div>\n<\/div>\n","protected":false},"excerpt":{"rendered":"<p>KUBIX Izabela Jab\u0142onowska ul. Sielska 17a10-801 OlsztynNIP: 739-29-96-095telefon: 89 527 83 04 Kontakt przyczepy (nowe):+48 880 980 150 ,+48 600 878 710email: team@kubix.pl, biuro@kubix.pl Kontakt przyczepy (wynajem + cz\u0119\u015bci):+48 884 884 757, +48 796-796-256email: marcin@kubix.pl, czesci@kubix.pl Rachunek bankowy do wp\u0142at w PLNSantander Bank80 1910 1048 2120 0000 5387 0001 Konto do wp\u0142at w EUR (Euro [&hellip;]<\/p>\n","protected":false},"author":1,"featured_media":0,"parent":0,"menu_order":0,"comment_status":"closed","ping_status":"closed","template":"template-fullwidth.php","meta":{"footnotes":""},"class_list":["post-54","page","type-page","status-publish","hentry"],"yoast_head":"<!-- This site is optimized with the Yoast SEO plugin v27.3 - https:\/\/yoast.com\/product\/yoast-seo-wordpress\/ -->\n<title>Kontakt - Kubix<\/title>\n<meta name=\"robots\" content=\"index, follow, max-snippet:-1, max-image-preview:large, max-video-preview:-1\" \/>\n<link rel=\"canonical\" href=\"https:\/\/kubix.pl\/fr\/kontakt\/\" \/>\n<meta property=\"og:locale\" content=\"fr_FR\" \/>\n<meta property=\"og:type\" content=\"article\" \/>\n<meta property=\"og:title\" content=\"Kontakt - Kubix\" \/>\n<meta property=\"og:description\" content=\"KUBIX Izabela Jab\u0142onowska ul. Sielska 17a10-801 OlsztynNIP: 739-29-96-095telefon: 89 527 83 04 Kontakt przyczepy (nowe):+48 880 980 150 ,+48 600 878 710email: team@kubix.pl, biuro@kubix.pl Kontakt przyczepy (wynajem + cz\u0119\u015bci):+48 884 884 757, +48 796-796-256email: marcin@kubix.pl, czesci@kubix.pl Rachunek bankowy do wp\u0142at w PLNSantander Bank80 1910 1048 2120 0000 5387 0001 Konto do wp\u0142at w EUR (Euro [&hellip;]\" \/>\n<meta property=\"og:url\" content=\"https:\/\/kubix.pl\/fr\/kontakt\/\" \/>\n<meta property=\"og:site_name\" content=\"Kubix\" \/>\n<meta property=\"article:modified_time\" content=\"2025-09-16T11:15:20+00:00\" \/>\n<meta name=\"twitter:card\" content=\"summary_large_image\" \/>\n<meta name=\"twitter:label1\" content=\"Dur\u00e9e de lecture estim\u00e9e\" \/>\n\t<meta name=\"twitter:data1\" content=\"1 minute\" \/>\n<script type=\"application\/ld+json\" class=\"yoast-schema-graph\">{\"@context\":\"https:\\\/\\\/schema.org\",\"@graph\":[{\"@type\":\"WebPage\",\"@id\":\"https:\\\/\\\/kubix.pl\\\/fr\\\/kontakt\\\/\",\"url\":\"https:\\\/\\\/kubix.pl\\\/fr\\\/kontakt\\\/\",\"name\":\"Kontakt - Kubix\",\"isPartOf\":{\"@id\":\"https:\\\/\\\/kubix.pl\\\/fr\\\/#website\"},\"datePublished\":\"2018-10-11T10:19:52+00:00\",\"dateModified\":\"2025-09-16T11:15:20+00:00\",\"breadcrumb\":{\"@id\":\"https:\\\/\\\/kubix.pl\\\/fr\\\/kontakt\\\/#breadcrumb\"},\"inLanguage\":\"fr-FR\",\"potentialAction\":[{\"@type\":\"ReadAction\",\"target\":[\"https:\\\/\\\/kubix.pl\\\/fr\\\/kontakt\\\/\"]}]},{\"@type\":\"BreadcrumbList\",\"@id\":\"https:\\\/\\\/kubix.pl\\\/fr\\\/kontakt\\\/#breadcrumb\",\"itemListElement\":[{\"@type\":\"ListItem\",\"position\":1,\"name\":\"Strona g\u0142\u00f3wna\",\"item\":\"https:\\\/\\\/kubix.pl\\\/fr\\\/\"},{\"@type\":\"ListItem\",\"position\":2,\"name\":\"Kontakt\"}]},{\"@type\":\"WebSite\",\"@id\":\"https:\\\/\\\/kubix.pl\\\/fr\\\/#website\",\"url\":\"https:\\\/\\\/kubix.pl\\\/fr\\\/\",\"name\":\"Kubix\",\"description\":\"Przyczepy jednoosiowe, dwuosiowe\",\"publisher\":{\"@id\":\"https:\\\/\\\/kubix.pl\\\/fr\\\/#organization\"},\"potentialAction\":[{\"@type\":\"SearchAction\",\"target\":{\"@type\":\"EntryPoint\",\"urlTemplate\":\"https:\\\/\\\/kubix.pl\\\/fr\\\/?s={search_term_string}\"},\"query-input\":{\"@type\":\"PropertyValueSpecification\",\"valueRequired\":true,\"valueName\":\"search_term_string\"}}],\"inLanguage\":\"fr-FR\"},{\"@type\":\"Organization\",\"@id\":\"https:\\\/\\\/kubix.pl\\\/fr\\\/#organization\",\"name\":\"Kubix\",\"url\":\"https:\\\/\\\/kubix.pl\\\/fr\\\/\",\"logo\":{\"@type\":\"ImageObject\",\"inLanguage\":\"fr-FR\",\"@id\":\"https:\\\/\\\/kubix.pl\\\/fr\\\/#\\\/schema\\\/logo\\\/image\\\/\",\"url\":\"https:\\\/\\\/kubix.pl\\\/wp-content\\\/uploads\\\/2024\\\/11\\\/kubix.png\",\"contentUrl\":\"https:\\\/\\\/kubix.pl\\\/wp-content\\\/uploads\\\/2024\\\/11\\\/kubix.png\",\"width\":375,\"height\":60,\"caption\":\"Kubix\"},\"image\":{\"@id\":\"https:\\\/\\\/kubix.pl\\\/fr\\\/#\\\/schema\\\/logo\\\/image\\\/\"}}]}<\/script>\n<!-- \/ Yoast SEO plugin. -->","yoast_head_json":{"title":"Kontakt - Kubix","robots":{"index":"index","follow":"follow","max-snippet":"max-snippet:-1","max-image-preview":"max-image-preview:large","max-video-preview":"max-video-preview:-1"},"canonical":"https:\/\/kubix.pl\/fr\/kontakt\/","og_locale":"fr_FR","og_type":"article","og_title":"Kontakt - Kubix","og_description":"KUBIX Izabela Jab\u0142onowska ul. Sielska 17a10-801 OlsztynNIP: 739-29-96-095telefon: 89 527 83 04 Kontakt przyczepy (nowe):+48 880 980 150 ,+48 600 878 710email: team@kubix.pl, biuro@kubix.pl Kontakt przyczepy (wynajem + cz\u0119\u015bci):+48 884 884 757, +48 796-796-256email: marcin@kubix.pl, czesci@kubix.pl Rachunek bankowy do wp\u0142at w PLNSantander Bank80 1910 1048 2120 0000 5387 0001 Konto do wp\u0142at w EUR (Euro [&hellip;]","og_url":"https:\/\/kubix.pl\/fr\/kontakt\/","og_site_name":"Kubix","article_modified_time":"2025-09-16T11:15:20+00:00","twitter_card":"summary_large_image","twitter_misc":{"Dur\u00e9e de lecture estim\u00e9e":"1 minute"},"schema":{"@context":"https:\/\/schema.org","@graph":[{"@type":"WebPage","@id":"https:\/\/kubix.pl\/fr\/kontakt\/","url":"https:\/\/kubix.pl\/fr\/kontakt\/","name":"Kontakt - Kubix","isPartOf":{"@id":"https:\/\/kubix.pl\/fr\/#website"},"datePublished":"2018-10-11T10:19:52+00:00","dateModified":"2025-09-16T11:15:20+00:00","breadcrumb":{"@id":"https:\/\/kubix.pl\/fr\/kontakt\/#breadcrumb"},"inLanguage":"fr-FR","potentialAction":[{"@type":"ReadAction","target":["https:\/\/kubix.pl\/fr\/kontakt\/"]}]},{"@type":"BreadcrumbList","@id":"https:\/\/kubix.pl\/fr\/kontakt\/#breadcrumb","itemListElement":[{"@type":"ListItem","position":1,"name":"Strona g\u0142\u00f3wna","item":"https:\/\/kubix.pl\/fr\/"},{"@type":"ListItem","position":2,"name":"Kontakt"}]},{"@type":"WebSite","@id":"https:\/\/kubix.pl\/fr\/#website","url":"https:\/\/kubix.pl\/fr\/","name":"Kubix","description":"Przyczepy jednoosiowe, dwuosiowe","publisher":{"@id":"https:\/\/kubix.pl\/fr\/#organization"},"potentialAction":[{"@type":"SearchAction","target":{"@type":"EntryPoint","urlTemplate":"https:\/\/kubix.pl\/fr\/?s={search_term_string}"},"query-input":{"@type":"PropertyValueSpecification","valueRequired":true,"valueName":"search_term_string"}}],"inLanguage":"fr-FR"},{"@type":"Organization","@id":"https:\/\/kubix.pl\/fr\/#organization","name":"Kubix","url":"https:\/\/kubix.pl\/fr\/","logo":{"@type":"ImageObject","inLanguage":"fr-FR","@id":"https:\/\/kubix.pl\/fr\/#\/schema\/logo\/image\/","url":"https:\/\/kubix.pl\/wp-content\/uploads\/2024\/11\/kubix.png","contentUrl":"https:\/\/kubix.pl\/wp-content\/uploads\/2024\/11\/kubix.png","width":375,"height":60,"caption":"Kubix"},"image":{"@id":"https:\/\/kubix.pl\/fr\/#\/schema\/logo\/image\/"}}]}},"_links":{"self":[{"href":"https:\/\/kubix.pl\/fr\/wp-json\/wp\/v2\/pages\/54","targetHints":{"allow":["GET"]}}],"collection":[{"href":"https:\/\/kubix.pl\/fr\/wp-json\/wp\/v2\/pages"}],"about":[{"href":"https:\/\/kubix.pl\/fr\/wp-json\/wp\/v2\/types\/page"}],"author":[{"embeddable":true,"href":"https:\/\/kubix.pl\/fr\/wp-json\/wp\/v2\/users\/1"}],"replies":[{"embeddable":true,"href":"https:\/\/kubix.pl\/fr\/wp-json\/wp\/v2\/comments?post=54"}],"version-history":[{"count":0,"href":"https:\/\/kubix.pl\/fr\/wp-json\/wp\/v2\/pages\/54\/revisions"}],"wp:attachment":[{"href":"https:\/\/kubix.pl\/fr\/wp-json\/wp\/v2\/media?parent=54"}],"curies":[{"name":"wp","href":"https:\/\/api.w.org\/{rel}","templated":true}]}}