{"id":12140,"date":"2019-01-09T20:25:23","date_gmt":"2019-01-09T19:25:23","guid":{"rendered":"https:\/\/kubix.pl\/produkt\/faro-tractus-remorque-cargo-263x125x45cm-ptac-750kg\/"},"modified":"2021-07-20T21:19:11","modified_gmt":"2021-07-20T19:19:11","slug":"faro-tractus-remorque-cargo-263x125x45cm-ptac-750kg","status":"publish","type":"product","link":"https:\/\/kubix.pl\/fr\/produkt\/faro-tractus-remorque-cargo-263x125x45cm-ptac-750kg\/","title":{"rendered":"Faro Tractus remorque cargo 263x125x45cm PTAC 750kg"},"content":{"rendered":"<p><strong>TRACTUS<\/strong> est une gamme moderne de remorques pour voitures, fabriqu\u00e9es avec les meilleurs mat\u00e9riaux disponibles sur le march\u00e9 polonais. Le poids total autoris\u00e9 est jusqu&rsquo;\u00e0 750 kg. La remorque est fabriqu\u00e9e en t\u00f4le DX51D + Z275 avec une \u00e9paisseur de rev\u00eatement de zinc de 275g\/m2 (classe A). Ce mat\u00e9riau a une tr\u00e8s bonne r\u00e9sistance \u00e0 la corrosion et \u00e0 l&rsquo;oxydation, il allie un bel aspect \u00e0 la r\u00e9sistance de l&rsquo;acier. La structure de la remorque est boulonn\u00e9e, ce qui facilite grandement le remplacement des \u00e9l\u00e9ments endommag\u00e9s pendant le fonctionnement. Des boulons de classe 8.8 sont utilis\u00e9s. Le syst\u00e8me d&rsquo;essieu sp\u00e9cial avec des profils hexagonaux AL-KO permet \u00e9galement une absorption des chocs plus douce, am\u00e9liore le confort et la s\u00e9curit\u00e9 de conduite. La remorque a \u00e9t\u00e9 fabriqu\u00e9e sur des composants de soci\u00e9t\u00e9s bien connues (AL-KO, Steelpress, etc.)<\/p>\n<h1><span style=\"font-size: 24pt; color: #bd1515;\"><strong>\u00c9quipement standard<\/strong><br \/>\n<\/span><\/h1>\n<ul>\n<li>ch\u00e2ssis de remorque en acier galvanis\u00e9, \u00e9paisseur 2,5 mm, classe A,<\/li>\n<li>\nTimon en V, viss\u00e9, pli\u00e9 en t\u00f4le de 2,5 mm d&rsquo;\u00e9paisseur, classe A,<\/li>\n<li>flancs de remorque en t\u00f4le galvanis\u00e9e, \u00e9paisseur 1,25 mm, classe A,<\/li>\n<li>ouverture c\u00f4t\u00e9s avant\/arri\u00e8re,<\/li>\n<li>panneaux lat\u00e9raux amovibles,<\/li>\n<li>t\u00eate d&rsquo;attelage 750 kg ou 1300 kg par STEELPRESS, KNOTT OU AL-KO,<\/li>\n<li>sol en contreplaqu\u00e9 antid\u00e9rapant et imperm\u00e9able, \u00e9paisseur 9 mm,<\/li>\n<li>essieu non frein\u00e9 750 kg par STEELPRESS, KNOTT ou AL-KO,<\/li>\n<li>d\u00e9fenses de poly\u00e9thyl\u00e8ne,<\/li>\n<li>roue de support avec une poign\u00e9e,<\/li>\n<li>roues 155\/70 R13,<\/li>\n<li>poign\u00e9es de cerclage de charge,<\/li>\n<li>rouleaux lat\u00e9raux pour b\u00e2che,<\/li>\n<li>Installation \u00e9lectrique 12V (conform\u00e9ment au code de la route),<\/li>\n<li>Prise 7 broches.<\/li>\n<\/ul>\n<p><span style=\"color: #bd1515; font-size: 18pt;\"><strong>Accessoires optionnels<\/strong><\/span><\/p>\n<ul>\n<li>b\u00e2che plate &#8211; 250 PLN<\/li>\n<li>roue de secours &#8211; 250 PLN<\/li>\n<li>support de roue de secours &#8211; 100 PLN<\/li>\n<li>cadre avec b\u00e2che 80 cm &#8211; 780 PLN<\/li>\n<li>cadre avec b\u00e2che 120 cm &#8211; 880 PLN<\/li>\n","protected":false},"excerpt":{"rendered":"<p>Faro Tractus remorque cargo 263x125x45cm PTAC 750kg<\/p>\n","protected":false},"featured_media":14551,"template":"","meta":[],"product_brand":[],"product_cat":[2793],"product_tag":[2843,2808,2809,2839,2811,2812,2817,2873,2875,2823,2824],"class_list":{"0":"post-12140","1":"product","2":"type-product","3":"status-publish","4":"has-post-thumbnail","6":"product_cat-uniaxial-jusqua-750-kg","7":"product_tag-263x125x45-fr","8":"product_tag-anhaenger-fr","9":"product_tag-dmc-750-fr","10":"product_tag-faro-fr","11":"product_tag-jednoosiowa-fr","12":"product_tag-lekka-fr","13":"product_tag-przyczepa-fr","14":"product_tag-solidus-fr","15":"product_tag-tractus-fr","16":"product_tag-trailer-fr","17":"product_tag-trailers-fr","18":"product_shipping_class-200-zl-fr","20":"first","21":"outofstock","22":"taxable","23":"shipping-taxable","24":"purchasable","25":"product-type-simple"},"yoast_head":"<!-- This site is optimized with the Yoast SEO plugin v27.3 - https:\/\/yoast.com\/product\/yoast-seo-wordpress\/ -->\n<title>Faro Tractus remorque cargo 263x125x45cm PTAC 750kg - Kubix<\/title>\n<meta name=\"robots\" content=\"index, follow, max-snippet:-1, max-image-preview:large, max-video-preview:-1\" \/>\n<link rel=\"canonical\" href=\"https:\/\/kubix.pl\/fr\/produkt\/faro-tractus-remorque-cargo-263x125x45cm-ptac-750kg\/\" \/>\n<meta property=\"og:locale\" content=\"fr_FR\" \/>\n<meta property=\"og:type\" content=\"article\" \/>\n<meta property=\"og:title\" content=\"Faro Tractus remorque cargo 263x125x45cm PTAC 750kg - Kubix\" \/>\n<meta property=\"og:description\" content=\"Faro Tractus remorque cargo 263x125x45cm PTAC 750kg\" \/>\n<meta property=\"og:url\" content=\"https:\/\/kubix.pl\/fr\/produkt\/faro-tractus-remorque-cargo-263x125x45cm-ptac-750kg\/\" \/>\n<meta property=\"og:site_name\" content=\"Kubix\" \/>\n<meta property=\"article:modified_time\" content=\"2021-07-20T19:19:11+00:00\" \/>\n<meta property=\"og:image\" content=\"https:\/\/kubix.pl\/wp-content\/uploads\/2016\/11\/tractus_03.jpg\" \/>\n\t<meta property=\"og:image:width\" content=\"1200\" \/>\n\t<meta property=\"og:image:height\" content=\"1200\" \/>\n\t<meta property=\"og:image:type\" content=\"image\/jpeg\" \/>\n<meta name=\"twitter:card\" content=\"summary_large_image\" \/>\n<meta name=\"twitter:label1\" content=\"Dur\u00e9e de lecture estim\u00e9e\" \/>\n\t<meta name=\"twitter:data1\" content=\"2 minutes\" \/>\n<script type=\"application\/ld+json\" class=\"yoast-schema-graph\">{\"@context\":\"https:\\\/\\\/schema.org\",\"@graph\":[{\"@type\":\"WebPage\",\"@id\":\"https:\\\/\\\/kubix.pl\\\/fr\\\/produkt\\\/faro-tractus-remorque-cargo-263x125x45cm-ptac-750kg\\\/\",\"url\":\"https:\\\/\\\/kubix.pl\\\/fr\\\/produkt\\\/faro-tractus-remorque-cargo-263x125x45cm-ptac-750kg\\\/\",\"name\":\"Faro Tractus remorque cargo 263x125x45cm PTAC 750kg - Kubix\",\"isPartOf\":{\"@id\":\"https:\\\/\\\/kubix.pl\\\/fr\\\/#website\"},\"primaryImageOfPage\":{\"@id\":\"https:\\\/\\\/kubix.pl\\\/fr\\\/produkt\\\/faro-tractus-remorque-cargo-263x125x45cm-ptac-750kg\\\/#primaryimage\"},\"image\":{\"@id\":\"https:\\\/\\\/kubix.pl\\\/fr\\\/produkt\\\/faro-tractus-remorque-cargo-263x125x45cm-ptac-750kg\\\/#primaryimage\"},\"thumbnailUrl\":\"https:\\\/\\\/kubix.pl\\\/wp-content\\\/uploads\\\/2016\\\/11\\\/tractus_03.jpg\",\"datePublished\":\"2019-01-09T19:25:23+00:00\",\"dateModified\":\"2021-07-20T19:19:11+00:00\",\"breadcrumb\":{\"@id\":\"https:\\\/\\\/kubix.pl\\\/fr\\\/produkt\\\/faro-tractus-remorque-cargo-263x125x45cm-ptac-750kg\\\/#breadcrumb\"},\"inLanguage\":\"fr-FR\",\"potentialAction\":[{\"@type\":\"ReadAction\",\"target\":[\"https:\\\/\\\/kubix.pl\\\/fr\\\/produkt\\\/faro-tractus-remorque-cargo-263x125x45cm-ptac-750kg\\\/\"]}]},{\"@type\":\"ImageObject\",\"inLanguage\":\"fr-FR\",\"@id\":\"https:\\\/\\\/kubix.pl\\\/fr\\\/produkt\\\/faro-tractus-remorque-cargo-263x125x45cm-ptac-750kg\\\/#primaryimage\",\"url\":\"https:\\\/\\\/kubix.pl\\\/wp-content\\\/uploads\\\/2016\\\/11\\\/tractus_03.jpg\",\"contentUrl\":\"https:\\\/\\\/kubix.pl\\\/wp-content\\\/uploads\\\/2016\\\/11\\\/tractus_03.jpg\",\"width\":1200,\"height\":1200},{\"@type\":\"BreadcrumbList\",\"@id\":\"https:\\\/\\\/kubix.pl\\\/fr\\\/produkt\\\/faro-tractus-remorque-cargo-263x125x45cm-ptac-750kg\\\/#breadcrumb\",\"itemListElement\":[{\"@type\":\"ListItem\",\"position\":1,\"name\":\"Strona g\u0142\u00f3wna\",\"item\":\"https:\\\/\\\/kubix.pl\\\/fr\\\/\"},{\"@type\":\"ListItem\",\"position\":2,\"name\":\"Sklep\",\"item\":\"https:\\\/\\\/kubix.pl\\\/sklep\\\/\"},{\"@type\":\"ListItem\",\"position\":3,\"name\":\"Faro Tractus remorque cargo 263x125x45cm PTAC 750kg\"}]},{\"@type\":\"WebSite\",\"@id\":\"https:\\\/\\\/kubix.pl\\\/fr\\\/#website\",\"url\":\"https:\\\/\\\/kubix.pl\\\/fr\\\/\",\"name\":\"Kubix\",\"description\":\"Przyczepy jednoosiowe, dwuosiowe\",\"publisher\":{\"@id\":\"https:\\\/\\\/kubix.pl\\\/fr\\\/#organization\"},\"potentialAction\":[{\"@type\":\"SearchAction\",\"target\":{\"@type\":\"EntryPoint\",\"urlTemplate\":\"https:\\\/\\\/kubix.pl\\\/fr\\\/?s={search_term_string}\"},\"query-input\":{\"@type\":\"PropertyValueSpecification\",\"valueRequired\":true,\"valueName\":\"search_term_string\"}}],\"inLanguage\":\"fr-FR\"},{\"@type\":\"Organization\",\"@id\":\"https:\\\/\\\/kubix.pl\\\/fr\\\/#organization\",\"name\":\"Kubix\",\"url\":\"https:\\\/\\\/kubix.pl\\\/fr\\\/\",\"logo\":{\"@type\":\"ImageObject\",\"inLanguage\":\"fr-FR\",\"@id\":\"https:\\\/\\\/kubix.pl\\\/fr\\\/#\\\/schema\\\/logo\\\/image\\\/\",\"url\":\"https:\\\/\\\/kubix.pl\\\/wp-content\\\/uploads\\\/2024\\\/11\\\/kubix.png\",\"contentUrl\":\"https:\\\/\\\/kubix.pl\\\/wp-content\\\/uploads\\\/2024\\\/11\\\/kubix.png\",\"width\":375,\"height\":60,\"caption\":\"Kubix\"},\"image\":{\"@id\":\"https:\\\/\\\/kubix.pl\\\/fr\\\/#\\\/schema\\\/logo\\\/image\\\/\"}}]}<\/script>\n<!-- \/ Yoast SEO plugin. -->","yoast_head_json":{"title":"Faro Tractus remorque cargo 263x125x45cm PTAC 750kg - Kubix","robots":{"index":"index","follow":"follow","max-snippet":"max-snippet:-1","max-image-preview":"max-image-preview:large","max-video-preview":"max-video-preview:-1"},"canonical":"https:\/\/kubix.pl\/fr\/produkt\/faro-tractus-remorque-cargo-263x125x45cm-ptac-750kg\/","og_locale":"fr_FR","og_type":"article","og_title":"Faro Tractus remorque cargo 263x125x45cm PTAC 750kg - Kubix","og_description":"Faro Tractus remorque cargo 263x125x45cm PTAC 750kg","og_url":"https:\/\/kubix.pl\/fr\/produkt\/faro-tractus-remorque-cargo-263x125x45cm-ptac-750kg\/","og_site_name":"Kubix","article_modified_time":"2021-07-20T19:19:11+00:00","og_image":[{"width":1200,"height":1200,"url":"https:\/\/kubix.pl\/wp-content\/uploads\/2016\/11\/tractus_03.jpg","type":"image\/jpeg"}],"twitter_card":"summary_large_image","twitter_misc":{"Dur\u00e9e de lecture estim\u00e9e":"2 minutes"},"schema":{"@context":"https:\/\/schema.org","@graph":[{"@type":"WebPage","@id":"https:\/\/kubix.pl\/fr\/produkt\/faro-tractus-remorque-cargo-263x125x45cm-ptac-750kg\/","url":"https:\/\/kubix.pl\/fr\/produkt\/faro-tractus-remorque-cargo-263x125x45cm-ptac-750kg\/","name":"Faro Tractus remorque cargo 263x125x45cm PTAC 750kg - Kubix","isPartOf":{"@id":"https:\/\/kubix.pl\/fr\/#website"},"primaryImageOfPage":{"@id":"https:\/\/kubix.pl\/fr\/produkt\/faro-tractus-remorque-cargo-263x125x45cm-ptac-750kg\/#primaryimage"},"image":{"@id":"https:\/\/kubix.pl\/fr\/produkt\/faro-tractus-remorque-cargo-263x125x45cm-ptac-750kg\/#primaryimage"},"thumbnailUrl":"https:\/\/kubix.pl\/wp-content\/uploads\/2016\/11\/tractus_03.jpg","datePublished":"2019-01-09T19:25:23+00:00","dateModified":"2021-07-20T19:19:11+00:00","breadcrumb":{"@id":"https:\/\/kubix.pl\/fr\/produkt\/faro-tractus-remorque-cargo-263x125x45cm-ptac-750kg\/#breadcrumb"},"inLanguage":"fr-FR","potentialAction":[{"@type":"ReadAction","target":["https:\/\/kubix.pl\/fr\/produkt\/faro-tractus-remorque-cargo-263x125x45cm-ptac-750kg\/"]}]},{"@type":"ImageObject","inLanguage":"fr-FR","@id":"https:\/\/kubix.pl\/fr\/produkt\/faro-tractus-remorque-cargo-263x125x45cm-ptac-750kg\/#primaryimage","url":"https:\/\/kubix.pl\/wp-content\/uploads\/2016\/11\/tractus_03.jpg","contentUrl":"https:\/\/kubix.pl\/wp-content\/uploads\/2016\/11\/tractus_03.jpg","width":1200,"height":1200},{"@type":"BreadcrumbList","@id":"https:\/\/kubix.pl\/fr\/produkt\/faro-tractus-remorque-cargo-263x125x45cm-ptac-750kg\/#breadcrumb","itemListElement":[{"@type":"ListItem","position":1,"name":"Strona g\u0142\u00f3wna","item":"https:\/\/kubix.pl\/fr\/"},{"@type":"ListItem","position":2,"name":"Sklep","item":"https:\/\/kubix.pl\/sklep\/"},{"@type":"ListItem","position":3,"name":"Faro Tractus remorque cargo 263x125x45cm PTAC 750kg"}]},{"@type":"WebSite","@id":"https:\/\/kubix.pl\/fr\/#website","url":"https:\/\/kubix.pl\/fr\/","name":"Kubix","description":"Przyczepy jednoosiowe, dwuosiowe","publisher":{"@id":"https:\/\/kubix.pl\/fr\/#organization"},"potentialAction":[{"@type":"SearchAction","target":{"@type":"EntryPoint","urlTemplate":"https:\/\/kubix.pl\/fr\/?s={search_term_string}"},"query-input":{"@type":"PropertyValueSpecification","valueRequired":true,"valueName":"search_term_string"}}],"inLanguage":"fr-FR"},{"@type":"Organization","@id":"https:\/\/kubix.pl\/fr\/#organization","name":"Kubix","url":"https:\/\/kubix.pl\/fr\/","logo":{"@type":"ImageObject","inLanguage":"fr-FR","@id":"https:\/\/kubix.pl\/fr\/#\/schema\/logo\/image\/","url":"https:\/\/kubix.pl\/wp-content\/uploads\/2024\/11\/kubix.png","contentUrl":"https:\/\/kubix.pl\/wp-content\/uploads\/2024\/11\/kubix.png","width":375,"height":60,"caption":"Kubix"},"image":{"@id":"https:\/\/kubix.pl\/fr\/#\/schema\/logo\/image\/"}}]}},"_links":{"self":[{"href":"https:\/\/kubix.pl\/fr\/wp-json\/wp\/v2\/product\/12140","targetHints":{"allow":["GET"]}}],"collection":[{"href":"https:\/\/kubix.pl\/fr\/wp-json\/wp\/v2\/product"}],"about":[{"href":"https:\/\/kubix.pl\/fr\/wp-json\/wp\/v2\/types\/product"}],"wp:featuredmedia":[{"embeddable":true,"href":"https:\/\/kubix.pl\/fr\/wp-json\/wp\/v2\/media\/14551"}],"wp:attachment":[{"href":"https:\/\/kubix.pl\/fr\/wp-json\/wp\/v2\/media?parent=12140"}],"wp:term":[{"taxonomy":"product_brand","embeddable":true,"href":"https:\/\/kubix.pl\/fr\/wp-json\/wp\/v2\/product_brand?post=12140"},{"taxonomy":"product_cat","embeddable":true,"href":"https:\/\/kubix.pl\/fr\/wp-json\/wp\/v2\/product_cat?post=12140"},{"taxonomy":"product_tag","embeddable":true,"href":"https:\/\/kubix.pl\/fr\/wp-json\/wp\/v2\/product_tag?post=12140"}],"curies":[{"name":"wp","href":"https:\/\/api.w.org\/{rel}","templated":true}]}}