{"id":13299,"date":"2020-01-14T15:59:18","date_gmt":"2020-01-14T14:59:18","guid":{"rendered":"https:\/\/kubix.pl\/produkt\/n7-202-ptd-neptun-przyczepa-jednoosiowa-o-dmc-750kg-2\/"},"modified":"2021-07-22T07:54:57","modified_gmt":"2021-07-22T05:54:57","slug":"n7-202-ptd-neptun-une-remorque-a-un-essieu-avec-un-dmc-de-750-kg","status":"publish","type":"product","link":"https:\/\/kubix.pl\/fr\/produkt\/n7-202-ptd-neptun-une-remorque-a-un-essieu-avec-un-dmc-de-750-kg\/","title":{"rendered":"N7-202 ptd Neptun une remorque \u00e0 un essieu avec un DMC de 750 kg"},"content":{"rendered":"<h4>Description du produit:<\/h4>\n<p>La remorque PRATIK de Neptun est une proposition id\u00e9ale pour les personnes \u00e0 la recherche d&rsquo;une petite remorque solide et fonctionnelle. Les poign\u00e9es de corde d&rsquo;arrimage de la charge sont situ\u00e9es dans les coins de la bo\u00eete. Ils \u00e9quipent de s\u00e9rie toutes les caravanes Neptun. Les crochets de b\u00e2che sont standard dans les remorques Neptune. Ils sont utilis\u00e9s pour fixer des b\u00e2ches, \u00e0 la fois plates et hautes, sur des cr\u00e9maill\u00e8res. Le timon sagittal avec renfort, la suspension ind\u00e9pendante et les \u00e9l\u00e9ments en caoutchouc de l&rsquo;essieu garantissent une conduite s\u00fbre et stable. Des lampes multifonctions sont mont\u00e9es sous le hayon, ce qui les prot\u00e8ge des dommages, de l&rsquo;humidit\u00e9 et de la boue.<\/p>\n<h1>\u00c9quipement standard<\/h1>\n<ul>\n<li aria-level=\"1\">Essieu non frein\u00e9 750 kg<\/li>\n<li aria-level=\"1\">Attelage \u00e0 boule<\/li>\n<li aria-level=\"1\">Construction galvanis\u00e9e \u00e0 chaud<\/li>\n<li aria-level=\"1\">Roues 155\/70 R13 situ\u00e9es \u00e0 l&rsquo;ext\u00e9rieur de la caisse de chargement<\/li>\n<li aria-level=\"1\">Hayon \u00e0 charni\u00e8re en acier<\/li>\n<li aria-level=\"1\">Rouleaux en caoutchouc amortissant les vibrations<\/li>\n<li aria-level=\"1\">Poign\u00e9es au sol<\/li>\n<\/ul>\n<h1>Accessoires optionnels<\/h1>\n<ul>\n<li aria-level=\"1\">Roue de secours &#8211; PLN 250<\/li>\n<li aria-level=\"1\">Roue de support avec une pince &#8211; 65 PLN<\/li>\n<li aria-level=\"1\">B\u00e2che plate &#8211; PLN 130<\/li>\n<li aria-level=\"1\">Protection antivol -20 PLN<\/li>\n<\/ul>\n","protected":false},"excerpt":{"rendered":"<p>N7-202 ptd Neptun une remorque \u00e0 un essieu avec un DMC de 750 kg<\/p>\n","protected":false},"featured_media":13276,"template":"","meta":[],"product_brand":[],"product_cat":[3077,2793],"product_tag":[2808,2809,2829,2810,2811,2812,2813,2814,2815,2816,2817,2818,2819,2820,2823,2824],"class_list":{"0":"post-13299","1":"product","2":"type-product","3":"status-publish","4":"has-post-thumbnail","6":"product_cat-remorques-neptun","7":"product_cat-uniaxial-jusqua-750-kg","8":"product_tag-anhaenger-fr","9":"product_tag-dmc-750-fr","10":"product_tag-gn-129-fr","11":"product_tag-gn129-fr","12":"product_tag-jednoosiowa-fr","13":"product_tag-lekka-fr","14":"product_tag-n7-202-ptd-fr","15":"product_tag-neptun-fr","16":"product_tag-pkw-anhaenger-fr","17":"product_tag-pratik-fr","18":"product_tag-przyczepa-fr","19":"product_tag-przyczepa-jednoosiowa-fr","20":"product_tag-przyczepa-lekka-fr","21":"product_tag-przyczepa-neptun-fr","22":"product_tag-trailer-fr","23":"product_tag-trailers-fr","25":"first","26":"instock","27":"sale","28":"taxable","29":"shipping-taxable","30":"purchasable","31":"product-type-simple"},"yoast_head":"<!-- This site is optimized with the Yoast SEO plugin v27.3 - https:\/\/yoast.com\/product\/yoast-seo-wordpress\/ -->\n<title>N7-202 ptd Neptun une remorque \u00e0 un essieu avec un DMC de 750 kg - Kubix<\/title>\n<meta name=\"description\" content=\"quantit\u00e9 N7-202 ptd Neptun remorque simple essieu avec une GVM de 750kg\" \/>\n<meta name=\"robots\" content=\"index, follow, max-snippet:-1, max-image-preview:large, max-video-preview:-1\" \/>\n<link rel=\"canonical\" href=\"https:\/\/kubix.pl\/fr\/produkt\/n7-202-ptd-neptun-une-remorque-a-un-essieu-avec-un-dmc-de-750-kg\/\" \/>\n<meta property=\"og:locale\" content=\"fr_FR\" \/>\n<meta property=\"og:type\" content=\"article\" \/>\n<meta property=\"og:title\" content=\"N7-202 ptd Neptun une remorque \u00e0 un essieu avec un DMC de 750 kg - Kubix\" \/>\n<meta property=\"og:description\" content=\"quantit\u00e9 N7-202 ptd Neptun remorque simple essieu avec une GVM de 750kg\" \/>\n<meta property=\"og:url\" content=\"https:\/\/kubix.pl\/fr\/produkt\/n7-202-ptd-neptun-une-remorque-a-un-essieu-avec-un-dmc-de-750-kg\/\" \/>\n<meta property=\"og:site_name\" content=\"Kubix\" \/>\n<meta property=\"article:modified_time\" content=\"2021-07-22T05:54:57+00:00\" \/>\n<meta property=\"og:image\" content=\"https:\/\/kubix.pl\/wp-content\/uploads\/2015\/09\/IMG_2506.jpg\" \/>\n\t<meta property=\"og:image:width\" content=\"1600\" \/>\n\t<meta property=\"og:image:height\" content=\"1068\" \/>\n\t<meta property=\"og:image:type\" content=\"image\/jpeg\" \/>\n<meta name=\"twitter:card\" content=\"summary_large_image\" \/>\n<meta name=\"twitter:label1\" content=\"Dur\u00e9e de lecture estim\u00e9e\" \/>\n\t<meta name=\"twitter:data1\" content=\"1 minute\" \/>\n<script type=\"application\/ld+json\" class=\"yoast-schema-graph\">{\"@context\":\"https:\\\/\\\/schema.org\",\"@graph\":[{\"@type\":\"WebPage\",\"@id\":\"https:\\\/\\\/kubix.pl\\\/fr\\\/produkt\\\/n7-202-ptd-neptun-une-remorque-a-un-essieu-avec-un-dmc-de-750-kg\\\/\",\"url\":\"https:\\\/\\\/kubix.pl\\\/fr\\\/produkt\\\/n7-202-ptd-neptun-une-remorque-a-un-essieu-avec-un-dmc-de-750-kg\\\/\",\"name\":\"N7-202 ptd Neptun une remorque \u00e0 un essieu avec un DMC de 750 kg - Kubix\",\"isPartOf\":{\"@id\":\"https:\\\/\\\/kubix.pl\\\/fr\\\/#website\"},\"primaryImageOfPage\":{\"@id\":\"https:\\\/\\\/kubix.pl\\\/fr\\\/produkt\\\/n7-202-ptd-neptun-une-remorque-a-un-essieu-avec-un-dmc-de-750-kg\\\/#primaryimage\"},\"image\":{\"@id\":\"https:\\\/\\\/kubix.pl\\\/fr\\\/produkt\\\/n7-202-ptd-neptun-une-remorque-a-un-essieu-avec-un-dmc-de-750-kg\\\/#primaryimage\"},\"thumbnailUrl\":\"https:\\\/\\\/kubix.pl\\\/wp-content\\\/uploads\\\/2015\\\/09\\\/IMG_2506.jpg\",\"datePublished\":\"2020-01-14T14:59:18+00:00\",\"dateModified\":\"2021-07-22T05:54:57+00:00\",\"description\":\"quantit\u00e9 N7-202 ptd Neptun remorque simple essieu avec une GVM de 750kg\",\"breadcrumb\":{\"@id\":\"https:\\\/\\\/kubix.pl\\\/fr\\\/produkt\\\/n7-202-ptd-neptun-une-remorque-a-un-essieu-avec-un-dmc-de-750-kg\\\/#breadcrumb\"},\"inLanguage\":\"fr-FR\",\"potentialAction\":[{\"@type\":\"ReadAction\",\"target\":[\"https:\\\/\\\/kubix.pl\\\/fr\\\/produkt\\\/n7-202-ptd-neptun-une-remorque-a-un-essieu-avec-un-dmc-de-750-kg\\\/\"]}]},{\"@type\":\"ImageObject\",\"inLanguage\":\"fr-FR\",\"@id\":\"https:\\\/\\\/kubix.pl\\\/fr\\\/produkt\\\/n7-202-ptd-neptun-une-remorque-a-un-essieu-avec-un-dmc-de-750-kg\\\/#primaryimage\",\"url\":\"https:\\\/\\\/kubix.pl\\\/wp-content\\\/uploads\\\/2015\\\/09\\\/IMG_2506.jpg\",\"contentUrl\":\"https:\\\/\\\/kubix.pl\\\/wp-content\\\/uploads\\\/2015\\\/09\\\/IMG_2506.jpg\",\"width\":1600,\"height\":1068,\"caption\":\"Remorque simple essieu Neptun GN135 avec un DMC de 750 kg avec ch\u00e2ssis et b\u00e2che\"},{\"@type\":\"BreadcrumbList\",\"@id\":\"https:\\\/\\\/kubix.pl\\\/fr\\\/produkt\\\/n7-202-ptd-neptun-une-remorque-a-un-essieu-avec-un-dmc-de-750-kg\\\/#breadcrumb\",\"itemListElement\":[{\"@type\":\"ListItem\",\"position\":1,\"name\":\"Strona g\u0142\u00f3wna\",\"item\":\"https:\\\/\\\/kubix.pl\\\/fr\\\/\"},{\"@type\":\"ListItem\",\"position\":2,\"name\":\"Sklep\",\"item\":\"https:\\\/\\\/kubix.pl\\\/sklep\\\/\"},{\"@type\":\"ListItem\",\"position\":3,\"name\":\"N7-202 ptd Neptun une remorque \u00e0 un essieu avec un DMC de 750 kg\"}]},{\"@type\":\"WebSite\",\"@id\":\"https:\\\/\\\/kubix.pl\\\/fr\\\/#website\",\"url\":\"https:\\\/\\\/kubix.pl\\\/fr\\\/\",\"name\":\"Kubix\",\"description\":\"Przyczepy jednoosiowe, dwuosiowe\",\"publisher\":{\"@id\":\"https:\\\/\\\/kubix.pl\\\/fr\\\/#organization\"},\"potentialAction\":[{\"@type\":\"SearchAction\",\"target\":{\"@type\":\"EntryPoint\",\"urlTemplate\":\"https:\\\/\\\/kubix.pl\\\/fr\\\/?s={search_term_string}\"},\"query-input\":{\"@type\":\"PropertyValueSpecification\",\"valueRequired\":true,\"valueName\":\"search_term_string\"}}],\"inLanguage\":\"fr-FR\"},{\"@type\":\"Organization\",\"@id\":\"https:\\\/\\\/kubix.pl\\\/fr\\\/#organization\",\"name\":\"Kubix\",\"url\":\"https:\\\/\\\/kubix.pl\\\/fr\\\/\",\"logo\":{\"@type\":\"ImageObject\",\"inLanguage\":\"fr-FR\",\"@id\":\"https:\\\/\\\/kubix.pl\\\/fr\\\/#\\\/schema\\\/logo\\\/image\\\/\",\"url\":\"https:\\\/\\\/kubix.pl\\\/wp-content\\\/uploads\\\/2024\\\/11\\\/kubix.png\",\"contentUrl\":\"https:\\\/\\\/kubix.pl\\\/wp-content\\\/uploads\\\/2024\\\/11\\\/kubix.png\",\"width\":375,\"height\":60,\"caption\":\"Kubix\"},\"image\":{\"@id\":\"https:\\\/\\\/kubix.pl\\\/fr\\\/#\\\/schema\\\/logo\\\/image\\\/\"}}]}<\/script>\n<!-- \/ Yoast SEO plugin. -->","yoast_head_json":{"title":"N7-202 ptd Neptun une remorque \u00e0 un essieu avec un DMC de 750 kg - Kubix","description":"quantit\u00e9 N7-202 ptd Neptun remorque simple essieu avec une GVM de 750kg","robots":{"index":"index","follow":"follow","max-snippet":"max-snippet:-1","max-image-preview":"max-image-preview:large","max-video-preview":"max-video-preview:-1"},"canonical":"https:\/\/kubix.pl\/fr\/produkt\/n7-202-ptd-neptun-une-remorque-a-un-essieu-avec-un-dmc-de-750-kg\/","og_locale":"fr_FR","og_type":"article","og_title":"N7-202 ptd Neptun une remorque \u00e0 un essieu avec un DMC de 750 kg - Kubix","og_description":"quantit\u00e9 N7-202 ptd Neptun remorque simple essieu avec une GVM de 750kg","og_url":"https:\/\/kubix.pl\/fr\/produkt\/n7-202-ptd-neptun-une-remorque-a-un-essieu-avec-un-dmc-de-750-kg\/","og_site_name":"Kubix","article_modified_time":"2021-07-22T05:54:57+00:00","og_image":[{"width":1600,"height":1068,"url":"https:\/\/kubix.pl\/wp-content\/uploads\/2015\/09\/IMG_2506.jpg","type":"image\/jpeg"}],"twitter_card":"summary_large_image","twitter_misc":{"Dur\u00e9e de lecture estim\u00e9e":"1 minute"},"schema":{"@context":"https:\/\/schema.org","@graph":[{"@type":"WebPage","@id":"https:\/\/kubix.pl\/fr\/produkt\/n7-202-ptd-neptun-une-remorque-a-un-essieu-avec-un-dmc-de-750-kg\/","url":"https:\/\/kubix.pl\/fr\/produkt\/n7-202-ptd-neptun-une-remorque-a-un-essieu-avec-un-dmc-de-750-kg\/","name":"N7-202 ptd Neptun une remorque \u00e0 un essieu avec un DMC de 750 kg - Kubix","isPartOf":{"@id":"https:\/\/kubix.pl\/fr\/#website"},"primaryImageOfPage":{"@id":"https:\/\/kubix.pl\/fr\/produkt\/n7-202-ptd-neptun-une-remorque-a-un-essieu-avec-un-dmc-de-750-kg\/#primaryimage"},"image":{"@id":"https:\/\/kubix.pl\/fr\/produkt\/n7-202-ptd-neptun-une-remorque-a-un-essieu-avec-un-dmc-de-750-kg\/#primaryimage"},"thumbnailUrl":"https:\/\/kubix.pl\/wp-content\/uploads\/2015\/09\/IMG_2506.jpg","datePublished":"2020-01-14T14:59:18+00:00","dateModified":"2021-07-22T05:54:57+00:00","description":"quantit\u00e9 N7-202 ptd Neptun remorque simple essieu avec une GVM de 750kg","breadcrumb":{"@id":"https:\/\/kubix.pl\/fr\/produkt\/n7-202-ptd-neptun-une-remorque-a-un-essieu-avec-un-dmc-de-750-kg\/#breadcrumb"},"inLanguage":"fr-FR","potentialAction":[{"@type":"ReadAction","target":["https:\/\/kubix.pl\/fr\/produkt\/n7-202-ptd-neptun-une-remorque-a-un-essieu-avec-un-dmc-de-750-kg\/"]}]},{"@type":"ImageObject","inLanguage":"fr-FR","@id":"https:\/\/kubix.pl\/fr\/produkt\/n7-202-ptd-neptun-une-remorque-a-un-essieu-avec-un-dmc-de-750-kg\/#primaryimage","url":"https:\/\/kubix.pl\/wp-content\/uploads\/2015\/09\/IMG_2506.jpg","contentUrl":"https:\/\/kubix.pl\/wp-content\/uploads\/2015\/09\/IMG_2506.jpg","width":1600,"height":1068,"caption":"Remorque simple essieu Neptun GN135 avec un DMC de 750 kg avec ch\u00e2ssis et b\u00e2che"},{"@type":"BreadcrumbList","@id":"https:\/\/kubix.pl\/fr\/produkt\/n7-202-ptd-neptun-une-remorque-a-un-essieu-avec-un-dmc-de-750-kg\/#breadcrumb","itemListElement":[{"@type":"ListItem","position":1,"name":"Strona g\u0142\u00f3wna","item":"https:\/\/kubix.pl\/fr\/"},{"@type":"ListItem","position":2,"name":"Sklep","item":"https:\/\/kubix.pl\/sklep\/"},{"@type":"ListItem","position":3,"name":"N7-202 ptd Neptun une remorque \u00e0 un essieu avec un DMC de 750 kg"}]},{"@type":"WebSite","@id":"https:\/\/kubix.pl\/fr\/#website","url":"https:\/\/kubix.pl\/fr\/","name":"Kubix","description":"Przyczepy jednoosiowe, dwuosiowe","publisher":{"@id":"https:\/\/kubix.pl\/fr\/#organization"},"potentialAction":[{"@type":"SearchAction","target":{"@type":"EntryPoint","urlTemplate":"https:\/\/kubix.pl\/fr\/?s={search_term_string}"},"query-input":{"@type":"PropertyValueSpecification","valueRequired":true,"valueName":"search_term_string"}}],"inLanguage":"fr-FR"},{"@type":"Organization","@id":"https:\/\/kubix.pl\/fr\/#organization","name":"Kubix","url":"https:\/\/kubix.pl\/fr\/","logo":{"@type":"ImageObject","inLanguage":"fr-FR","@id":"https:\/\/kubix.pl\/fr\/#\/schema\/logo\/image\/","url":"https:\/\/kubix.pl\/wp-content\/uploads\/2024\/11\/kubix.png","contentUrl":"https:\/\/kubix.pl\/wp-content\/uploads\/2024\/11\/kubix.png","width":375,"height":60,"caption":"Kubix"},"image":{"@id":"https:\/\/kubix.pl\/fr\/#\/schema\/logo\/image\/"}}]}},"_links":{"self":[{"href":"https:\/\/kubix.pl\/fr\/wp-json\/wp\/v2\/product\/13299","targetHints":{"allow":["GET"]}}],"collection":[{"href":"https:\/\/kubix.pl\/fr\/wp-json\/wp\/v2\/product"}],"about":[{"href":"https:\/\/kubix.pl\/fr\/wp-json\/wp\/v2\/types\/product"}],"wp:featuredmedia":[{"embeddable":true,"href":"https:\/\/kubix.pl\/fr\/wp-json\/wp\/v2\/media\/13276"}],"wp:attachment":[{"href":"https:\/\/kubix.pl\/fr\/wp-json\/wp\/v2\/media?parent=13299"}],"wp:term":[{"taxonomy":"product_brand","embeddable":true,"href":"https:\/\/kubix.pl\/fr\/wp-json\/wp\/v2\/product_brand?post=13299"},{"taxonomy":"product_cat","embeddable":true,"href":"https:\/\/kubix.pl\/fr\/wp-json\/wp\/v2\/product_cat?post=13299"},{"taxonomy":"product_tag","embeddable":true,"href":"https:\/\/kubix.pl\/fr\/wp-json\/wp\/v2\/product_tag?post=13299"}],"curies":[{"name":"wp","href":"https:\/\/api.w.org\/{rel}","templated":true}]}}