{"id":13874,"date":"2015-09-24T11:39:18","date_gmt":"2015-09-24T09:39:18","guid":{"rendered":"https:\/\/kubix.pl\/produkt\/remorque-a-essieu-simple-n5-145-city-neptun-avec-un-poids-total-de-400-kg\/"},"modified":"2015-09-24T11:39:18","modified_gmt":"2015-09-24T09:39:18","slug":"remorque-a-essieu-simple-n5-145-city-neptun-avec-un-poids-total-de-400-kg","status":"publish","type":"product","link":"https:\/\/kubix.pl\/fr\/produkt\/remorque-a-essieu-simple-n5-145-city-neptun-avec-un-poids-total-de-400-kg\/","title":{"rendered":"Remorque \u00e0 essieu simple N5-145 City Neptun avec un poids total de 400 kg"},"content":{"rendered":"<p>La remorque Neptun N5-145 CITY (GN052) est une remorque tr\u00e8s l\u00e9g\u00e8re. Les dimensions de cette remorque 145 \u00d7 98 lui permettent d&rsquo;\u00eatre stock\u00e9e dans de petits espaces. Un avantage suppl\u00e9mentaire est la barre de traction qui peut \u00eatre ins\u00e9r\u00e9e sous la bo\u00eete, ce qui r\u00e9duit encore l&rsquo;espace de stockage. Les poign\u00e9es de corde d&rsquo;arrimage de la charge sont situ\u00e9es dans les coins de la bo\u00eete. Les poign\u00e9es sont install\u00e9es de s\u00e9rie dans toutes les caravanes Neptun. Les crochets de b\u00e2che sont standard dans les remorques Neptune. Ils sont utilis\u00e9s pour fixer des b\u00e2ches, \u00e0 la fois plates et hautes, sur des cr\u00e9maill\u00e8res. La suspension de roue est ind\u00e9pendante et ses \u00e9l\u00e9ments en caoutchouc garantissent une conduite s\u00fbre et confortable. Des lampes multifonctions sont mont\u00e9es \u00e0 l&rsquo;int\u00e9rieur de la poutre arri\u00e8re et sous le hayon, ce qui les prot\u00e8ge des dommages, de l&rsquo;humidit\u00e9 et de la boue.<\/p>\n<h1>\u00c9quipement standard<\/h1>\n<ul>\n<li aria-level=\"1\">Essieu non frein\u00e9<\/li>\n<li aria-level=\"1\">DMC &#8211; 400 kg<\/li>\n<li aria-level=\"1\">Poids de la remorque &#8211; 67 kg<\/li>\n<li aria-level=\"1\">Attelage \u00e0 boule<\/li>\n<li aria-level=\"1\">Construction galvanis\u00e9e \u00e0 chaud<\/li>\n<li aria-level=\"1\">Roues de 4.80 \u00d7 8 plac\u00e9es sous la caisse de chargement<\/li>\n<li aria-level=\"1\">Ouverture c\u00f4t\u00e9 arri\u00e8re<\/li>\n<li aria-level=\"1\">Rouleaux en caoutchouc amortissant les vibrations<\/li>\n<\/ul>\n<p>Informations:<\/p>\n<p>Les descriptions mises en ligne sur le site Internet proviennent des sites Internet des producteurs et distributeurs, malgr\u00e9 le soin apport\u00e9 \u00e0 leur placement, elles peuvent contenir des erreurs. Les descriptions et photos ne sont donc pas la base de toute r\u00e9clamation contre notre soci\u00e9t\u00e9. Si vous constatez une erreur dans la description, veuillez nous contacter par e-mail<\/p>\n","protected":false},"excerpt":{"rendered":"<p>Remorque \u00e0 un essieu Neptun GN052 avec une GVM de 400 kg<\/p>\n","protected":false},"featured_media":25289,"template":"","meta":[],"product_brand":[],"product_cat":[3077,2793],"product_tag":[2808,2845,2811,2844,2814,2815,2817,2818,2819,2820,2823,2824],"class_list":{"0":"post-13874","1":"product","2":"type-product","3":"status-publish","4":"has-post-thumbnail","6":"product_cat-remorques-neptun","7":"product_cat-uniaxial-jusqua-750-kg","8":"product_tag-anhaenger-fr","9":"product_tag-gn052-fr","10":"product_tag-jednoosiowa-fr","11":"product_tag-n5-145-city-fr","12":"product_tag-neptun-fr","13":"product_tag-pkw-anhaenger-fr","14":"product_tag-przyczepa-fr","15":"product_tag-przyczepa-jednoosiowa-fr","16":"product_tag-przyczepa-lekka-fr","17":"product_tag-przyczepa-neptun-fr","18":"product_tag-trailer-fr","19":"product_tag-trailers-fr","21":"first","22":"instock","23":"sale","24":"taxable","25":"shipping-taxable","26":"purchasable","27":"product-type-simple"},"yoast_head":"<!-- This site is optimized with the Yoast SEO plugin v27.3 - https:\/\/yoast.com\/product\/yoast-seo-wordpress\/ -->\n<title>Remorque \u00e0 essieu simple N5-145 City Neptun avec un poids total de 400 kg - Kubix<\/title>\n<meta name=\"robots\" content=\"index, follow, max-snippet:-1, max-image-preview:large, max-video-preview:-1\" \/>\n<link rel=\"canonical\" href=\"https:\/\/kubix.pl\/fr\/produkt\/remorque-a-essieu-simple-n5-145-city-neptun-avec-un-poids-total-de-400-kg\/\" \/>\n<meta property=\"og:locale\" content=\"fr_FR\" \/>\n<meta property=\"og:type\" content=\"article\" \/>\n<meta property=\"og:title\" content=\"Remorque \u00e0 essieu simple N5-145 City Neptun avec un poids total de 400 kg - Kubix\" \/>\n<meta property=\"og:description\" content=\"Remorque \u00e0 un essieu Neptun GN052 avec une GVM de 400 kg\" \/>\n<meta property=\"og:url\" content=\"https:\/\/kubix.pl\/fr\/produkt\/remorque-a-essieu-simple-n5-145-city-neptun-avec-un-poids-total-de-400-kg\/\" \/>\n<meta property=\"og:site_name\" content=\"Kubix\" \/>\n<meta name=\"twitter:card\" content=\"summary_large_image\" \/>\n<meta name=\"twitter:label1\" content=\"Dur\u00e9e de lecture estim\u00e9e\" \/>\n\t<meta name=\"twitter:data1\" content=\"1 minute\" \/>\n<script type=\"application\/ld+json\" class=\"yoast-schema-graph\">{\"@context\":\"https:\\\/\\\/schema.org\",\"@graph\":[{\"@type\":\"WebPage\",\"@id\":\"https:\\\/\\\/kubix.pl\\\/fr\\\/produkt\\\/remorque-a-essieu-simple-n5-145-city-neptun-avec-un-poids-total-de-400-kg\\\/\",\"url\":\"https:\\\/\\\/kubix.pl\\\/fr\\\/produkt\\\/remorque-a-essieu-simple-n5-145-city-neptun-avec-un-poids-total-de-400-kg\\\/\",\"name\":\"Remorque \u00e0 essieu simple N5-145 City Neptun avec un poids total de 400 kg - Kubix\",\"isPartOf\":{\"@id\":\"https:\\\/\\\/kubix.pl\\\/fr\\\/#website\"},\"primaryImageOfPage\":{\"@id\":\"https:\\\/\\\/kubix.pl\\\/fr\\\/produkt\\\/remorque-a-essieu-simple-n5-145-city-neptun-avec-un-poids-total-de-400-kg\\\/#primaryimage\"},\"image\":{\"@id\":\"https:\\\/\\\/kubix.pl\\\/fr\\\/produkt\\\/remorque-a-essieu-simple-n5-145-city-neptun-avec-un-poids-total-de-400-kg\\\/#primaryimage\"},\"thumbnailUrl\":\"https:\\\/\\\/kubix.pl\\\/wp-content\\\/uploads\\\/2015\\\/09\\\/IMG-20250626-WA0007.jpg\",\"datePublished\":\"2015-09-24T09:39:18+00:00\",\"breadcrumb\":{\"@id\":\"https:\\\/\\\/kubix.pl\\\/fr\\\/produkt\\\/remorque-a-essieu-simple-n5-145-city-neptun-avec-un-poids-total-de-400-kg\\\/#breadcrumb\"},\"inLanguage\":\"fr-FR\",\"potentialAction\":[{\"@type\":\"ReadAction\",\"target\":[\"https:\\\/\\\/kubix.pl\\\/fr\\\/produkt\\\/remorque-a-essieu-simple-n5-145-city-neptun-avec-un-poids-total-de-400-kg\\\/\"]}]},{\"@type\":\"ImageObject\",\"inLanguage\":\"fr-FR\",\"@id\":\"https:\\\/\\\/kubix.pl\\\/fr\\\/produkt\\\/remorque-a-essieu-simple-n5-145-city-neptun-avec-un-poids-total-de-400-kg\\\/#primaryimage\",\"url\":\"https:\\\/\\\/kubix.pl\\\/wp-content\\\/uploads\\\/2015\\\/09\\\/IMG-20250626-WA0007.jpg\",\"contentUrl\":\"https:\\\/\\\/kubix.pl\\\/wp-content\\\/uploads\\\/2015\\\/09\\\/IMG-20250626-WA0007.jpg\",\"width\":2016,\"height\":908},{\"@type\":\"BreadcrumbList\",\"@id\":\"https:\\\/\\\/kubix.pl\\\/fr\\\/produkt\\\/remorque-a-essieu-simple-n5-145-city-neptun-avec-un-poids-total-de-400-kg\\\/#breadcrumb\",\"itemListElement\":[{\"@type\":\"ListItem\",\"position\":1,\"name\":\"Strona g\u0142\u00f3wna\",\"item\":\"https:\\\/\\\/kubix.pl\\\/fr\\\/\"},{\"@type\":\"ListItem\",\"position\":2,\"name\":\"Sklep\",\"item\":\"https:\\\/\\\/kubix.pl\\\/sklep\\\/\"},{\"@type\":\"ListItem\",\"position\":3,\"name\":\"Remorque \u00e0 essieu simple N5-145 City Neptun avec un poids total de 400 kg\"}]},{\"@type\":\"WebSite\",\"@id\":\"https:\\\/\\\/kubix.pl\\\/fr\\\/#website\",\"url\":\"https:\\\/\\\/kubix.pl\\\/fr\\\/\",\"name\":\"Kubix\",\"description\":\"Przyczepy jednoosiowe, dwuosiowe\",\"publisher\":{\"@id\":\"https:\\\/\\\/kubix.pl\\\/fr\\\/#organization\"},\"potentialAction\":[{\"@type\":\"SearchAction\",\"target\":{\"@type\":\"EntryPoint\",\"urlTemplate\":\"https:\\\/\\\/kubix.pl\\\/fr\\\/?s={search_term_string}\"},\"query-input\":{\"@type\":\"PropertyValueSpecification\",\"valueRequired\":true,\"valueName\":\"search_term_string\"}}],\"inLanguage\":\"fr-FR\"},{\"@type\":\"Organization\",\"@id\":\"https:\\\/\\\/kubix.pl\\\/fr\\\/#organization\",\"name\":\"Kubix\",\"url\":\"https:\\\/\\\/kubix.pl\\\/fr\\\/\",\"logo\":{\"@type\":\"ImageObject\",\"inLanguage\":\"fr-FR\",\"@id\":\"https:\\\/\\\/kubix.pl\\\/fr\\\/#\\\/schema\\\/logo\\\/image\\\/\",\"url\":\"https:\\\/\\\/kubix.pl\\\/wp-content\\\/uploads\\\/2024\\\/11\\\/kubix.png\",\"contentUrl\":\"https:\\\/\\\/kubix.pl\\\/wp-content\\\/uploads\\\/2024\\\/11\\\/kubix.png\",\"width\":375,\"height\":60,\"caption\":\"Kubix\"},\"image\":{\"@id\":\"https:\\\/\\\/kubix.pl\\\/fr\\\/#\\\/schema\\\/logo\\\/image\\\/\"}}]}<\/script>\n<!-- \/ Yoast SEO plugin. -->","yoast_head_json":{"title":"Remorque \u00e0 essieu simple N5-145 City Neptun avec un poids total de 400 kg - Kubix","robots":{"index":"index","follow":"follow","max-snippet":"max-snippet:-1","max-image-preview":"max-image-preview:large","max-video-preview":"max-video-preview:-1"},"canonical":"https:\/\/kubix.pl\/fr\/produkt\/remorque-a-essieu-simple-n5-145-city-neptun-avec-un-poids-total-de-400-kg\/","og_locale":"fr_FR","og_type":"article","og_title":"Remorque \u00e0 essieu simple N5-145 City Neptun avec un poids total de 400 kg - Kubix","og_description":"Remorque \u00e0 un essieu Neptun GN052 avec une GVM de 400 kg","og_url":"https:\/\/kubix.pl\/fr\/produkt\/remorque-a-essieu-simple-n5-145-city-neptun-avec-un-poids-total-de-400-kg\/","og_site_name":"Kubix","twitter_card":"summary_large_image","twitter_misc":{"Dur\u00e9e de lecture estim\u00e9e":"1 minute"},"schema":{"@context":"https:\/\/schema.org","@graph":[{"@type":"WebPage","@id":"https:\/\/kubix.pl\/fr\/produkt\/remorque-a-essieu-simple-n5-145-city-neptun-avec-un-poids-total-de-400-kg\/","url":"https:\/\/kubix.pl\/fr\/produkt\/remorque-a-essieu-simple-n5-145-city-neptun-avec-un-poids-total-de-400-kg\/","name":"Remorque \u00e0 essieu simple N5-145 City Neptun avec un poids total de 400 kg - Kubix","isPartOf":{"@id":"https:\/\/kubix.pl\/fr\/#website"},"primaryImageOfPage":{"@id":"https:\/\/kubix.pl\/fr\/produkt\/remorque-a-essieu-simple-n5-145-city-neptun-avec-un-poids-total-de-400-kg\/#primaryimage"},"image":{"@id":"https:\/\/kubix.pl\/fr\/produkt\/remorque-a-essieu-simple-n5-145-city-neptun-avec-un-poids-total-de-400-kg\/#primaryimage"},"thumbnailUrl":"https:\/\/kubix.pl\/wp-content\/uploads\/2015\/09\/IMG-20250626-WA0007.jpg","datePublished":"2015-09-24T09:39:18+00:00","breadcrumb":{"@id":"https:\/\/kubix.pl\/fr\/produkt\/remorque-a-essieu-simple-n5-145-city-neptun-avec-un-poids-total-de-400-kg\/#breadcrumb"},"inLanguage":"fr-FR","potentialAction":[{"@type":"ReadAction","target":["https:\/\/kubix.pl\/fr\/produkt\/remorque-a-essieu-simple-n5-145-city-neptun-avec-un-poids-total-de-400-kg\/"]}]},{"@type":"ImageObject","inLanguage":"fr-FR","@id":"https:\/\/kubix.pl\/fr\/produkt\/remorque-a-essieu-simple-n5-145-city-neptun-avec-un-poids-total-de-400-kg\/#primaryimage","url":"https:\/\/kubix.pl\/wp-content\/uploads\/2015\/09\/IMG-20250626-WA0007.jpg","contentUrl":"https:\/\/kubix.pl\/wp-content\/uploads\/2015\/09\/IMG-20250626-WA0007.jpg","width":2016,"height":908},{"@type":"BreadcrumbList","@id":"https:\/\/kubix.pl\/fr\/produkt\/remorque-a-essieu-simple-n5-145-city-neptun-avec-un-poids-total-de-400-kg\/#breadcrumb","itemListElement":[{"@type":"ListItem","position":1,"name":"Strona g\u0142\u00f3wna","item":"https:\/\/kubix.pl\/fr\/"},{"@type":"ListItem","position":2,"name":"Sklep","item":"https:\/\/kubix.pl\/sklep\/"},{"@type":"ListItem","position":3,"name":"Remorque \u00e0 essieu simple N5-145 City Neptun avec un poids total de 400 kg"}]},{"@type":"WebSite","@id":"https:\/\/kubix.pl\/fr\/#website","url":"https:\/\/kubix.pl\/fr\/","name":"Kubix","description":"Przyczepy jednoosiowe, dwuosiowe","publisher":{"@id":"https:\/\/kubix.pl\/fr\/#organization"},"potentialAction":[{"@type":"SearchAction","target":{"@type":"EntryPoint","urlTemplate":"https:\/\/kubix.pl\/fr\/?s={search_term_string}"},"query-input":{"@type":"PropertyValueSpecification","valueRequired":true,"valueName":"search_term_string"}}],"inLanguage":"fr-FR"},{"@type":"Organization","@id":"https:\/\/kubix.pl\/fr\/#organization","name":"Kubix","url":"https:\/\/kubix.pl\/fr\/","logo":{"@type":"ImageObject","inLanguage":"fr-FR","@id":"https:\/\/kubix.pl\/fr\/#\/schema\/logo\/image\/","url":"https:\/\/kubix.pl\/wp-content\/uploads\/2024\/11\/kubix.png","contentUrl":"https:\/\/kubix.pl\/wp-content\/uploads\/2024\/11\/kubix.png","width":375,"height":60,"caption":"Kubix"},"image":{"@id":"https:\/\/kubix.pl\/fr\/#\/schema\/logo\/image\/"}}]}},"_links":{"self":[{"href":"https:\/\/kubix.pl\/fr\/wp-json\/wp\/v2\/product\/13874","targetHints":{"allow":["GET"]}}],"collection":[{"href":"https:\/\/kubix.pl\/fr\/wp-json\/wp\/v2\/product"}],"about":[{"href":"https:\/\/kubix.pl\/fr\/wp-json\/wp\/v2\/types\/product"}],"wp:featuredmedia":[{"embeddable":true,"href":"https:\/\/kubix.pl\/fr\/wp-json\/wp\/v2\/media\/25289"}],"wp:attachment":[{"href":"https:\/\/kubix.pl\/fr\/wp-json\/wp\/v2\/media?parent=13874"}],"wp:term":[{"taxonomy":"product_brand","embeddable":true,"href":"https:\/\/kubix.pl\/fr\/wp-json\/wp\/v2\/product_brand?post=13874"},{"taxonomy":"product_cat","embeddable":true,"href":"https:\/\/kubix.pl\/fr\/wp-json\/wp\/v2\/product_cat?post=13874"},{"taxonomy":"product_tag","embeddable":true,"href":"https:\/\/kubix.pl\/fr\/wp-json\/wp\/v2\/product_tag?post=13874"}],"curies":[{"name":"wp","href":"https:\/\/api.w.org\/{rel}","templated":true}]}}