{"id":13876,"date":"2020-08-23T18:50:41","date_gmt":"2020-08-23T16:50:41","guid":{"rendered":"https:\/\/kubix.pl\/produkt\/gp120-sorel-une-remorque-a-un-essieu-avec-un-dmc-de-550-kg\/"},"modified":"2020-08-23T18:50:41","modified_gmt":"2020-08-23T16:50:41","slug":"gp120-sorel-une-remorque-a-un-essieu-avec-un-dmc-de-550-kg","status":"publish","type":"product","link":"https:\/\/kubix.pl\/fr\/produkt\/gp120-sorel-une-remorque-a-un-essieu-avec-un-dmc-de-550-kg\/","title":{"rendered":"GP120 Sorel une remorque \u00e0 un essieu avec un DMC de 550 kg"},"content":{"rendered":"<p>La remorque SOREL GP120 fait partie de la gamme solide et durable RUSTIK. La durabilit\u00e9 \u00e9lev\u00e9e est assur\u00e9e par le cadre enti\u00e8rement soud\u00e9 et la barre de traction soud\u00e9e. Le mod\u00e8le GP120 a des c\u00f4t\u00e9s profil\u00e9s de 400 mm et un caisson basculant. Les poign\u00e9es de corde d&rsquo;arrimage de la charge sont situ\u00e9es dans les coins de la bo\u00eete. Les crochets de b\u00e2che sont utilis\u00e9s pour fixer les b\u00e2ches, \u00e0 la fois plates et hautes, sur des cr\u00e9maill\u00e8res. Le timon sagittal avec renfort, la suspension ind\u00e9pendante et les \u00e9l\u00e9ments en caoutchouc de l&rsquo;essieu garantissent une conduite s\u00fbre et stable. Des lampes multifonctions sont mont\u00e9es sous la planche arri\u00e8re, ce qui les prot\u00e8ge des dommages, de l&rsquo;humidit\u00e9 et de la boue.<\/p>\n<h1><span style=\"font-size: 24pt; color: #bd1515;\"><strong>\u00c9quipement standard<\/strong><\/span><\/h1>\n<ul>\n<li>Essieu non frein\u00e9<\/li>\n<li>DMC &#8211; 550 kg<\/li>\n<li>Dimensions du bac de chargement &#8211; 145x99x40 cm<\/li>\n<li>\n<li>Attelage \u00e0 boule<\/li>\n<li>Poign\u00e9es au sol<\/li>\n<li>Construction galvanis\u00e9e \u00e0 chaud<\/li>\n<li>Roues 165\/70 R13 plac\u00e9es \u00e0 l&rsquo;ext\u00e9rieur de la caisse de chargement<\/li>\n<li>Face avant et arri\u00e8re articul\u00e9es en acier<\/li>\n<li>Bo\u00eete basculante<\/li>\n<\/ul>\n<h1><span style=\"font-size: 24pt; color: #bd1515;\"><strong>Accessoires optionnels<\/strong><\/span><\/h1>\n<ul>\n<li>Roue de support \u00e0 payer en plus &#8211; 65 PLN<\/li>\n<li>Assiette B\u00e2che PLN 130<\/li>\n<\/ul>\n<p><span style=\"font-size: 8pt;\"><sub>Informations:<\/sub><\/span><\/p>\n<p><span style=\"font-size: 8pt;\"><sub>Les descriptions mises en ligne sur le site Internet proviennent des sites Internet des producteurs et distributeurs, malgr\u00e9 le soin apport\u00e9 \u00e0 leur placement, elles peuvent contenir des erreurs. Les descriptions et photos ne sont donc pas la base de toute r\u00e9clamation contre notre soci\u00e9t\u00e9. Si vous constatez une erreur dans la description, veuillez nous contacter par e-mail \u00e0 <a href=\"mailto:team@kubix.pl\">team@kubix.pl<\/a><\/sub><\/span><\/p>\n","protected":false},"excerpt":{"rendered":"<p>La remorque SOREL GP120 fait partie de la gamme solide et durable RUSTIK. La durabilit\u00e9 \u00e9lev\u00e9e est assur\u00e9e par le cadre enti\u00e8rement soud\u00e9 et la barre de traction soud\u00e9e. Le mod\u00e8le GP120 a des c\u00f4t\u00e9s profil\u00e9s de 400 mm et un caisson basculant. Les poign\u00e9es de corde d&rsquo;arrimage de la charge sont situ\u00e9es dans les [&hellip;]<\/p>\n","protected":false},"featured_media":13882,"template":"","meta":[],"product_brand":[],"product_cat":[3077,2793],"product_tag":[2854,2851,2808,2853,2811,2814,2815,2817,2818,2819,2820,2850,2855,2823,2824,2849],"class_list":{"0":"post-13876","1":"product","2":"type-product","3":"status-publish","4":"has-post-thumbnail","6":"product_cat-remorques-neptun","7":"product_cat-uniaxial-jusqua-750-kg","8":"product_tag-145x97-fr","9":"product_tag-750-dmc-fr","10":"product_tag-anhaenger-fr","11":"product_tag-gp120-fr","12":"product_tag-jednoosiowa-fr","13":"product_tag-neptun-fr","14":"product_tag-pkw-anhaenger-fr","15":"product_tag-przyczepa-fr","16":"product_tag-przyczepa-jednoosiowa-fr","17":"product_tag-przyczepa-lekka-fr","18":"product_tag-przyczepa-neptun-fr","19":"product_tag-rustik-fr","20":"product_tag-sorel-fr","21":"product_tag-trailer-fr","22":"product_tag-trailers-fr","23":"product_tag-uchylna-fr","24":"product_shipping_class-200-zl-fr","26":"first","27":"outofstock","28":"taxable","29":"shipping-taxable","30":"purchasable","31":"product-type-simple"},"yoast_head":"<!-- This site is optimized with the Yoast SEO plugin v27.4 - https:\/\/yoast.com\/product\/yoast-seo-wordpress\/ -->\n<title>GP120 Sorel une remorque \u00e0 un essieu avec un DMC de 550 kg - Kubix<\/title>\n<meta name=\"description\" content=\"GP120 Sorel une remorque \u00e0 un essieu avec un DMC de 550 kg\" \/>\n<meta name=\"robots\" content=\"index, follow, max-snippet:-1, max-image-preview:large, max-video-preview:-1\" \/>\n<link rel=\"canonical\" href=\"https:\/\/kubix.pl\/fr\/produkt\/gp120-sorel-une-remorque-a-un-essieu-avec-un-dmc-de-550-kg\/\" \/>\n<meta property=\"og:locale\" content=\"fr_FR\" \/>\n<meta property=\"og:type\" content=\"article\" \/>\n<meta property=\"og:title\" content=\"GP120 Sorel une remorque \u00e0 un essieu avec un DMC de 550 kg - Kubix\" \/>\n<meta property=\"og:description\" content=\"GP120 Sorel une remorque \u00e0 un essieu avec un DMC de 550 kg\" \/>\n<meta property=\"og:url\" content=\"https:\/\/kubix.pl\/fr\/produkt\/gp120-sorel-une-remorque-a-un-essieu-avec-un-dmc-de-550-kg\/\" \/>\n<meta property=\"og:site_name\" content=\"Kubix\" \/>\n<meta property=\"og:image\" content=\"https:\/\/kubix.pl\/wp-content\/uploads\/2020\/08\/20200821_144913-scaled.jpg\" \/>\n\t<meta property=\"og:image:width\" content=\"1440\" \/>\n\t<meta property=\"og:image:height\" content=\"2560\" \/>\n\t<meta property=\"og:image:type\" content=\"image\/jpeg\" \/>\n<meta name=\"twitter:card\" content=\"summary_large_image\" \/>\n<meta name=\"twitter:label1\" content=\"Dur\u00e9e de lecture estim\u00e9e\" \/>\n\t<meta name=\"twitter:data1\" content=\"1 minute\" \/>\n<script type=\"application\/ld+json\" class=\"yoast-schema-graph\">{\"@context\":\"https:\\\/\\\/schema.org\",\"@graph\":[{\"@type\":\"WebPage\",\"@id\":\"https:\\\/\\\/kubix.pl\\\/fr\\\/produkt\\\/gp120-sorel-une-remorque-a-un-essieu-avec-un-dmc-de-550-kg\\\/\",\"url\":\"https:\\\/\\\/kubix.pl\\\/fr\\\/produkt\\\/gp120-sorel-une-remorque-a-un-essieu-avec-un-dmc-de-550-kg\\\/\",\"name\":\"GP120 Sorel une remorque \u00e0 un essieu avec un DMC de 550 kg - Kubix\",\"isPartOf\":{\"@id\":\"https:\\\/\\\/kubix.pl\\\/fr\\\/#website\"},\"primaryImageOfPage\":{\"@id\":\"https:\\\/\\\/kubix.pl\\\/fr\\\/produkt\\\/gp120-sorel-une-remorque-a-un-essieu-avec-un-dmc-de-550-kg\\\/#primaryimage\"},\"image\":{\"@id\":\"https:\\\/\\\/kubix.pl\\\/fr\\\/produkt\\\/gp120-sorel-une-remorque-a-un-essieu-avec-un-dmc-de-550-kg\\\/#primaryimage\"},\"thumbnailUrl\":\"https:\\\/\\\/kubix.pl\\\/wp-content\\\/uploads\\\/2020\\\/08\\\/20200821_144913-scaled.jpg\",\"datePublished\":\"2020-08-23T16:50:41+00:00\",\"description\":\"GP120 Sorel une remorque \u00e0 un essieu avec un DMC de 550 kg\",\"breadcrumb\":{\"@id\":\"https:\\\/\\\/kubix.pl\\\/fr\\\/produkt\\\/gp120-sorel-une-remorque-a-un-essieu-avec-un-dmc-de-550-kg\\\/#breadcrumb\"},\"inLanguage\":\"fr-FR\",\"potentialAction\":[{\"@type\":\"ReadAction\",\"target\":[\"https:\\\/\\\/kubix.pl\\\/fr\\\/produkt\\\/gp120-sorel-une-remorque-a-un-essieu-avec-un-dmc-de-550-kg\\\/\"]}]},{\"@type\":\"ImageObject\",\"inLanguage\":\"fr-FR\",\"@id\":\"https:\\\/\\\/kubix.pl\\\/fr\\\/produkt\\\/gp120-sorel-une-remorque-a-un-essieu-avec-un-dmc-de-550-kg\\\/#primaryimage\",\"url\":\"https:\\\/\\\/kubix.pl\\\/wp-content\\\/uploads\\\/2020\\\/08\\\/20200821_144913-scaled.jpg\",\"contentUrl\":\"https:\\\/\\\/kubix.pl\\\/wp-content\\\/uploads\\\/2020\\\/08\\\/20200821_144913-scaled.jpg\",\"width\":1440,\"height\":2560},{\"@type\":\"BreadcrumbList\",\"@id\":\"https:\\\/\\\/kubix.pl\\\/fr\\\/produkt\\\/gp120-sorel-une-remorque-a-un-essieu-avec-un-dmc-de-550-kg\\\/#breadcrumb\",\"itemListElement\":[{\"@type\":\"ListItem\",\"position\":1,\"name\":\"Strona g\u0142\u00f3wna\",\"item\":\"https:\\\/\\\/kubix.pl\\\/fr\\\/\"},{\"@type\":\"ListItem\",\"position\":2,\"name\":\"Sklep\",\"item\":\"https:\\\/\\\/kubix.pl\\\/sklep\\\/\"},{\"@type\":\"ListItem\",\"position\":3,\"name\":\"GP120 Sorel une remorque \u00e0 un essieu avec un DMC de 550 kg\"}]},{\"@type\":\"WebSite\",\"@id\":\"https:\\\/\\\/kubix.pl\\\/fr\\\/#website\",\"url\":\"https:\\\/\\\/kubix.pl\\\/fr\\\/\",\"name\":\"Kubix\",\"description\":\"Przyczepy jednoosiowe, dwuosiowe\",\"publisher\":{\"@id\":\"https:\\\/\\\/kubix.pl\\\/fr\\\/#organization\"},\"potentialAction\":[{\"@type\":\"SearchAction\",\"target\":{\"@type\":\"EntryPoint\",\"urlTemplate\":\"https:\\\/\\\/kubix.pl\\\/fr\\\/?s={search_term_string}\"},\"query-input\":{\"@type\":\"PropertyValueSpecification\",\"valueRequired\":true,\"valueName\":\"search_term_string\"}}],\"inLanguage\":\"fr-FR\"},{\"@type\":\"Organization\",\"@id\":\"https:\\\/\\\/kubix.pl\\\/fr\\\/#organization\",\"name\":\"Kubix\",\"url\":\"https:\\\/\\\/kubix.pl\\\/fr\\\/\",\"logo\":{\"@type\":\"ImageObject\",\"inLanguage\":\"fr-FR\",\"@id\":\"https:\\\/\\\/kubix.pl\\\/fr\\\/#\\\/schema\\\/logo\\\/image\\\/\",\"url\":\"https:\\\/\\\/kubix.pl\\\/wp-content\\\/uploads\\\/2024\\\/11\\\/kubix.png\",\"contentUrl\":\"https:\\\/\\\/kubix.pl\\\/wp-content\\\/uploads\\\/2024\\\/11\\\/kubix.png\",\"width\":375,\"height\":60,\"caption\":\"Kubix\"},\"image\":{\"@id\":\"https:\\\/\\\/kubix.pl\\\/fr\\\/#\\\/schema\\\/logo\\\/image\\\/\"}}]}<\/script>\n<!-- \/ Yoast SEO plugin. -->","yoast_head_json":{"title":"GP120 Sorel une remorque \u00e0 un essieu avec un DMC de 550 kg - Kubix","description":"GP120 Sorel une remorque \u00e0 un essieu avec un DMC de 550 kg","robots":{"index":"index","follow":"follow","max-snippet":"max-snippet:-1","max-image-preview":"max-image-preview:large","max-video-preview":"max-video-preview:-1"},"canonical":"https:\/\/kubix.pl\/fr\/produkt\/gp120-sorel-une-remorque-a-un-essieu-avec-un-dmc-de-550-kg\/","og_locale":"fr_FR","og_type":"article","og_title":"GP120 Sorel une remorque \u00e0 un essieu avec un DMC de 550 kg - Kubix","og_description":"GP120 Sorel une remorque \u00e0 un essieu avec un DMC de 550 kg","og_url":"https:\/\/kubix.pl\/fr\/produkt\/gp120-sorel-une-remorque-a-un-essieu-avec-un-dmc-de-550-kg\/","og_site_name":"Kubix","og_image":[{"width":1440,"height":2560,"url":"https:\/\/kubix.pl\/wp-content\/uploads\/2020\/08\/20200821_144913-scaled.jpg","type":"image\/jpeg"}],"twitter_card":"summary_large_image","twitter_misc":{"Dur\u00e9e de lecture estim\u00e9e":"1 minute"},"schema":{"@context":"https:\/\/schema.org","@graph":[{"@type":"WebPage","@id":"https:\/\/kubix.pl\/fr\/produkt\/gp120-sorel-une-remorque-a-un-essieu-avec-un-dmc-de-550-kg\/","url":"https:\/\/kubix.pl\/fr\/produkt\/gp120-sorel-une-remorque-a-un-essieu-avec-un-dmc-de-550-kg\/","name":"GP120 Sorel une remorque \u00e0 un essieu avec un DMC de 550 kg - Kubix","isPartOf":{"@id":"https:\/\/kubix.pl\/fr\/#website"},"primaryImageOfPage":{"@id":"https:\/\/kubix.pl\/fr\/produkt\/gp120-sorel-une-remorque-a-un-essieu-avec-un-dmc-de-550-kg\/#primaryimage"},"image":{"@id":"https:\/\/kubix.pl\/fr\/produkt\/gp120-sorel-une-remorque-a-un-essieu-avec-un-dmc-de-550-kg\/#primaryimage"},"thumbnailUrl":"https:\/\/kubix.pl\/wp-content\/uploads\/2020\/08\/20200821_144913-scaled.jpg","datePublished":"2020-08-23T16:50:41+00:00","description":"GP120 Sorel une remorque \u00e0 un essieu avec un DMC de 550 kg","breadcrumb":{"@id":"https:\/\/kubix.pl\/fr\/produkt\/gp120-sorel-une-remorque-a-un-essieu-avec-un-dmc-de-550-kg\/#breadcrumb"},"inLanguage":"fr-FR","potentialAction":[{"@type":"ReadAction","target":["https:\/\/kubix.pl\/fr\/produkt\/gp120-sorel-une-remorque-a-un-essieu-avec-un-dmc-de-550-kg\/"]}]},{"@type":"ImageObject","inLanguage":"fr-FR","@id":"https:\/\/kubix.pl\/fr\/produkt\/gp120-sorel-une-remorque-a-un-essieu-avec-un-dmc-de-550-kg\/#primaryimage","url":"https:\/\/kubix.pl\/wp-content\/uploads\/2020\/08\/20200821_144913-scaled.jpg","contentUrl":"https:\/\/kubix.pl\/wp-content\/uploads\/2020\/08\/20200821_144913-scaled.jpg","width":1440,"height":2560},{"@type":"BreadcrumbList","@id":"https:\/\/kubix.pl\/fr\/produkt\/gp120-sorel-une-remorque-a-un-essieu-avec-un-dmc-de-550-kg\/#breadcrumb","itemListElement":[{"@type":"ListItem","position":1,"name":"Strona g\u0142\u00f3wna","item":"https:\/\/kubix.pl\/fr\/"},{"@type":"ListItem","position":2,"name":"Sklep","item":"https:\/\/kubix.pl\/sklep\/"},{"@type":"ListItem","position":3,"name":"GP120 Sorel une remorque \u00e0 un essieu avec un DMC de 550 kg"}]},{"@type":"WebSite","@id":"https:\/\/kubix.pl\/fr\/#website","url":"https:\/\/kubix.pl\/fr\/","name":"Kubix","description":"Przyczepy jednoosiowe, dwuosiowe","publisher":{"@id":"https:\/\/kubix.pl\/fr\/#organization"},"potentialAction":[{"@type":"SearchAction","target":{"@type":"EntryPoint","urlTemplate":"https:\/\/kubix.pl\/fr\/?s={search_term_string}"},"query-input":{"@type":"PropertyValueSpecification","valueRequired":true,"valueName":"search_term_string"}}],"inLanguage":"fr-FR"},{"@type":"Organization","@id":"https:\/\/kubix.pl\/fr\/#organization","name":"Kubix","url":"https:\/\/kubix.pl\/fr\/","logo":{"@type":"ImageObject","inLanguage":"fr-FR","@id":"https:\/\/kubix.pl\/fr\/#\/schema\/logo\/image\/","url":"https:\/\/kubix.pl\/wp-content\/uploads\/2024\/11\/kubix.png","contentUrl":"https:\/\/kubix.pl\/wp-content\/uploads\/2024\/11\/kubix.png","width":375,"height":60,"caption":"Kubix"},"image":{"@id":"https:\/\/kubix.pl\/fr\/#\/schema\/logo\/image\/"}}]}},"_links":{"self":[{"href":"https:\/\/kubix.pl\/fr\/wp-json\/wp\/v2\/product\/13876","targetHints":{"allow":["GET"]}}],"collection":[{"href":"https:\/\/kubix.pl\/fr\/wp-json\/wp\/v2\/product"}],"about":[{"href":"https:\/\/kubix.pl\/fr\/wp-json\/wp\/v2\/types\/product"}],"wp:featuredmedia":[{"embeddable":true,"href":"https:\/\/kubix.pl\/fr\/wp-json\/wp\/v2\/media\/13882"}],"wp:attachment":[{"href":"https:\/\/kubix.pl\/fr\/wp-json\/wp\/v2\/media?parent=13876"}],"wp:term":[{"taxonomy":"product_brand","embeddable":true,"href":"https:\/\/kubix.pl\/fr\/wp-json\/wp\/v2\/product_brand?post=13876"},{"taxonomy":"product_cat","embeddable":true,"href":"https:\/\/kubix.pl\/fr\/wp-json\/wp\/v2\/product_cat?post=13876"},{"taxonomy":"product_tag","embeddable":true,"href":"https:\/\/kubix.pl\/fr\/wp-json\/wp\/v2\/product_tag?post=13876"}],"curies":[{"name":"wp","href":"https:\/\/api.w.org\/{rel}","templated":true}]}}