{"id":13890,"date":"2015-09-24T12:11:18","date_gmt":"2015-09-24T10:11:18","guid":{"rendered":"https:\/\/kubix.pl\/produkt\/remorque-simple-essieu-n7-202-ptw-neptun-avec-un-dmc-de-750-kg\/"},"modified":"2021-07-22T08:18:23","modified_gmt":"2021-07-22T06:18:23","slug":"remorque-simple-essieu-n7-202-ptw-neptun-avec-un-dmc-de-750-kg","status":"publish","type":"product","link":"https:\/\/kubix.pl\/fr\/produkt\/remorque-simple-essieu-n7-202-ptw-neptun-avec-un-dmc-de-750-kg\/","title":{"rendered":"Remorque simple essieu N7-202 ptw Neptun avec un DMC de 750 kg"},"content":{"rendered":"<h4>Description du produit:<\/h4>\n<p>Les remorques Neptun PRATIK sont une proposition id\u00e9ale pour les personnes \u00e0 la recherche d&rsquo;une petite remorque solide et fonctionnelle. La rigidit\u00e9 et la durabilit\u00e9 \u00e9lev\u00e9es de la structure sont assur\u00e9es par les longerons en U form\u00e9s \u00e0 froid et les deux poutres transversales du cadre. D\u00e9chargement facile gr\u00e2ce \u00e0 la caisse bascul\u00e9e manuellement. Les poign\u00e9es de corde de fixation de la cargaison sont situ\u00e9es dans les coins de la bo\u00eete. Ils \u00e9quipent en standard toutes les caravanes Neptun. Les crochets de b\u00e2che sont standard dans les remorques Neptune. Ils sont utilis\u00e9s pour fixer des b\u00e2ches, aussi bien plates que hautes, sur des racks. Le timon sagittal avec renfort, la suspension ind\u00e9pendante et les \u00e9l\u00e9ments en caoutchouc de l&rsquo;essieu assurent une conduite s\u00fbre et stable. Des lampes multifonctionnelles sont mont\u00e9es sous la planche arri\u00e8re, ce qui les prot\u00e8ge des dommages, de l&rsquo;humidit\u00e9 et de la boue.<\/p>\n<h1>\u00c9quipement standard<\/h1>\n<ul>\n<li aria-level=\"1\">Essieu non frein\u00e9<\/li>\n<li aria-level=\"1\">Boule d&rsquo;attelage<\/li>\n<li aria-level=\"1\">Roue de soutien<\/li>\n<li aria-level=\"1\">Poign\u00e9es de sol<\/li>\n<li aria-level=\"1\">Construction galvanis\u00e9e \u00e0 chaud<\/li>\n<li aria-level=\"1\">Roues 155\/70 R13 situ\u00e9es \u00e0 l&rsquo;ext\u00e9rieur de la caisse de chargement<\/li>\n<li aria-level=\"1\">Hayon \u00e0 charni\u00e8res en acier<\/li>\n<li aria-level=\"1\">Caisse basculante<\/li>\n<li aria-level=\"1\">Rouleaux en caoutchouc amortissant les vibrations<\/li>\n<\/ul>\n<h1>Accessoires optionnels<\/h1>\n<ul>\n<li aria-level=\"1\">\u00a0Roue de support avec pince<\/li>\n<\/ul>\n","protected":false},"excerpt":{"rendered":"<p>Remorque simple essieu N7-202 ptw Neptun avec un DMC de 750 kg<\/p>\n","protected":false},"featured_media":345,"template":"","meta":[],"product_brand":[],"product_cat":[3077,2793],"product_tag":[2864,2811,2812,2863,2814,2816,2817,2818,2819,2820,2823],"class_list":{"0":"post-13890","1":"product","2":"type-product","3":"status-publish","4":"has-post-thumbnail","6":"product_cat-remorques-neptun","7":"product_cat-uniaxial-jusqua-750-kg","8":"product_tag-gn102-fr","9":"product_tag-jednoosiowa-fr","10":"product_tag-lekka-fr","11":"product_tag-n7-202-ptw-fr","12":"product_tag-neptun-fr","13":"product_tag-pratik-fr","14":"product_tag-przyczepa-fr","15":"product_tag-przyczepa-jednoosiowa-fr","16":"product_tag-przyczepa-lekka-fr","17":"product_tag-przyczepa-neptun-fr","18":"product_tag-trailer-fr","20":"first","21":"outofstock","22":"taxable","23":"shipping-taxable","24":"purchasable","25":"product-type-simple"},"yoast_head":"<!-- This site is optimized with the Yoast SEO plugin v27.4 - https:\/\/yoast.com\/product\/yoast-seo-wordpress\/ -->\n<title>Remorque simple essieu N7-202 ptw Neptun avec un DMC de 750 kg - Kubix<\/title>\n<meta name=\"robots\" content=\"index, follow, max-snippet:-1, max-image-preview:large, max-video-preview:-1\" \/>\n<link rel=\"canonical\" href=\"https:\/\/kubix.pl\/fr\/produkt\/remorque-simple-essieu-n7-202-ptw-neptun-avec-un-dmc-de-750-kg\/\" \/>\n<meta property=\"og:locale\" content=\"fr_FR\" \/>\n<meta property=\"og:type\" content=\"article\" \/>\n<meta property=\"og:title\" content=\"Remorque simple essieu N7-202 ptw Neptun avec un DMC de 750 kg - Kubix\" \/>\n<meta property=\"og:description\" content=\"Remorque simple essieu N7-202 ptw Neptun avec un DMC de 750 kg\" \/>\n<meta property=\"og:url\" content=\"https:\/\/kubix.pl\/fr\/produkt\/remorque-simple-essieu-n7-202-ptw-neptun-avec-un-dmc-de-750-kg\/\" \/>\n<meta property=\"og:site_name\" content=\"Kubix\" \/>\n<meta property=\"article:modified_time\" content=\"2021-07-22T06:18:23+00:00\" \/>\n<meta name=\"twitter:card\" content=\"summary_large_image\" \/>\n<meta name=\"twitter:label1\" content=\"Dur\u00e9e de lecture estim\u00e9e\" \/>\n\t<meta name=\"twitter:data1\" content=\"1 minute\" \/>\n<script type=\"application\/ld+json\" class=\"yoast-schema-graph\">{\"@context\":\"https:\\\/\\\/schema.org\",\"@graph\":[{\"@type\":\"WebPage\",\"@id\":\"https:\\\/\\\/kubix.pl\\\/fr\\\/produkt\\\/remorque-simple-essieu-n7-202-ptw-neptun-avec-un-dmc-de-750-kg\\\/\",\"url\":\"https:\\\/\\\/kubix.pl\\\/fr\\\/produkt\\\/remorque-simple-essieu-n7-202-ptw-neptun-avec-un-dmc-de-750-kg\\\/\",\"name\":\"Remorque simple essieu N7-202 ptw Neptun avec un DMC de 750 kg - Kubix\",\"isPartOf\":{\"@id\":\"https:\\\/\\\/kubix.pl\\\/fr\\\/#website\"},\"primaryImageOfPage\":{\"@id\":\"https:\\\/\\\/kubix.pl\\\/fr\\\/produkt\\\/remorque-simple-essieu-n7-202-ptw-neptun-avec-un-dmc-de-750-kg\\\/#primaryimage\"},\"image\":{\"@id\":\"https:\\\/\\\/kubix.pl\\\/fr\\\/produkt\\\/remorque-simple-essieu-n7-202-ptw-neptun-avec-un-dmc-de-750-kg\\\/#primaryimage\"},\"thumbnailUrl\":\"https:\\\/\\\/kubix.pl\\\/wp-content\\\/uploads\\\/2015\\\/09\\\/238-N7-202-ptw-Neptun-przyczepa-jednoosiowa-o-DMC-750kg.jpg\",\"datePublished\":\"2015-09-24T10:11:18+00:00\",\"dateModified\":\"2021-07-22T06:18:23+00:00\",\"breadcrumb\":{\"@id\":\"https:\\\/\\\/kubix.pl\\\/fr\\\/produkt\\\/remorque-simple-essieu-n7-202-ptw-neptun-avec-un-dmc-de-750-kg\\\/#breadcrumb\"},\"inLanguage\":\"fr-FR\",\"potentialAction\":[{\"@type\":\"ReadAction\",\"target\":[\"https:\\\/\\\/kubix.pl\\\/fr\\\/produkt\\\/remorque-simple-essieu-n7-202-ptw-neptun-avec-un-dmc-de-750-kg\\\/\"]}]},{\"@type\":\"ImageObject\",\"inLanguage\":\"fr-FR\",\"@id\":\"https:\\\/\\\/kubix.pl\\\/fr\\\/produkt\\\/remorque-simple-essieu-n7-202-ptw-neptun-avec-un-dmc-de-750-kg\\\/#primaryimage\",\"url\":\"https:\\\/\\\/kubix.pl\\\/wp-content\\\/uploads\\\/2015\\\/09\\\/238-N7-202-ptw-Neptun-przyczepa-jednoosiowa-o-DMC-750kg.jpg\",\"contentUrl\":\"https:\\\/\\\/kubix.pl\\\/wp-content\\\/uploads\\\/2015\\\/09\\\/238-N7-202-ptw-Neptun-przyczepa-jednoosiowa-o-DMC-750kg.jpg\",\"width\":800,\"height\":498,\"caption\":\"N7-202 ptw Neptun przyczepa jednoosiowa o DMC 750kg\"},{\"@type\":\"BreadcrumbList\",\"@id\":\"https:\\\/\\\/kubix.pl\\\/fr\\\/produkt\\\/remorque-simple-essieu-n7-202-ptw-neptun-avec-un-dmc-de-750-kg\\\/#breadcrumb\",\"itemListElement\":[{\"@type\":\"ListItem\",\"position\":1,\"name\":\"Strona g\u0142\u00f3wna\",\"item\":\"https:\\\/\\\/kubix.pl\\\/fr\\\/\"},{\"@type\":\"ListItem\",\"position\":2,\"name\":\"Sklep\",\"item\":\"https:\\\/\\\/kubix.pl\\\/sklep\\\/\"},{\"@type\":\"ListItem\",\"position\":3,\"name\":\"Remorque simple essieu N7-202 ptw Neptun avec un DMC de 750 kg\"}]},{\"@type\":\"WebSite\",\"@id\":\"https:\\\/\\\/kubix.pl\\\/fr\\\/#website\",\"url\":\"https:\\\/\\\/kubix.pl\\\/fr\\\/\",\"name\":\"Kubix\",\"description\":\"Przyczepy jednoosiowe, dwuosiowe\",\"publisher\":{\"@id\":\"https:\\\/\\\/kubix.pl\\\/fr\\\/#organization\"},\"potentialAction\":[{\"@type\":\"SearchAction\",\"target\":{\"@type\":\"EntryPoint\",\"urlTemplate\":\"https:\\\/\\\/kubix.pl\\\/fr\\\/?s={search_term_string}\"},\"query-input\":{\"@type\":\"PropertyValueSpecification\",\"valueRequired\":true,\"valueName\":\"search_term_string\"}}],\"inLanguage\":\"fr-FR\"},{\"@type\":\"Organization\",\"@id\":\"https:\\\/\\\/kubix.pl\\\/fr\\\/#organization\",\"name\":\"Kubix\",\"url\":\"https:\\\/\\\/kubix.pl\\\/fr\\\/\",\"logo\":{\"@type\":\"ImageObject\",\"inLanguage\":\"fr-FR\",\"@id\":\"https:\\\/\\\/kubix.pl\\\/fr\\\/#\\\/schema\\\/logo\\\/image\\\/\",\"url\":\"https:\\\/\\\/kubix.pl\\\/wp-content\\\/uploads\\\/2024\\\/11\\\/kubix.png\",\"contentUrl\":\"https:\\\/\\\/kubix.pl\\\/wp-content\\\/uploads\\\/2024\\\/11\\\/kubix.png\",\"width\":375,\"height\":60,\"caption\":\"Kubix\"},\"image\":{\"@id\":\"https:\\\/\\\/kubix.pl\\\/fr\\\/#\\\/schema\\\/logo\\\/image\\\/\"}}]}<\/script>\n<!-- \/ Yoast SEO plugin. -->","yoast_head_json":{"title":"Remorque simple essieu N7-202 ptw Neptun avec un DMC de 750 kg - Kubix","robots":{"index":"index","follow":"follow","max-snippet":"max-snippet:-1","max-image-preview":"max-image-preview:large","max-video-preview":"max-video-preview:-1"},"canonical":"https:\/\/kubix.pl\/fr\/produkt\/remorque-simple-essieu-n7-202-ptw-neptun-avec-un-dmc-de-750-kg\/","og_locale":"fr_FR","og_type":"article","og_title":"Remorque simple essieu N7-202 ptw Neptun avec un DMC de 750 kg - Kubix","og_description":"Remorque simple essieu N7-202 ptw Neptun avec un DMC de 750 kg","og_url":"https:\/\/kubix.pl\/fr\/produkt\/remorque-simple-essieu-n7-202-ptw-neptun-avec-un-dmc-de-750-kg\/","og_site_name":"Kubix","article_modified_time":"2021-07-22T06:18:23+00:00","twitter_card":"summary_large_image","twitter_misc":{"Dur\u00e9e de lecture estim\u00e9e":"1 minute"},"schema":{"@context":"https:\/\/schema.org","@graph":[{"@type":"WebPage","@id":"https:\/\/kubix.pl\/fr\/produkt\/remorque-simple-essieu-n7-202-ptw-neptun-avec-un-dmc-de-750-kg\/","url":"https:\/\/kubix.pl\/fr\/produkt\/remorque-simple-essieu-n7-202-ptw-neptun-avec-un-dmc-de-750-kg\/","name":"Remorque simple essieu N7-202 ptw Neptun avec un DMC de 750 kg - Kubix","isPartOf":{"@id":"https:\/\/kubix.pl\/fr\/#website"},"primaryImageOfPage":{"@id":"https:\/\/kubix.pl\/fr\/produkt\/remorque-simple-essieu-n7-202-ptw-neptun-avec-un-dmc-de-750-kg\/#primaryimage"},"image":{"@id":"https:\/\/kubix.pl\/fr\/produkt\/remorque-simple-essieu-n7-202-ptw-neptun-avec-un-dmc-de-750-kg\/#primaryimage"},"thumbnailUrl":"https:\/\/kubix.pl\/wp-content\/uploads\/2015\/09\/238-N7-202-ptw-Neptun-przyczepa-jednoosiowa-o-DMC-750kg.jpg","datePublished":"2015-09-24T10:11:18+00:00","dateModified":"2021-07-22T06:18:23+00:00","breadcrumb":{"@id":"https:\/\/kubix.pl\/fr\/produkt\/remorque-simple-essieu-n7-202-ptw-neptun-avec-un-dmc-de-750-kg\/#breadcrumb"},"inLanguage":"fr-FR","potentialAction":[{"@type":"ReadAction","target":["https:\/\/kubix.pl\/fr\/produkt\/remorque-simple-essieu-n7-202-ptw-neptun-avec-un-dmc-de-750-kg\/"]}]},{"@type":"ImageObject","inLanguage":"fr-FR","@id":"https:\/\/kubix.pl\/fr\/produkt\/remorque-simple-essieu-n7-202-ptw-neptun-avec-un-dmc-de-750-kg\/#primaryimage","url":"https:\/\/kubix.pl\/wp-content\/uploads\/2015\/09\/238-N7-202-ptw-Neptun-przyczepa-jednoosiowa-o-DMC-750kg.jpg","contentUrl":"https:\/\/kubix.pl\/wp-content\/uploads\/2015\/09\/238-N7-202-ptw-Neptun-przyczepa-jednoosiowa-o-DMC-750kg.jpg","width":800,"height":498,"caption":"N7-202 ptw Neptun przyczepa jednoosiowa o DMC 750kg"},{"@type":"BreadcrumbList","@id":"https:\/\/kubix.pl\/fr\/produkt\/remorque-simple-essieu-n7-202-ptw-neptun-avec-un-dmc-de-750-kg\/#breadcrumb","itemListElement":[{"@type":"ListItem","position":1,"name":"Strona g\u0142\u00f3wna","item":"https:\/\/kubix.pl\/fr\/"},{"@type":"ListItem","position":2,"name":"Sklep","item":"https:\/\/kubix.pl\/sklep\/"},{"@type":"ListItem","position":3,"name":"Remorque simple essieu N7-202 ptw Neptun avec un DMC de 750 kg"}]},{"@type":"WebSite","@id":"https:\/\/kubix.pl\/fr\/#website","url":"https:\/\/kubix.pl\/fr\/","name":"Kubix","description":"Przyczepy jednoosiowe, dwuosiowe","publisher":{"@id":"https:\/\/kubix.pl\/fr\/#organization"},"potentialAction":[{"@type":"SearchAction","target":{"@type":"EntryPoint","urlTemplate":"https:\/\/kubix.pl\/fr\/?s={search_term_string}"},"query-input":{"@type":"PropertyValueSpecification","valueRequired":true,"valueName":"search_term_string"}}],"inLanguage":"fr-FR"},{"@type":"Organization","@id":"https:\/\/kubix.pl\/fr\/#organization","name":"Kubix","url":"https:\/\/kubix.pl\/fr\/","logo":{"@type":"ImageObject","inLanguage":"fr-FR","@id":"https:\/\/kubix.pl\/fr\/#\/schema\/logo\/image\/","url":"https:\/\/kubix.pl\/wp-content\/uploads\/2024\/11\/kubix.png","contentUrl":"https:\/\/kubix.pl\/wp-content\/uploads\/2024\/11\/kubix.png","width":375,"height":60,"caption":"Kubix"},"image":{"@id":"https:\/\/kubix.pl\/fr\/#\/schema\/logo\/image\/"}}]}},"_links":{"self":[{"href":"https:\/\/kubix.pl\/fr\/wp-json\/wp\/v2\/product\/13890","targetHints":{"allow":["GET"]}}],"collection":[{"href":"https:\/\/kubix.pl\/fr\/wp-json\/wp\/v2\/product"}],"about":[{"href":"https:\/\/kubix.pl\/fr\/wp-json\/wp\/v2\/types\/product"}],"wp:featuredmedia":[{"embeddable":true,"href":"https:\/\/kubix.pl\/fr\/wp-json\/wp\/v2\/media\/345"}],"wp:attachment":[{"href":"https:\/\/kubix.pl\/fr\/wp-json\/wp\/v2\/media?parent=13890"}],"wp:term":[{"taxonomy":"product_brand","embeddable":true,"href":"https:\/\/kubix.pl\/fr\/wp-json\/wp\/v2\/product_brand?post=13890"},{"taxonomy":"product_cat","embeddable":true,"href":"https:\/\/kubix.pl\/fr\/wp-json\/wp\/v2\/product_cat?post=13890"},{"taxonomy":"product_tag","embeddable":true,"href":"https:\/\/kubix.pl\/fr\/wp-json\/wp\/v2\/product_tag?post=13890"}],"curies":[{"name":"wp","href":"https:\/\/api.w.org\/{rel}","templated":true}]}}