{"id":13893,"date":"2017-06-14T13:51:23","date_gmt":"2017-06-14T11:51:23","guid":{"rendered":"https:\/\/kubix.pl\/produkt\/remorque-simple-essieu-faro-pondus-236x125x32\/"},"modified":"2017-06-14T13:51:23","modified_gmt":"2017-06-14T11:51:23","slug":"remorque-simple-essieu-faro-pondus-236x125x32","status":"publish","type":"product","link":"https:\/\/kubix.pl\/fr\/produkt\/remorque-simple-essieu-faro-pondus-236x125x32\/","title":{"rendered":"Remorque simple essieu FARO PONDUS 236x125x32"},"content":{"rendered":"<h4>Description du produit:<\/h4>\n<p>La remorque l\u00e9g\u00e8re FARO PONDUS aux dimensions 236x125x32cm est une remorque fonctionnelle, peu co\u00fbteuse et solide. Il est fabriqu\u00e9 en t\u00f4le SGD220-Z275, qui se caract\u00e9rise par une tr\u00e8s bonne r\u00e9sistance \u00e0 la corrosion et \u00e0 l&rsquo;oxydation. La remorque est fabriqu\u00e9e sur des composants solides (essieu KNOTTA, attelage STEELPRESS). C&rsquo;est une construction en torsion, ce qui facilite le remplacement des consommables. La remorque est tr\u00e8s pr\u00e9cis\u00e9ment et soigneusement finie.<\/p>\n<h1>\u00c9quipement standard<\/h1>\n<ul>\n<li aria-level=\"1\"><i>Essieu directeur non frein\u00e9 KNOTT<\/i><\/li>\n<li aria-level=\"1\"><i>ch\u00e2ssis et timon de remorque pli\u00e9s en t\u00f4le d&rsquo;acier galvanis\u00e9 \u00e9paisseur 2,5 mm, classe A,<\/i><\/li>\n<li aria-level=\"1\"><i>t\u00eate d&rsquo;attelage 750 kg par STEELPRESS, KNOTT, AL-KO,<\/i><\/li>\n<li aria-level=\"1\"><i>C\u00f4t\u00e9s de remorque H-320 mm, t\u00f4le d&rsquo;acier galvanis\u00e9 \u00e9paisseur 1,25 mm,<\/i><\/li>\n<li aria-level=\"1\"><i>face avant fixe,<\/i><\/li>\n<li aria-level=\"1\"><i>face arri\u00e8re inclinable,<\/i><\/li>\n<li aria-level=\"1\"><i>d\u00e9fenses de poly\u00e9thyl\u00e8ne,<\/i><\/li>\n<li aria-level=\"1\"><i>sol en contreplaqu\u00e9 antid\u00e9rapant et imperm\u00e9able, \u00e9paisseur 9 mm,<\/i><\/li>\n<li aria-level=\"1\"><i>roues 155\/70 R13<\/i><\/li>\n<li aria-level=\"1\"><i>Installation \u00e9lectrique 12V (conform\u00e9ment au code de la route),<\/i><\/li>\n<li aria-level=\"1\"><i>prise 7 broches<\/i><\/li>\n<\/ul>\n<h1>Accessoires optionnels<\/h1>\n<ul>\n<li aria-level=\"1\"><i>cadre avec b\u00e2che H-800 mm<br \/>\n<\/i><\/li>\n<li aria-level=\"1\"><i>roue de support avec une pince<br \/>\n<\/i><\/li>\n<li aria-level=\"1\"><i>b\u00e2che plate<\/i><\/li>\n<li aria-level=\"1\"><i>extensions lat\u00e9rales,<\/i><\/li>\n<li aria-level=\"1\"><i>extensions de maille<\/i><\/li>\n<\/ul>\n<p><span style=\"font-size: 8pt;\"><sub>Informations:<\/sub><\/span><\/p>\n<p><span style=\"font-size: 8pt;\"><sub>Les descriptions mises en ligne sur le site Internet proviennent des sites Internet des producteurs et distributeurs, malgr\u00e9 le soin apport\u00e9 \u00e0 leur placement, elles peuvent contenir des erreurs. Les descriptions et photos ne sont donc pas la base de toute r\u00e9clamation contre notre soci\u00e9t\u00e9. Si vous constatez une erreur dans la description, veuillez nous contacter par e-mail \u00e0  <a href=\"mailto:team@kubix.pl\">team@kubix.pl<\/a><\/sub><\/span><\/p>\n","protected":false},"excerpt":{"rendered":"<p>Remorque simple essieu FARO PONDUS 236x125x32<\/p>\n","protected":false},"featured_media":2064,"template":"","meta":[],"product_brand":[],"product_cat":[2793],"product_tag":[2808,2811,2812,2815,2817,2818,2819,2823,2824],"class_list":{"0":"post-13893","1":"product","2":"type-product","3":"status-publish","4":"has-post-thumbnail","6":"product_cat-uniaxial-jusqua-750-kg","7":"product_tag-anhaenger-fr","8":"product_tag-jednoosiowa-fr","9":"product_tag-lekka-fr","10":"product_tag-pkw-anhaenger-fr","11":"product_tag-przyczepa-fr","12":"product_tag-przyczepa-jednoosiowa-fr","13":"product_tag-przyczepa-lekka-fr","14":"product_tag-trailer-fr","15":"product_tag-trailers-fr","17":"first","18":"instock","19":"sale","20":"taxable","21":"shipping-taxable","22":"purchasable","23":"product-type-simple"},"yoast_head":"<!-- This site is optimized with the Yoast SEO plugin v27.4 - https:\/\/yoast.com\/product\/yoast-seo-wordpress\/ -->\n<title>Remorque simple essieu FARO PONDUS 236x125x32 - Kubix<\/title>\n<meta name=\"robots\" content=\"index, follow, max-snippet:-1, max-image-preview:large, max-video-preview:-1\" \/>\n<link rel=\"canonical\" href=\"https:\/\/kubix.pl\/fr\/produkt\/remorque-simple-essieu-faro-pondus-236x125x32\/\" \/>\n<meta property=\"og:locale\" content=\"fr_FR\" \/>\n<meta property=\"og:type\" content=\"article\" \/>\n<meta property=\"og:title\" content=\"Remorque simple essieu FARO PONDUS 236x125x32 - Kubix\" \/>\n<meta property=\"og:description\" content=\"Remorque simple essieu FARO PONDUS 236x125x32\" \/>\n<meta property=\"og:url\" content=\"https:\/\/kubix.pl\/fr\/produkt\/remorque-simple-essieu-faro-pondus-236x125x32\/\" \/>\n<meta property=\"og:site_name\" content=\"Kubix\" \/>\n<meta name=\"twitter:card\" content=\"summary_large_image\" \/>\n<meta name=\"twitter:label1\" content=\"Dur\u00e9e de lecture estim\u00e9e\" \/>\n\t<meta name=\"twitter:data1\" content=\"1 minute\" \/>\n<script type=\"application\/ld+json\" class=\"yoast-schema-graph\">{\"@context\":\"https:\\\/\\\/schema.org\",\"@graph\":[{\"@type\":\"WebPage\",\"@id\":\"https:\\\/\\\/kubix.pl\\\/fr\\\/produkt\\\/remorque-simple-essieu-faro-pondus-236x125x32\\\/\",\"url\":\"https:\\\/\\\/kubix.pl\\\/fr\\\/produkt\\\/remorque-simple-essieu-faro-pondus-236x125x32\\\/\",\"name\":\"Remorque simple essieu FARO PONDUS 236x125x32 - Kubix\",\"isPartOf\":{\"@id\":\"https:\\\/\\\/kubix.pl\\\/fr\\\/#website\"},\"primaryImageOfPage\":{\"@id\":\"https:\\\/\\\/kubix.pl\\\/fr\\\/produkt\\\/remorque-simple-essieu-faro-pondus-236x125x32\\\/#primaryimage\"},\"image\":{\"@id\":\"https:\\\/\\\/kubix.pl\\\/fr\\\/produkt\\\/remorque-simple-essieu-faro-pondus-236x125x32\\\/#primaryimage\"},\"thumbnailUrl\":\"https:\\\/\\\/kubix.pl\\\/wp-content\\\/uploads\\\/2017\\\/06\\\/4794-pondus.jpg\",\"datePublished\":\"2017-06-14T11:51:23+00:00\",\"breadcrumb\":{\"@id\":\"https:\\\/\\\/kubix.pl\\\/fr\\\/produkt\\\/remorque-simple-essieu-faro-pondus-236x125x32\\\/#breadcrumb\"},\"inLanguage\":\"fr-FR\",\"potentialAction\":[{\"@type\":\"ReadAction\",\"target\":[\"https:\\\/\\\/kubix.pl\\\/fr\\\/produkt\\\/remorque-simple-essieu-faro-pondus-236x125x32\\\/\"]}]},{\"@type\":\"ImageObject\",\"inLanguage\":\"fr-FR\",\"@id\":\"https:\\\/\\\/kubix.pl\\\/fr\\\/produkt\\\/remorque-simple-essieu-faro-pondus-236x125x32\\\/#primaryimage\",\"url\":\"https:\\\/\\\/kubix.pl\\\/wp-content\\\/uploads\\\/2017\\\/06\\\/4794-pondus.jpg\",\"contentUrl\":\"https:\\\/\\\/kubix.pl\\\/wp-content\\\/uploads\\\/2017\\\/06\\\/4794-pondus.jpg\",\"width\":640,\"height\":480,\"caption\":\"pondus\"},{\"@type\":\"BreadcrumbList\",\"@id\":\"https:\\\/\\\/kubix.pl\\\/fr\\\/produkt\\\/remorque-simple-essieu-faro-pondus-236x125x32\\\/#breadcrumb\",\"itemListElement\":[{\"@type\":\"ListItem\",\"position\":1,\"name\":\"Strona g\u0142\u00f3wna\",\"item\":\"https:\\\/\\\/kubix.pl\\\/fr\\\/\"},{\"@type\":\"ListItem\",\"position\":2,\"name\":\"Sklep\",\"item\":\"https:\\\/\\\/kubix.pl\\\/sklep\\\/\"},{\"@type\":\"ListItem\",\"position\":3,\"name\":\"Remorque simple essieu FARO PONDUS 236x125x32\"}]},{\"@type\":\"WebSite\",\"@id\":\"https:\\\/\\\/kubix.pl\\\/fr\\\/#website\",\"url\":\"https:\\\/\\\/kubix.pl\\\/fr\\\/\",\"name\":\"Kubix\",\"description\":\"Przyczepy jednoosiowe, dwuosiowe\",\"publisher\":{\"@id\":\"https:\\\/\\\/kubix.pl\\\/fr\\\/#organization\"},\"potentialAction\":[{\"@type\":\"SearchAction\",\"target\":{\"@type\":\"EntryPoint\",\"urlTemplate\":\"https:\\\/\\\/kubix.pl\\\/fr\\\/?s={search_term_string}\"},\"query-input\":{\"@type\":\"PropertyValueSpecification\",\"valueRequired\":true,\"valueName\":\"search_term_string\"}}],\"inLanguage\":\"fr-FR\"},{\"@type\":\"Organization\",\"@id\":\"https:\\\/\\\/kubix.pl\\\/fr\\\/#organization\",\"name\":\"Kubix\",\"url\":\"https:\\\/\\\/kubix.pl\\\/fr\\\/\",\"logo\":{\"@type\":\"ImageObject\",\"inLanguage\":\"fr-FR\",\"@id\":\"https:\\\/\\\/kubix.pl\\\/fr\\\/#\\\/schema\\\/logo\\\/image\\\/\",\"url\":\"https:\\\/\\\/kubix.pl\\\/wp-content\\\/uploads\\\/2024\\\/11\\\/kubix.png\",\"contentUrl\":\"https:\\\/\\\/kubix.pl\\\/wp-content\\\/uploads\\\/2024\\\/11\\\/kubix.png\",\"width\":375,\"height\":60,\"caption\":\"Kubix\"},\"image\":{\"@id\":\"https:\\\/\\\/kubix.pl\\\/fr\\\/#\\\/schema\\\/logo\\\/image\\\/\"}}]}<\/script>\n<!-- \/ Yoast SEO plugin. -->","yoast_head_json":{"title":"Remorque simple essieu FARO PONDUS 236x125x32 - Kubix","robots":{"index":"index","follow":"follow","max-snippet":"max-snippet:-1","max-image-preview":"max-image-preview:large","max-video-preview":"max-video-preview:-1"},"canonical":"https:\/\/kubix.pl\/fr\/produkt\/remorque-simple-essieu-faro-pondus-236x125x32\/","og_locale":"fr_FR","og_type":"article","og_title":"Remorque simple essieu FARO PONDUS 236x125x32 - Kubix","og_description":"Remorque simple essieu FARO PONDUS 236x125x32","og_url":"https:\/\/kubix.pl\/fr\/produkt\/remorque-simple-essieu-faro-pondus-236x125x32\/","og_site_name":"Kubix","twitter_card":"summary_large_image","twitter_misc":{"Dur\u00e9e de lecture estim\u00e9e":"1 minute"},"schema":{"@context":"https:\/\/schema.org","@graph":[{"@type":"WebPage","@id":"https:\/\/kubix.pl\/fr\/produkt\/remorque-simple-essieu-faro-pondus-236x125x32\/","url":"https:\/\/kubix.pl\/fr\/produkt\/remorque-simple-essieu-faro-pondus-236x125x32\/","name":"Remorque simple essieu FARO PONDUS 236x125x32 - Kubix","isPartOf":{"@id":"https:\/\/kubix.pl\/fr\/#website"},"primaryImageOfPage":{"@id":"https:\/\/kubix.pl\/fr\/produkt\/remorque-simple-essieu-faro-pondus-236x125x32\/#primaryimage"},"image":{"@id":"https:\/\/kubix.pl\/fr\/produkt\/remorque-simple-essieu-faro-pondus-236x125x32\/#primaryimage"},"thumbnailUrl":"https:\/\/kubix.pl\/wp-content\/uploads\/2017\/06\/4794-pondus.jpg","datePublished":"2017-06-14T11:51:23+00:00","breadcrumb":{"@id":"https:\/\/kubix.pl\/fr\/produkt\/remorque-simple-essieu-faro-pondus-236x125x32\/#breadcrumb"},"inLanguage":"fr-FR","potentialAction":[{"@type":"ReadAction","target":["https:\/\/kubix.pl\/fr\/produkt\/remorque-simple-essieu-faro-pondus-236x125x32\/"]}]},{"@type":"ImageObject","inLanguage":"fr-FR","@id":"https:\/\/kubix.pl\/fr\/produkt\/remorque-simple-essieu-faro-pondus-236x125x32\/#primaryimage","url":"https:\/\/kubix.pl\/wp-content\/uploads\/2017\/06\/4794-pondus.jpg","contentUrl":"https:\/\/kubix.pl\/wp-content\/uploads\/2017\/06\/4794-pondus.jpg","width":640,"height":480,"caption":"pondus"},{"@type":"BreadcrumbList","@id":"https:\/\/kubix.pl\/fr\/produkt\/remorque-simple-essieu-faro-pondus-236x125x32\/#breadcrumb","itemListElement":[{"@type":"ListItem","position":1,"name":"Strona g\u0142\u00f3wna","item":"https:\/\/kubix.pl\/fr\/"},{"@type":"ListItem","position":2,"name":"Sklep","item":"https:\/\/kubix.pl\/sklep\/"},{"@type":"ListItem","position":3,"name":"Remorque simple essieu FARO PONDUS 236x125x32"}]},{"@type":"WebSite","@id":"https:\/\/kubix.pl\/fr\/#website","url":"https:\/\/kubix.pl\/fr\/","name":"Kubix","description":"Przyczepy jednoosiowe, dwuosiowe","publisher":{"@id":"https:\/\/kubix.pl\/fr\/#organization"},"potentialAction":[{"@type":"SearchAction","target":{"@type":"EntryPoint","urlTemplate":"https:\/\/kubix.pl\/fr\/?s={search_term_string}"},"query-input":{"@type":"PropertyValueSpecification","valueRequired":true,"valueName":"search_term_string"}}],"inLanguage":"fr-FR"},{"@type":"Organization","@id":"https:\/\/kubix.pl\/fr\/#organization","name":"Kubix","url":"https:\/\/kubix.pl\/fr\/","logo":{"@type":"ImageObject","inLanguage":"fr-FR","@id":"https:\/\/kubix.pl\/fr\/#\/schema\/logo\/image\/","url":"https:\/\/kubix.pl\/wp-content\/uploads\/2024\/11\/kubix.png","contentUrl":"https:\/\/kubix.pl\/wp-content\/uploads\/2024\/11\/kubix.png","width":375,"height":60,"caption":"Kubix"},"image":{"@id":"https:\/\/kubix.pl\/fr\/#\/schema\/logo\/image\/"}}]}},"_links":{"self":[{"href":"https:\/\/kubix.pl\/fr\/wp-json\/wp\/v2\/product\/13893","targetHints":{"allow":["GET"]}}],"collection":[{"href":"https:\/\/kubix.pl\/fr\/wp-json\/wp\/v2\/product"}],"about":[{"href":"https:\/\/kubix.pl\/fr\/wp-json\/wp\/v2\/types\/product"}],"wp:featuredmedia":[{"embeddable":true,"href":"https:\/\/kubix.pl\/fr\/wp-json\/wp\/v2\/media\/2064"}],"wp:attachment":[{"href":"https:\/\/kubix.pl\/fr\/wp-json\/wp\/v2\/media?parent=13893"}],"wp:term":[{"taxonomy":"product_brand","embeddable":true,"href":"https:\/\/kubix.pl\/fr\/wp-json\/wp\/v2\/product_brand?post=13893"},{"taxonomy":"product_cat","embeddable":true,"href":"https:\/\/kubix.pl\/fr\/wp-json\/wp\/v2\/product_cat?post=13893"},{"taxonomy":"product_tag","embeddable":true,"href":"https:\/\/kubix.pl\/fr\/wp-json\/wp\/v2\/product_tag?post=13893"}],"curies":[{"name":"wp","href":"https:\/\/api.w.org\/{rel}","templated":true}]}}