{"id":13901,"date":"2015-07-27T12:31:38","date_gmt":"2015-07-27T10:31:38","guid":{"rendered":"https:\/\/kubix.pl\/produkt\/be7317u-niewiadow-remorque-simple-essieu-avec-un-gvm-de-350-750-kg\/"},"modified":"2015-07-27T12:31:38","modified_gmt":"2015-07-27T10:31:38","slug":"be7317u-niewiadow-remorque-simple-essieu-avec-un-gvm-de-350-750-kg","status":"publish","type":"product","link":"https:\/\/kubix.pl\/fr\/produkt\/be7317u-niewiadow-remorque-simple-essieu-avec-un-gvm-de-350-750-kg\/","title":{"rendered":"BE7317U Niewiad\u00f3w remorque simple essieu avec un GVM de 350-750 kg"},"content":{"rendered":"<p>Les remorques Niewiad\u00f3w de la ligne jardin sont une offre pour les personnes qui utilisent des remorques principalement pour leur m\u00e9nage. Leur fonctionnalit\u00e9 et la possibilit\u00e9 de s&rsquo;\u00e9tendre avec de nouveaux segments leur permettent de r\u00e9pondre aux besoins des utilisateurs les plus exigeants. De plus, l&rsquo;inclinaison de la benne et une large gamme de capacit\u00e9 de charge et de GVM (poids total autoris\u00e9) lui permettront de s&rsquo;adapter \u00e0 presque tout type de voiture.<\/p>\n<h1><span style=\"font-size: 24pt; color: #bd1515;\"><strong>\u00c9quipement standard<\/strong><\/span><\/h1>\n<ul>\n<li>Attelage 750 kg<\/li>\n<li>Essieu non frein\u00e9 750 kg Niewiad\u00f3w<\/li>\n<li>Construction galvanis\u00e9e \u00e0 chaud<\/li>\n<li>Plancher de contreplaqu\u00e9 antid\u00e9rapant<\/li>\n<li>Jantes 165\/70 R13<\/li>\n<li>Roue de soutien<\/li>\n<li>Remorque basculante<\/li>\n<li>Les panneaux lat\u00e9raux avant et arri\u00e8re peuvent \u00eatre ouverts et d\u00e9mont\u00e9s<\/li>\n<\/ul>\n<p><span style=\"font-size: 18pt;\"><strong><span style=\"color: #bd1515;\">Accessoires optionnels<\/span><\/strong><\/span><\/p>\n<ul>\n<li>Barri\u00e8re avec garde-corps<\/li>\n<li>Kit d&rsquo;extension<\/li>\n<li>Haut en maille<\/li>\n<li>Manteau avec cadre H = 800 bleu marine <\/li>\n<li>Ensemble de b\u00e2che bleu marine<\/li>\n<li>Housse en polyester<\/li>\n<li>Support de roue de secours<\/li>\n<li>Roue de support<\/li>\n<li>Pince de roue de support <\/li>\n<li>Roue de secours 165\/70R13<\/li>\n<\/ul>\n<p><span style=\"font-size: 8pt;\"><sub>Informacja:<\/sub><\/span><\/p>\n<p><span style=\"font-size: 8pt;\"><sub>Opisy umieszczone na stronie pochodz\u0105 ze stron producent\u00f3w oraz dystrybutor\u00f3w, pomimo staranno\u015bci przy ich umieszczaniu mog\u0105 zawiera\u0107 b\u0142\u0119dy. Opisy oraz zdj\u0119cia nie s\u0105 wi\u0119c podstaw\u0105 do roszcze\u0144 wobec naszej firmy. Je\u015bli zauwa\u017c\u0105 Pa\u0144stwo b\u0142\u0105d w opisie prosimy o kontakt e-mailowy na adres\u00a0<a href=\"mailto:team@kubix.pl\">team@kubix.pl<\/a><\/sub><\/span><\/p>\n","protected":false},"excerpt":{"rendered":"<p>BE7317U Niewiad\u00f3w remorque simple essieu avec un GVM de 350-750 kg<\/p>\n","protected":false},"featured_media":12196,"template":"","meta":[],"product_brand":[],"product_cat":[3080,2793],"product_tag":[2879,2811,2812,2857,2881,2880,2817,2818],"class_list":{"0":"post-13901","1":"product","2":"type-product","3":"status-publish","4":"has-post-thumbnail","6":"product_cat-remorques-niewiadow","7":"product_cat-uniaxial-jusqua-750-kg","8":"product_tag-be7317u-fr","9":"product_tag-jednoosiowa-fr","10":"product_tag-lekka-fr","11":"product_tag-niewiadow-fr","12":"product_tag-niewiadow-remorque-simple-essieu-avec-fr","13":"product_tag-niewiadow-remorque-simple-essieu-avec","14":"product_tag-przyczepa-fr","15":"product_tag-przyczepa-jednoosiowa-fr","17":"first","18":"onbackorder","19":"taxable","20":"shipping-taxable","21":"purchasable","22":"product-type-simple"},"yoast_head":"<!-- This site is optimized with the Yoast SEO plugin v27.3 - https:\/\/yoast.com\/product\/yoast-seo-wordpress\/ -->\n<title>BE7317U Niewiad\u00f3w remorque simple essieu avec un GVM de 350-750 kg - Kubix<\/title>\n<meta name=\"robots\" content=\"index, follow, max-snippet:-1, max-image-preview:large, max-video-preview:-1\" \/>\n<link rel=\"canonical\" href=\"https:\/\/kubix.pl\/fr\/produkt\/be7317u-niewiadow-remorque-simple-essieu-avec-un-gvm-de-350-750-kg\/\" \/>\n<meta property=\"og:locale\" content=\"fr_FR\" \/>\n<meta property=\"og:type\" content=\"article\" \/>\n<meta property=\"og:title\" content=\"BE7317U Niewiad\u00f3w remorque simple essieu avec un GVM de 350-750 kg - Kubix\" \/>\n<meta property=\"og:description\" content=\"BE7317U Niewiad\u00f3w remorque simple essieu avec un GVM de 350-750 kg\" \/>\n<meta property=\"og:url\" content=\"https:\/\/kubix.pl\/fr\/produkt\/be7317u-niewiadow-remorque-simple-essieu-avec-un-gvm-de-350-750-kg\/\" \/>\n<meta property=\"og:site_name\" content=\"Kubix\" \/>\n<meta property=\"og:image\" content=\"https:\/\/kubix.pl\/wp-content\/uploads\/2015\/07\/62-BE7317U-Niewiadow-PKW-Anhanger-mit-Gesamtgewicht-350-750kg.jpg\" \/>\n\t<meta property=\"og:image:width\" content=\"320\" \/>\n\t<meta property=\"og:image:height\" content=\"240\" \/>\n\t<meta property=\"og:image:type\" content=\"image\/jpeg\" \/>\n<meta name=\"twitter:card\" content=\"summary_large_image\" \/>\n<meta name=\"twitter:label1\" content=\"Dur\u00e9e de lecture estim\u00e9e\" \/>\n\t<meta name=\"twitter:data1\" content=\"1 minute\" \/>\n<script type=\"application\/ld+json\" class=\"yoast-schema-graph\">{\"@context\":\"https:\\\/\\\/schema.org\",\"@graph\":[{\"@type\":\"WebPage\",\"@id\":\"https:\\\/\\\/kubix.pl\\\/fr\\\/produkt\\\/be7317u-niewiadow-remorque-simple-essieu-avec-un-gvm-de-350-750-kg\\\/\",\"url\":\"https:\\\/\\\/kubix.pl\\\/fr\\\/produkt\\\/be7317u-niewiadow-remorque-simple-essieu-avec-un-gvm-de-350-750-kg\\\/\",\"name\":\"BE7317U Niewiad\u00f3w remorque simple essieu avec un GVM de 350-750 kg - Kubix\",\"isPartOf\":{\"@id\":\"https:\\\/\\\/kubix.pl\\\/fr\\\/#website\"},\"primaryImageOfPage\":{\"@id\":\"https:\\\/\\\/kubix.pl\\\/fr\\\/produkt\\\/be7317u-niewiadow-remorque-simple-essieu-avec-un-gvm-de-350-750-kg\\\/#primaryimage\"},\"image\":{\"@id\":\"https:\\\/\\\/kubix.pl\\\/fr\\\/produkt\\\/be7317u-niewiadow-remorque-simple-essieu-avec-un-gvm-de-350-750-kg\\\/#primaryimage\"},\"thumbnailUrl\":\"https:\\\/\\\/kubix.pl\\\/wp-content\\\/uploads\\\/2015\\\/07\\\/62-BE7317U-Niewiadow-PKW-Anhanger-mit-Gesamtgewicht-350-750kg.jpg\",\"datePublished\":\"2015-07-27T10:31:38+00:00\",\"breadcrumb\":{\"@id\":\"https:\\\/\\\/kubix.pl\\\/fr\\\/produkt\\\/be7317u-niewiadow-remorque-simple-essieu-avec-un-gvm-de-350-750-kg\\\/#breadcrumb\"},\"inLanguage\":\"fr-FR\",\"potentialAction\":[{\"@type\":\"ReadAction\",\"target\":[\"https:\\\/\\\/kubix.pl\\\/fr\\\/produkt\\\/be7317u-niewiadow-remorque-simple-essieu-avec-un-gvm-de-350-750-kg\\\/\"]}]},{\"@type\":\"ImageObject\",\"inLanguage\":\"fr-FR\",\"@id\":\"https:\\\/\\\/kubix.pl\\\/fr\\\/produkt\\\/be7317u-niewiadow-remorque-simple-essieu-avec-un-gvm-de-350-750-kg\\\/#primaryimage\",\"url\":\"https:\\\/\\\/kubix.pl\\\/wp-content\\\/uploads\\\/2015\\\/07\\\/62-BE7317U-Niewiadow-PKW-Anhanger-mit-Gesamtgewicht-350-750kg.jpg\",\"contentUrl\":\"https:\\\/\\\/kubix.pl\\\/wp-content\\\/uploads\\\/2015\\\/07\\\/62-BE7317U-Niewiadow-PKW-Anhanger-mit-Gesamtgewicht-350-750kg.jpg\",\"width\":320,\"height\":240},{\"@type\":\"BreadcrumbList\",\"@id\":\"https:\\\/\\\/kubix.pl\\\/fr\\\/produkt\\\/be7317u-niewiadow-remorque-simple-essieu-avec-un-gvm-de-350-750-kg\\\/#breadcrumb\",\"itemListElement\":[{\"@type\":\"ListItem\",\"position\":1,\"name\":\"Strona g\u0142\u00f3wna\",\"item\":\"https:\\\/\\\/kubix.pl\\\/fr\\\/\"},{\"@type\":\"ListItem\",\"position\":2,\"name\":\"Sklep\",\"item\":\"https:\\\/\\\/kubix.pl\\\/sklep\\\/\"},{\"@type\":\"ListItem\",\"position\":3,\"name\":\"BE7317U Niewiad\u00f3w remorque simple essieu avec un GVM de 350-750 kg\"}]},{\"@type\":\"WebSite\",\"@id\":\"https:\\\/\\\/kubix.pl\\\/fr\\\/#website\",\"url\":\"https:\\\/\\\/kubix.pl\\\/fr\\\/\",\"name\":\"Kubix\",\"description\":\"Przyczepy jednoosiowe, dwuosiowe\",\"publisher\":{\"@id\":\"https:\\\/\\\/kubix.pl\\\/fr\\\/#organization\"},\"potentialAction\":[{\"@type\":\"SearchAction\",\"target\":{\"@type\":\"EntryPoint\",\"urlTemplate\":\"https:\\\/\\\/kubix.pl\\\/fr\\\/?s={search_term_string}\"},\"query-input\":{\"@type\":\"PropertyValueSpecification\",\"valueRequired\":true,\"valueName\":\"search_term_string\"}}],\"inLanguage\":\"fr-FR\"},{\"@type\":\"Organization\",\"@id\":\"https:\\\/\\\/kubix.pl\\\/fr\\\/#organization\",\"name\":\"Kubix\",\"url\":\"https:\\\/\\\/kubix.pl\\\/fr\\\/\",\"logo\":{\"@type\":\"ImageObject\",\"inLanguage\":\"fr-FR\",\"@id\":\"https:\\\/\\\/kubix.pl\\\/fr\\\/#\\\/schema\\\/logo\\\/image\\\/\",\"url\":\"https:\\\/\\\/kubix.pl\\\/wp-content\\\/uploads\\\/2024\\\/11\\\/kubix.png\",\"contentUrl\":\"https:\\\/\\\/kubix.pl\\\/wp-content\\\/uploads\\\/2024\\\/11\\\/kubix.png\",\"width\":375,\"height\":60,\"caption\":\"Kubix\"},\"image\":{\"@id\":\"https:\\\/\\\/kubix.pl\\\/fr\\\/#\\\/schema\\\/logo\\\/image\\\/\"}}]}<\/script>\n<!-- \/ Yoast SEO plugin. -->","yoast_head_json":{"title":"BE7317U Niewiad\u00f3w remorque simple essieu avec un GVM de 350-750 kg - Kubix","robots":{"index":"index","follow":"follow","max-snippet":"max-snippet:-1","max-image-preview":"max-image-preview:large","max-video-preview":"max-video-preview:-1"},"canonical":"https:\/\/kubix.pl\/fr\/produkt\/be7317u-niewiadow-remorque-simple-essieu-avec-un-gvm-de-350-750-kg\/","og_locale":"fr_FR","og_type":"article","og_title":"BE7317U Niewiad\u00f3w remorque simple essieu avec un GVM de 350-750 kg - Kubix","og_description":"BE7317U Niewiad\u00f3w remorque simple essieu avec un GVM de 350-750 kg","og_url":"https:\/\/kubix.pl\/fr\/produkt\/be7317u-niewiadow-remorque-simple-essieu-avec-un-gvm-de-350-750-kg\/","og_site_name":"Kubix","og_image":[{"width":320,"height":240,"url":"https:\/\/kubix.pl\/wp-content\/uploads\/2015\/07\/62-BE7317U-Niewiadow-PKW-Anhanger-mit-Gesamtgewicht-350-750kg.jpg","type":"image\/jpeg"}],"twitter_card":"summary_large_image","twitter_misc":{"Dur\u00e9e de lecture estim\u00e9e":"1 minute"},"schema":{"@context":"https:\/\/schema.org","@graph":[{"@type":"WebPage","@id":"https:\/\/kubix.pl\/fr\/produkt\/be7317u-niewiadow-remorque-simple-essieu-avec-un-gvm-de-350-750-kg\/","url":"https:\/\/kubix.pl\/fr\/produkt\/be7317u-niewiadow-remorque-simple-essieu-avec-un-gvm-de-350-750-kg\/","name":"BE7317U Niewiad\u00f3w remorque simple essieu avec un GVM de 350-750 kg - Kubix","isPartOf":{"@id":"https:\/\/kubix.pl\/fr\/#website"},"primaryImageOfPage":{"@id":"https:\/\/kubix.pl\/fr\/produkt\/be7317u-niewiadow-remorque-simple-essieu-avec-un-gvm-de-350-750-kg\/#primaryimage"},"image":{"@id":"https:\/\/kubix.pl\/fr\/produkt\/be7317u-niewiadow-remorque-simple-essieu-avec-un-gvm-de-350-750-kg\/#primaryimage"},"thumbnailUrl":"https:\/\/kubix.pl\/wp-content\/uploads\/2015\/07\/62-BE7317U-Niewiadow-PKW-Anhanger-mit-Gesamtgewicht-350-750kg.jpg","datePublished":"2015-07-27T10:31:38+00:00","breadcrumb":{"@id":"https:\/\/kubix.pl\/fr\/produkt\/be7317u-niewiadow-remorque-simple-essieu-avec-un-gvm-de-350-750-kg\/#breadcrumb"},"inLanguage":"fr-FR","potentialAction":[{"@type":"ReadAction","target":["https:\/\/kubix.pl\/fr\/produkt\/be7317u-niewiadow-remorque-simple-essieu-avec-un-gvm-de-350-750-kg\/"]}]},{"@type":"ImageObject","inLanguage":"fr-FR","@id":"https:\/\/kubix.pl\/fr\/produkt\/be7317u-niewiadow-remorque-simple-essieu-avec-un-gvm-de-350-750-kg\/#primaryimage","url":"https:\/\/kubix.pl\/wp-content\/uploads\/2015\/07\/62-BE7317U-Niewiadow-PKW-Anhanger-mit-Gesamtgewicht-350-750kg.jpg","contentUrl":"https:\/\/kubix.pl\/wp-content\/uploads\/2015\/07\/62-BE7317U-Niewiadow-PKW-Anhanger-mit-Gesamtgewicht-350-750kg.jpg","width":320,"height":240},{"@type":"BreadcrumbList","@id":"https:\/\/kubix.pl\/fr\/produkt\/be7317u-niewiadow-remorque-simple-essieu-avec-un-gvm-de-350-750-kg\/#breadcrumb","itemListElement":[{"@type":"ListItem","position":1,"name":"Strona g\u0142\u00f3wna","item":"https:\/\/kubix.pl\/fr\/"},{"@type":"ListItem","position":2,"name":"Sklep","item":"https:\/\/kubix.pl\/sklep\/"},{"@type":"ListItem","position":3,"name":"BE7317U Niewiad\u00f3w remorque simple essieu avec un GVM de 350-750 kg"}]},{"@type":"WebSite","@id":"https:\/\/kubix.pl\/fr\/#website","url":"https:\/\/kubix.pl\/fr\/","name":"Kubix","description":"Przyczepy jednoosiowe, dwuosiowe","publisher":{"@id":"https:\/\/kubix.pl\/fr\/#organization"},"potentialAction":[{"@type":"SearchAction","target":{"@type":"EntryPoint","urlTemplate":"https:\/\/kubix.pl\/fr\/?s={search_term_string}"},"query-input":{"@type":"PropertyValueSpecification","valueRequired":true,"valueName":"search_term_string"}}],"inLanguage":"fr-FR"},{"@type":"Organization","@id":"https:\/\/kubix.pl\/fr\/#organization","name":"Kubix","url":"https:\/\/kubix.pl\/fr\/","logo":{"@type":"ImageObject","inLanguage":"fr-FR","@id":"https:\/\/kubix.pl\/fr\/#\/schema\/logo\/image\/","url":"https:\/\/kubix.pl\/wp-content\/uploads\/2024\/11\/kubix.png","contentUrl":"https:\/\/kubix.pl\/wp-content\/uploads\/2024\/11\/kubix.png","width":375,"height":60,"caption":"Kubix"},"image":{"@id":"https:\/\/kubix.pl\/fr\/#\/schema\/logo\/image\/"}}]}},"_links":{"self":[{"href":"https:\/\/kubix.pl\/fr\/wp-json\/wp\/v2\/product\/13901","targetHints":{"allow":["GET"]}}],"collection":[{"href":"https:\/\/kubix.pl\/fr\/wp-json\/wp\/v2\/product"}],"about":[{"href":"https:\/\/kubix.pl\/fr\/wp-json\/wp\/v2\/types\/product"}],"wp:featuredmedia":[{"embeddable":true,"href":"https:\/\/kubix.pl\/fr\/wp-json\/wp\/v2\/media\/12196"}],"wp:attachment":[{"href":"https:\/\/kubix.pl\/fr\/wp-json\/wp\/v2\/media?parent=13901"}],"wp:term":[{"taxonomy":"product_brand","embeddable":true,"href":"https:\/\/kubix.pl\/fr\/wp-json\/wp\/v2\/product_brand?post=13901"},{"taxonomy":"product_cat","embeddable":true,"href":"https:\/\/kubix.pl\/fr\/wp-json\/wp\/v2\/product_cat?post=13901"},{"taxonomy":"product_tag","embeddable":true,"href":"https:\/\/kubix.pl\/fr\/wp-json\/wp\/v2\/product_tag?post=13901"}],"curies":[{"name":"wp","href":"https:\/\/api.w.org\/{rel}","templated":true}]}}