{"id":13902,"date":"2019-01-12T13:09:23","date_gmt":"2019-01-12T12:09:23","guid":{"rendered":"https:\/\/kubix.pl\/produkt\/bd6116u-niewiadow-remorque-simple-essieu-avec-gvm-350-600kg\/"},"modified":"2019-01-12T13:09:23","modified_gmt":"2019-01-12T12:09:23","slug":"bd6116u-niewiadow-remorque-simple-essieu-avec-gvm-350-600kg","status":"publish","type":"product","link":"https:\/\/kubix.pl\/fr\/produkt\/bd6116u-niewiadow-remorque-simple-essieu-avec-gvm-350-600kg\/","title":{"rendered":"BD6116U Niewiad\u00f3w remorque simple essieu avec GVM 350-600kg"},"content":{"rendered":"<h4>Description du produit:<\/h4>\n<p>Les remorques Niewiad\u00f3w de la ligne Dom se caract\u00e9risent par une structure solide et fonctionnelle. Leurs avantages incluent la possibilit\u00e9 d&rsquo;extension avec des \u00e9l\u00e9ments suppl\u00e9mentaires (extensions lat\u00e9rales, couvertures, b\u00e2ches) et un d\u00e9montage facile de tous les c\u00f4t\u00e9s (avant et arri\u00e8re inclin\u00e9s) afin d&rsquo;utiliser ces remorques comme plate-forme. Les remorques de la gamme Dom sont \u00e9quip\u00e9es d&rsquo;un frein \u00e0 inertie (sur certains mod\u00e8les), d&rsquo;un triangle de pr\u00e9signalisation (de s\u00e9rie), d&rsquo;un c\u00e2ble de s\u00e9curit\u00e9 qui prot\u00e8ge en plus la remorque contre le d\u00e9branchement et d&rsquo;une bande orange sp\u00e9ciale plac\u00e9e le long du contour de la remorque, am\u00e9liorant son visibilit\u00e9 sur la route. Des poign\u00e9es au sol pour une meilleure s\u00e9curisation de la charge, des poign\u00e9es ext\u00e9rieures sp\u00e9ciales pour b\u00e2ches, la possibilit\u00e9 d&rsquo;installer une roue de secours, une roue de support facilitant les man\u0153uvres ind\u00e9pendantes de la remorque (certains mod\u00e8les) augmentent consid\u00e9rablement le confort d&rsquo;utilisation de ces remorques.<\/p>\n<h1>\u00c9quipement standard<\/h1>\n<ul>\n<li aria-level=\"1\">Boule d&rsquo;attelage<\/li>\n<li aria-level=\"1\">Essieu non frein\u00e9<\/li>\n<li aria-level=\"1\">Construction galvanis\u00e9e \u00e0 chaud<\/li>\n<li aria-level=\"1\">Plancher de contreplaqu\u00e9 antid\u00e9rapant<\/li>\n<li aria-level=\"1\">Jantes 155\/70 R13<\/li>\n<li aria-level=\"1\">Roue de soutien<\/li>\n<li aria-level=\"1\">Remorque basculante<\/li>\n<li aria-level=\"1\">Parois lat\u00e9rales amovibles (basculement arri\u00e8re)<\/li>\n<\/ul>\n<p>Accessoires optionnels<\/p>\n<ul>\n<li aria-level=\"1\">Barri\u00e8re avec garde-corps<\/li>\n<li aria-level=\"1\">Kit d&rsquo;extension<\/li>\n<li aria-level=\"1\">Haut en maille<\/li>\n<li aria-level=\"1\">Ensemble de manteau avec un cadre H = 800 bleu marine<\/li>\n<li aria-level=\"1\">B\u00e2che<\/li>\n<li aria-level=\"1\">Housse en polyester<\/li>\n<li aria-level=\"1\">Support de roue de secours<\/li>\n<li aria-level=\"1\">Roue de support 100 kg, fi48<\/li>\n<li aria-level=\"1\">Support de serrage de roue 48mm<\/li>\n<li aria-level=\"1\">Roue de secours 155 \/ 70R13<\/li>\n<\/ul>\n","protected":false},"excerpt":{"rendered":"<p>BD6116U Niewiad\u00f3w remorque simple essieu avec GVM 350-600kg<\/p>\n","protected":false},"featured_media":13907,"template":"","meta":[],"product_brand":[],"product_cat":[3080,2793],"product_tag":[2808,2884,2811,2812,2857,2880,2815,2817,2819,2823,2824],"class_list":{"0":"post-13902","1":"product","2":"type-product","3":"status-publish","4":"has-post-thumbnail","6":"product_cat-remorques-niewiadow","7":"product_cat-uniaxial-jusqua-750-kg","8":"product_tag-anhaenger-fr","9":"product_tag-bd6116u-fr","10":"product_tag-jednoosiowa-fr","11":"product_tag-lekka-fr","12":"product_tag-niewiadow-fr","13":"product_tag-niewiadow-remorque-simple-essieu-avec","14":"product_tag-pkw-anhaenger-fr","15":"product_tag-przyczepa-fr","16":"product_tag-przyczepa-lekka-fr","17":"product_tag-trailer-fr","18":"product_tag-trailers-fr","20":"first","21":"outofstock","22":"taxable","23":"shipping-taxable","24":"purchasable","25":"product-type-simple"},"yoast_head":"<!-- This site is optimized with the Yoast SEO plugin v27.3 - https:\/\/yoast.com\/product\/yoast-seo-wordpress\/ -->\n<title>BD6116U Niewiad\u00f3w remorque simple essieu avec GVM 350-600kg - Kubix<\/title>\n<meta name=\"robots\" content=\"index, follow, max-snippet:-1, max-image-preview:large, max-video-preview:-1\" \/>\n<link rel=\"canonical\" href=\"https:\/\/kubix.pl\/fr\/produkt\/bd6116u-niewiadow-remorque-simple-essieu-avec-gvm-350-600kg\/\" \/>\n<meta property=\"og:locale\" content=\"fr_FR\" \/>\n<meta property=\"og:type\" content=\"article\" \/>\n<meta property=\"og:title\" content=\"BD6116U Niewiad\u00f3w remorque simple essieu avec GVM 350-600kg - Kubix\" \/>\n<meta property=\"og:description\" content=\"BD6116U Niewiad\u00f3w remorque simple essieu avec GVM 350-600kg\" \/>\n<meta property=\"og:url\" content=\"https:\/\/kubix.pl\/fr\/produkt\/bd6116u-niewiadow-remorque-simple-essieu-avec-gvm-350-600kg\/\" \/>\n<meta property=\"og:site_name\" content=\"Kubix\" \/>\n<meta property=\"og:image\" content=\"https:\/\/kubix.pl\/wp-content\/uploads\/2019\/01\/BD-6116-U-600x400.jpg\" \/>\n\t<meta property=\"og:image:width\" content=\"600\" \/>\n\t<meta property=\"og:image:height\" content=\"400\" \/>\n\t<meta property=\"og:image:type\" content=\"image\/jpeg\" \/>\n<meta name=\"twitter:card\" content=\"summary_large_image\" \/>\n<meta name=\"twitter:label1\" content=\"Dur\u00e9e de lecture estim\u00e9e\" \/>\n\t<meta name=\"twitter:data1\" content=\"1 minute\" \/>\n<script type=\"application\/ld+json\" class=\"yoast-schema-graph\">{\"@context\":\"https:\\\/\\\/schema.org\",\"@graph\":[{\"@type\":\"WebPage\",\"@id\":\"https:\\\/\\\/kubix.pl\\\/fr\\\/produkt\\\/bd6116u-niewiadow-remorque-simple-essieu-avec-gvm-350-600kg\\\/\",\"url\":\"https:\\\/\\\/kubix.pl\\\/fr\\\/produkt\\\/bd6116u-niewiadow-remorque-simple-essieu-avec-gvm-350-600kg\\\/\",\"name\":\"BD6116U Niewiad\u00f3w remorque simple essieu avec GVM 350-600kg - Kubix\",\"isPartOf\":{\"@id\":\"https:\\\/\\\/kubix.pl\\\/fr\\\/#website\"},\"primaryImageOfPage\":{\"@id\":\"https:\\\/\\\/kubix.pl\\\/fr\\\/produkt\\\/bd6116u-niewiadow-remorque-simple-essieu-avec-gvm-350-600kg\\\/#primaryimage\"},\"image\":{\"@id\":\"https:\\\/\\\/kubix.pl\\\/fr\\\/produkt\\\/bd6116u-niewiadow-remorque-simple-essieu-avec-gvm-350-600kg\\\/#primaryimage\"},\"thumbnailUrl\":\"https:\\\/\\\/kubix.pl\\\/wp-content\\\/uploads\\\/2019\\\/01\\\/BD-6116-U-600x400.jpg\",\"datePublished\":\"2019-01-12T12:09:23+00:00\",\"breadcrumb\":{\"@id\":\"https:\\\/\\\/kubix.pl\\\/fr\\\/produkt\\\/bd6116u-niewiadow-remorque-simple-essieu-avec-gvm-350-600kg\\\/#breadcrumb\"},\"inLanguage\":\"fr-FR\",\"potentialAction\":[{\"@type\":\"ReadAction\",\"target\":[\"https:\\\/\\\/kubix.pl\\\/fr\\\/produkt\\\/bd6116u-niewiadow-remorque-simple-essieu-avec-gvm-350-600kg\\\/\"]}]},{\"@type\":\"ImageObject\",\"inLanguage\":\"fr-FR\",\"@id\":\"https:\\\/\\\/kubix.pl\\\/fr\\\/produkt\\\/bd6116u-niewiadow-remorque-simple-essieu-avec-gvm-350-600kg\\\/#primaryimage\",\"url\":\"https:\\\/\\\/kubix.pl\\\/wp-content\\\/uploads\\\/2019\\\/01\\\/BD-6116-U-600x400.jpg\",\"contentUrl\":\"https:\\\/\\\/kubix.pl\\\/wp-content\\\/uploads\\\/2019\\\/01\\\/BD-6116-U-600x400.jpg\",\"width\":600,\"height\":400},{\"@type\":\"BreadcrumbList\",\"@id\":\"https:\\\/\\\/kubix.pl\\\/fr\\\/produkt\\\/bd6116u-niewiadow-remorque-simple-essieu-avec-gvm-350-600kg\\\/#breadcrumb\",\"itemListElement\":[{\"@type\":\"ListItem\",\"position\":1,\"name\":\"Strona g\u0142\u00f3wna\",\"item\":\"https:\\\/\\\/kubix.pl\\\/fr\\\/\"},{\"@type\":\"ListItem\",\"position\":2,\"name\":\"Sklep\",\"item\":\"https:\\\/\\\/kubix.pl\\\/sklep\\\/\"},{\"@type\":\"ListItem\",\"position\":3,\"name\":\"BD6116U Niewiad\u00f3w remorque simple essieu avec GVM 350-600kg\"}]},{\"@type\":\"WebSite\",\"@id\":\"https:\\\/\\\/kubix.pl\\\/fr\\\/#website\",\"url\":\"https:\\\/\\\/kubix.pl\\\/fr\\\/\",\"name\":\"Kubix\",\"description\":\"Przyczepy jednoosiowe, dwuosiowe\",\"publisher\":{\"@id\":\"https:\\\/\\\/kubix.pl\\\/fr\\\/#organization\"},\"potentialAction\":[{\"@type\":\"SearchAction\",\"target\":{\"@type\":\"EntryPoint\",\"urlTemplate\":\"https:\\\/\\\/kubix.pl\\\/fr\\\/?s={search_term_string}\"},\"query-input\":{\"@type\":\"PropertyValueSpecification\",\"valueRequired\":true,\"valueName\":\"search_term_string\"}}],\"inLanguage\":\"fr-FR\"},{\"@type\":\"Organization\",\"@id\":\"https:\\\/\\\/kubix.pl\\\/fr\\\/#organization\",\"name\":\"Kubix\",\"url\":\"https:\\\/\\\/kubix.pl\\\/fr\\\/\",\"logo\":{\"@type\":\"ImageObject\",\"inLanguage\":\"fr-FR\",\"@id\":\"https:\\\/\\\/kubix.pl\\\/fr\\\/#\\\/schema\\\/logo\\\/image\\\/\",\"url\":\"https:\\\/\\\/kubix.pl\\\/wp-content\\\/uploads\\\/2024\\\/11\\\/kubix.png\",\"contentUrl\":\"https:\\\/\\\/kubix.pl\\\/wp-content\\\/uploads\\\/2024\\\/11\\\/kubix.png\",\"width\":375,\"height\":60,\"caption\":\"Kubix\"},\"image\":{\"@id\":\"https:\\\/\\\/kubix.pl\\\/fr\\\/#\\\/schema\\\/logo\\\/image\\\/\"}}]}<\/script>\n<!-- \/ Yoast SEO plugin. -->","yoast_head_json":{"title":"BD6116U Niewiad\u00f3w remorque simple essieu avec GVM 350-600kg - Kubix","robots":{"index":"index","follow":"follow","max-snippet":"max-snippet:-1","max-image-preview":"max-image-preview:large","max-video-preview":"max-video-preview:-1"},"canonical":"https:\/\/kubix.pl\/fr\/produkt\/bd6116u-niewiadow-remorque-simple-essieu-avec-gvm-350-600kg\/","og_locale":"fr_FR","og_type":"article","og_title":"BD6116U Niewiad\u00f3w remorque simple essieu avec GVM 350-600kg - Kubix","og_description":"BD6116U Niewiad\u00f3w remorque simple essieu avec GVM 350-600kg","og_url":"https:\/\/kubix.pl\/fr\/produkt\/bd6116u-niewiadow-remorque-simple-essieu-avec-gvm-350-600kg\/","og_site_name":"Kubix","og_image":[{"width":600,"height":400,"url":"https:\/\/kubix.pl\/wp-content\/uploads\/2019\/01\/BD-6116-U-600x400.jpg","type":"image\/jpeg"}],"twitter_card":"summary_large_image","twitter_misc":{"Dur\u00e9e de lecture estim\u00e9e":"1 minute"},"schema":{"@context":"https:\/\/schema.org","@graph":[{"@type":"WebPage","@id":"https:\/\/kubix.pl\/fr\/produkt\/bd6116u-niewiadow-remorque-simple-essieu-avec-gvm-350-600kg\/","url":"https:\/\/kubix.pl\/fr\/produkt\/bd6116u-niewiadow-remorque-simple-essieu-avec-gvm-350-600kg\/","name":"BD6116U Niewiad\u00f3w remorque simple essieu avec GVM 350-600kg - Kubix","isPartOf":{"@id":"https:\/\/kubix.pl\/fr\/#website"},"primaryImageOfPage":{"@id":"https:\/\/kubix.pl\/fr\/produkt\/bd6116u-niewiadow-remorque-simple-essieu-avec-gvm-350-600kg\/#primaryimage"},"image":{"@id":"https:\/\/kubix.pl\/fr\/produkt\/bd6116u-niewiadow-remorque-simple-essieu-avec-gvm-350-600kg\/#primaryimage"},"thumbnailUrl":"https:\/\/kubix.pl\/wp-content\/uploads\/2019\/01\/BD-6116-U-600x400.jpg","datePublished":"2019-01-12T12:09:23+00:00","breadcrumb":{"@id":"https:\/\/kubix.pl\/fr\/produkt\/bd6116u-niewiadow-remorque-simple-essieu-avec-gvm-350-600kg\/#breadcrumb"},"inLanguage":"fr-FR","potentialAction":[{"@type":"ReadAction","target":["https:\/\/kubix.pl\/fr\/produkt\/bd6116u-niewiadow-remorque-simple-essieu-avec-gvm-350-600kg\/"]}]},{"@type":"ImageObject","inLanguage":"fr-FR","@id":"https:\/\/kubix.pl\/fr\/produkt\/bd6116u-niewiadow-remorque-simple-essieu-avec-gvm-350-600kg\/#primaryimage","url":"https:\/\/kubix.pl\/wp-content\/uploads\/2019\/01\/BD-6116-U-600x400.jpg","contentUrl":"https:\/\/kubix.pl\/wp-content\/uploads\/2019\/01\/BD-6116-U-600x400.jpg","width":600,"height":400},{"@type":"BreadcrumbList","@id":"https:\/\/kubix.pl\/fr\/produkt\/bd6116u-niewiadow-remorque-simple-essieu-avec-gvm-350-600kg\/#breadcrumb","itemListElement":[{"@type":"ListItem","position":1,"name":"Strona g\u0142\u00f3wna","item":"https:\/\/kubix.pl\/fr\/"},{"@type":"ListItem","position":2,"name":"Sklep","item":"https:\/\/kubix.pl\/sklep\/"},{"@type":"ListItem","position":3,"name":"BD6116U Niewiad\u00f3w remorque simple essieu avec GVM 350-600kg"}]},{"@type":"WebSite","@id":"https:\/\/kubix.pl\/fr\/#website","url":"https:\/\/kubix.pl\/fr\/","name":"Kubix","description":"Przyczepy jednoosiowe, dwuosiowe","publisher":{"@id":"https:\/\/kubix.pl\/fr\/#organization"},"potentialAction":[{"@type":"SearchAction","target":{"@type":"EntryPoint","urlTemplate":"https:\/\/kubix.pl\/fr\/?s={search_term_string}"},"query-input":{"@type":"PropertyValueSpecification","valueRequired":true,"valueName":"search_term_string"}}],"inLanguage":"fr-FR"},{"@type":"Organization","@id":"https:\/\/kubix.pl\/fr\/#organization","name":"Kubix","url":"https:\/\/kubix.pl\/fr\/","logo":{"@type":"ImageObject","inLanguage":"fr-FR","@id":"https:\/\/kubix.pl\/fr\/#\/schema\/logo\/image\/","url":"https:\/\/kubix.pl\/wp-content\/uploads\/2024\/11\/kubix.png","contentUrl":"https:\/\/kubix.pl\/wp-content\/uploads\/2024\/11\/kubix.png","width":375,"height":60,"caption":"Kubix"},"image":{"@id":"https:\/\/kubix.pl\/fr\/#\/schema\/logo\/image\/"}}]}},"_links":{"self":[{"href":"https:\/\/kubix.pl\/fr\/wp-json\/wp\/v2\/product\/13902","targetHints":{"allow":["GET"]}}],"collection":[{"href":"https:\/\/kubix.pl\/fr\/wp-json\/wp\/v2\/product"}],"about":[{"href":"https:\/\/kubix.pl\/fr\/wp-json\/wp\/v2\/types\/product"}],"wp:featuredmedia":[{"embeddable":true,"href":"https:\/\/kubix.pl\/fr\/wp-json\/wp\/v2\/media\/13907"}],"wp:attachment":[{"href":"https:\/\/kubix.pl\/fr\/wp-json\/wp\/v2\/media?parent=13902"}],"wp:term":[{"taxonomy":"product_brand","embeddable":true,"href":"https:\/\/kubix.pl\/fr\/wp-json\/wp\/v2\/product_brand?post=13902"},{"taxonomy":"product_cat","embeddable":true,"href":"https:\/\/kubix.pl\/fr\/wp-json\/wp\/v2\/product_cat?post=13902"},{"taxonomy":"product_tag","embeddable":true,"href":"https:\/\/kubix.pl\/fr\/wp-json\/wp\/v2\/product_tag?post=13902"}],"curies":[{"name":"wp","href":"https:\/\/api.w.org\/{rel}","templated":true}]}}