{"id":13910,"date":"2021-04-16T16:30:17","date_gmt":"2021-04-16T14:30:17","guid":{"rendered":"https:\/\/kubix.pl\/produkt\/beg7323u-niewiadow-remorque-simple-essieu-avec-un-gvm-de-350-750-kg\/"},"modified":"2021-04-16T16:30:17","modified_gmt":"2021-04-16T14:30:17","slug":"beg7323u-niewiadow-remorque-simple-essieu-avec-un-gvm-de-350-750-kg","status":"publish","type":"product","link":"https:\/\/kubix.pl\/fr\/produkt\/beg7323u-niewiadow-remorque-simple-essieu-avec-un-gvm-de-350-750-kg\/","title":{"rendered":"BEG7323U Niewiad\u00f3w remorque simple essieu avec un GVM de 350-750 kg"},"content":{"rendered":"<h4>Description du produit:<\/h4>\n<p>La remorque Niewiad\u00f3w est une remorque solide avec des dimensions internes de 241x132x35 cm. La remorque est \u00e9quip\u00e9e de caisses basculantes qui facilitent le chargement et le d\u00e9chargement des marchandises. Les panneaux lat\u00e9raux avant et arri\u00e8re sont ouverts et peuvent \u00eatre facilement retir\u00e9s. Le d\u00e9montage de tous les c\u00f4t\u00e9s permet d&rsquo;obtenir une plate-forme plate pour le transport d&rsquo;\u00e9l\u00e9ments surdimensionn\u00e9s.<\/p>\n<h1>\u00c9quipement standard<\/h1>\n<ul>\n<li aria-level=\"1\">Attelage 750 kg<\/li>\n<li aria-level=\"1\">Essieu non frein\u00e9 750 kg Niewiad\u00f3w<\/li>\n<li aria-level=\"1\">Construction galvanis\u00e9e \u00e0 chaud<\/li>\n<li aria-level=\"1\">Plancher de contreplaqu\u00e9 antid\u00e9rapant<\/li>\n<li aria-level=\"1\">Jantes 165\/70 R13<\/li>\n<li aria-level=\"1\">Roue de support avec une pince<\/li>\n<li aria-level=\"1\">Caisse basculante<\/li>\n<li aria-level=\"1\">Ouverture avant et arri\u00e8re<\/li>\n<li aria-level=\"1\">Tous les c\u00f4t\u00e9s sont amovibles<\/li>\n<\/ul>\n<p>Accessoires optionnels<\/p>\n<ul>\n<li aria-level=\"1\">Barri\u00e8re avec garde-corps<\/li>\n<li aria-level=\"1\">Kit d&rsquo;extension<\/li>\n<li aria-level=\"1\">Haut en maille<\/li>\n<li aria-level=\"1\">Manteau avec cadre H = 800 bleu marine<\/li>\n<li aria-level=\"1\">Ensemble de b\u00e2che bleu marine<\/li>\n<li aria-level=\"1\">Housse en polyester<\/li>\n<li aria-level=\"1\">Support de roue de secours<\/li>\n<li aria-level=\"1\">Roue de support<\/li>\n<li aria-level=\"1\">Collier de roue de support<\/li>\n<li aria-level=\"1\">Roue de secours 165\/70R13<\/li>\n<\/ul>\n","protected":false},"excerpt":{"rendered":"<p>BEG7323U Niewiad\u00f3w remorque simple essieu avec un GVM de 350-750 kg<\/p>\n","protected":false},"featured_media":13919,"template":"","meta":[],"product_brand":[],"product_cat":[3080,2793],"product_tag":[2889,2811,2857,2880,2817],"class_list":{"0":"post-13910","1":"product","2":"type-product","3":"status-publish","4":"has-post-thumbnail","6":"product_cat-remorques-niewiadow","7":"product_cat-uniaxial-jusqua-750-kg","8":"product_tag-be7323u-fr","9":"product_tag-jednoosiowa-fr","10":"product_tag-niewiadow-fr","11":"product_tag-niewiadow-remorque-simple-essieu-avec","12":"product_tag-przyczepa-fr","14":"first","15":"outofstock","16":"taxable","17":"shipping-taxable","18":"purchasable","19":"product-type-simple"},"yoast_head":"<!-- This site is optimized with the Yoast SEO plugin v27.6 - https:\/\/yoast.com\/product\/yoast-seo-wordpress\/ -->\n<title>BEG7323U Niewiad\u00f3w remorque simple essieu avec un GVM de 350-750 kg - Kubix<\/title>\n<meta name=\"robots\" content=\"index, follow, max-snippet:-1, max-image-preview:large, max-video-preview:-1\" \/>\n<link rel=\"canonical\" href=\"https:\/\/kubix.pl\/fr\/produkt\/beg7323u-niewiadow-remorque-simple-essieu-avec-un-gvm-de-350-750-kg\/\" \/>\n<meta property=\"og:locale\" content=\"fr_FR\" \/>\n<meta property=\"og:type\" content=\"article\" \/>\n<meta property=\"og:title\" content=\"BEG7323U Niewiad\u00f3w remorque simple essieu avec un GVM de 350-750 kg - Kubix\" \/>\n<meta property=\"og:description\" content=\"BEG7323U Niewiad\u00f3w remorque simple essieu avec un GVM de 350-750 kg\" \/>\n<meta property=\"og:url\" content=\"https:\/\/kubix.pl\/fr\/produkt\/beg7323u-niewiadow-remorque-simple-essieu-avec-un-gvm-de-350-750-kg\/\" \/>\n<meta property=\"og:site_name\" content=\"Kubix\" \/>\n<meta property=\"og:image\" content=\"https:\/\/kubix.pl\/wp-content\/uploads\/2021\/04\/KUBIX-przyczepa-jednoosiowa-BEG7323U-11-scaled.jpg\" \/>\n\t<meta property=\"og:image:width\" content=\"2560\" \/>\n\t<meta property=\"og:image:height\" content=\"1920\" \/>\n\t<meta property=\"og:image:type\" content=\"image\/jpeg\" \/>\n<meta name=\"twitter:card\" content=\"summary_large_image\" \/>\n<meta name=\"twitter:label1\" content=\"Dur\u00e9e de lecture estim\u00e9e\" \/>\n\t<meta name=\"twitter:data1\" content=\"1 minute\" \/>\n<script type=\"application\/ld+json\" class=\"yoast-schema-graph\">{\"@context\":\"https:\\\/\\\/schema.org\",\"@graph\":[{\"@type\":\"WebPage\",\"@id\":\"https:\\\/\\\/kubix.pl\\\/fr\\\/produkt\\\/beg7323u-niewiadow-remorque-simple-essieu-avec-un-gvm-de-350-750-kg\\\/\",\"url\":\"https:\\\/\\\/kubix.pl\\\/fr\\\/produkt\\\/beg7323u-niewiadow-remorque-simple-essieu-avec-un-gvm-de-350-750-kg\\\/\",\"name\":\"BEG7323U Niewiad\u00f3w remorque simple essieu avec un GVM de 350-750 kg - Kubix\",\"isPartOf\":{\"@id\":\"https:\\\/\\\/kubix.pl\\\/fr\\\/#website\"},\"primaryImageOfPage\":{\"@id\":\"https:\\\/\\\/kubix.pl\\\/fr\\\/produkt\\\/beg7323u-niewiadow-remorque-simple-essieu-avec-un-gvm-de-350-750-kg\\\/#primaryimage\"},\"image\":{\"@id\":\"https:\\\/\\\/kubix.pl\\\/fr\\\/produkt\\\/beg7323u-niewiadow-remorque-simple-essieu-avec-un-gvm-de-350-750-kg\\\/#primaryimage\"},\"thumbnailUrl\":\"https:\\\/\\\/kubix.pl\\\/wp-content\\\/uploads\\\/2021\\\/04\\\/KUBIX-przyczepa-jednoosiowa-BEG7323U-11-scaled.jpg\",\"datePublished\":\"2021-04-16T14:30:17+00:00\",\"breadcrumb\":{\"@id\":\"https:\\\/\\\/kubix.pl\\\/fr\\\/produkt\\\/beg7323u-niewiadow-remorque-simple-essieu-avec-un-gvm-de-350-750-kg\\\/#breadcrumb\"},\"inLanguage\":\"fr-FR\",\"potentialAction\":[{\"@type\":\"ReadAction\",\"target\":[\"https:\\\/\\\/kubix.pl\\\/fr\\\/produkt\\\/beg7323u-niewiadow-remorque-simple-essieu-avec-un-gvm-de-350-750-kg\\\/\"]}]},{\"@type\":\"ImageObject\",\"inLanguage\":\"fr-FR\",\"@id\":\"https:\\\/\\\/kubix.pl\\\/fr\\\/produkt\\\/beg7323u-niewiadow-remorque-simple-essieu-avec-un-gvm-de-350-750-kg\\\/#primaryimage\",\"url\":\"https:\\\/\\\/kubix.pl\\\/wp-content\\\/uploads\\\/2021\\\/04\\\/KUBIX-przyczepa-jednoosiowa-BEG7323U-11-scaled.jpg\",\"contentUrl\":\"https:\\\/\\\/kubix.pl\\\/wp-content\\\/uploads\\\/2021\\\/04\\\/KUBIX-przyczepa-jednoosiowa-BEG7323U-11-scaled.jpg\",\"width\":2560,\"height\":1920,\"caption\":\"kubix.pl\"},{\"@type\":\"BreadcrumbList\",\"@id\":\"https:\\\/\\\/kubix.pl\\\/fr\\\/produkt\\\/beg7323u-niewiadow-remorque-simple-essieu-avec-un-gvm-de-350-750-kg\\\/#breadcrumb\",\"itemListElement\":[{\"@type\":\"ListItem\",\"position\":1,\"name\":\"Strona g\u0142\u00f3wna\",\"item\":\"https:\\\/\\\/kubix.pl\\\/fr\\\/\"},{\"@type\":\"ListItem\",\"position\":2,\"name\":\"Sklep\",\"item\":\"https:\\\/\\\/kubix.pl\\\/sklep\\\/\"},{\"@type\":\"ListItem\",\"position\":3,\"name\":\"BEG7323U Niewiad\u00f3w remorque simple essieu avec un GVM de 350-750 kg\"}]},{\"@type\":\"WebSite\",\"@id\":\"https:\\\/\\\/kubix.pl\\\/fr\\\/#website\",\"url\":\"https:\\\/\\\/kubix.pl\\\/fr\\\/\",\"name\":\"Kubix\",\"description\":\"Przyczepy jednoosiowe, dwuosiowe\",\"publisher\":{\"@id\":\"https:\\\/\\\/kubix.pl\\\/fr\\\/#organization\"},\"potentialAction\":[{\"@type\":\"SearchAction\",\"target\":{\"@type\":\"EntryPoint\",\"urlTemplate\":\"https:\\\/\\\/kubix.pl\\\/fr\\\/?s={search_term_string}\"},\"query-input\":{\"@type\":\"PropertyValueSpecification\",\"valueRequired\":true,\"valueName\":\"search_term_string\"}}],\"inLanguage\":\"fr-FR\"},{\"@type\":\"Organization\",\"@id\":\"https:\\\/\\\/kubix.pl\\\/fr\\\/#organization\",\"name\":\"Kubix\",\"url\":\"https:\\\/\\\/kubix.pl\\\/fr\\\/\",\"logo\":{\"@type\":\"ImageObject\",\"inLanguage\":\"fr-FR\",\"@id\":\"https:\\\/\\\/kubix.pl\\\/fr\\\/#\\\/schema\\\/logo\\\/image\\\/\",\"url\":\"https:\\\/\\\/kubix.pl\\\/wp-content\\\/uploads\\\/2024\\\/11\\\/kubix.png\",\"contentUrl\":\"https:\\\/\\\/kubix.pl\\\/wp-content\\\/uploads\\\/2024\\\/11\\\/kubix.png\",\"width\":375,\"height\":60,\"caption\":\"Kubix\"},\"image\":{\"@id\":\"https:\\\/\\\/kubix.pl\\\/fr\\\/#\\\/schema\\\/logo\\\/image\\\/\"}}]}<\/script>\n<!-- \/ Yoast SEO plugin. -->","yoast_head_json":{"title":"BEG7323U Niewiad\u00f3w remorque simple essieu avec un GVM de 350-750 kg - Kubix","robots":{"index":"index","follow":"follow","max-snippet":"max-snippet:-1","max-image-preview":"max-image-preview:large","max-video-preview":"max-video-preview:-1"},"canonical":"https:\/\/kubix.pl\/fr\/produkt\/beg7323u-niewiadow-remorque-simple-essieu-avec-un-gvm-de-350-750-kg\/","og_locale":"fr_FR","og_type":"article","og_title":"BEG7323U Niewiad\u00f3w remorque simple essieu avec un GVM de 350-750 kg - Kubix","og_description":"BEG7323U Niewiad\u00f3w remorque simple essieu avec un GVM de 350-750 kg","og_url":"https:\/\/kubix.pl\/fr\/produkt\/beg7323u-niewiadow-remorque-simple-essieu-avec-un-gvm-de-350-750-kg\/","og_site_name":"Kubix","og_image":[{"width":2560,"height":1920,"url":"https:\/\/kubix.pl\/wp-content\/uploads\/2021\/04\/KUBIX-przyczepa-jednoosiowa-BEG7323U-11-scaled.jpg","type":"image\/jpeg"}],"twitter_card":"summary_large_image","twitter_misc":{"Dur\u00e9e de lecture estim\u00e9e":"1 minute"},"schema":{"@context":"https:\/\/schema.org","@graph":[{"@type":"WebPage","@id":"https:\/\/kubix.pl\/fr\/produkt\/beg7323u-niewiadow-remorque-simple-essieu-avec-un-gvm-de-350-750-kg\/","url":"https:\/\/kubix.pl\/fr\/produkt\/beg7323u-niewiadow-remorque-simple-essieu-avec-un-gvm-de-350-750-kg\/","name":"BEG7323U Niewiad\u00f3w remorque simple essieu avec un GVM de 350-750 kg - Kubix","isPartOf":{"@id":"https:\/\/kubix.pl\/fr\/#website"},"primaryImageOfPage":{"@id":"https:\/\/kubix.pl\/fr\/produkt\/beg7323u-niewiadow-remorque-simple-essieu-avec-un-gvm-de-350-750-kg\/#primaryimage"},"image":{"@id":"https:\/\/kubix.pl\/fr\/produkt\/beg7323u-niewiadow-remorque-simple-essieu-avec-un-gvm-de-350-750-kg\/#primaryimage"},"thumbnailUrl":"https:\/\/kubix.pl\/wp-content\/uploads\/2021\/04\/KUBIX-przyczepa-jednoosiowa-BEG7323U-11-scaled.jpg","datePublished":"2021-04-16T14:30:17+00:00","breadcrumb":{"@id":"https:\/\/kubix.pl\/fr\/produkt\/beg7323u-niewiadow-remorque-simple-essieu-avec-un-gvm-de-350-750-kg\/#breadcrumb"},"inLanguage":"fr-FR","potentialAction":[{"@type":"ReadAction","target":["https:\/\/kubix.pl\/fr\/produkt\/beg7323u-niewiadow-remorque-simple-essieu-avec-un-gvm-de-350-750-kg\/"]}]},{"@type":"ImageObject","inLanguage":"fr-FR","@id":"https:\/\/kubix.pl\/fr\/produkt\/beg7323u-niewiadow-remorque-simple-essieu-avec-un-gvm-de-350-750-kg\/#primaryimage","url":"https:\/\/kubix.pl\/wp-content\/uploads\/2021\/04\/KUBIX-przyczepa-jednoosiowa-BEG7323U-11-scaled.jpg","contentUrl":"https:\/\/kubix.pl\/wp-content\/uploads\/2021\/04\/KUBIX-przyczepa-jednoosiowa-BEG7323U-11-scaled.jpg","width":2560,"height":1920,"caption":"kubix.pl"},{"@type":"BreadcrumbList","@id":"https:\/\/kubix.pl\/fr\/produkt\/beg7323u-niewiadow-remorque-simple-essieu-avec-un-gvm-de-350-750-kg\/#breadcrumb","itemListElement":[{"@type":"ListItem","position":1,"name":"Strona g\u0142\u00f3wna","item":"https:\/\/kubix.pl\/fr\/"},{"@type":"ListItem","position":2,"name":"Sklep","item":"https:\/\/kubix.pl\/sklep\/"},{"@type":"ListItem","position":3,"name":"BEG7323U Niewiad\u00f3w remorque simple essieu avec un GVM de 350-750 kg"}]},{"@type":"WebSite","@id":"https:\/\/kubix.pl\/fr\/#website","url":"https:\/\/kubix.pl\/fr\/","name":"Kubix","description":"Przyczepy jednoosiowe, dwuosiowe","publisher":{"@id":"https:\/\/kubix.pl\/fr\/#organization"},"potentialAction":[{"@type":"SearchAction","target":{"@type":"EntryPoint","urlTemplate":"https:\/\/kubix.pl\/fr\/?s={search_term_string}"},"query-input":{"@type":"PropertyValueSpecification","valueRequired":true,"valueName":"search_term_string"}}],"inLanguage":"fr-FR"},{"@type":"Organization","@id":"https:\/\/kubix.pl\/fr\/#organization","name":"Kubix","url":"https:\/\/kubix.pl\/fr\/","logo":{"@type":"ImageObject","inLanguage":"fr-FR","@id":"https:\/\/kubix.pl\/fr\/#\/schema\/logo\/image\/","url":"https:\/\/kubix.pl\/wp-content\/uploads\/2024\/11\/kubix.png","contentUrl":"https:\/\/kubix.pl\/wp-content\/uploads\/2024\/11\/kubix.png","width":375,"height":60,"caption":"Kubix"},"image":{"@id":"https:\/\/kubix.pl\/fr\/#\/schema\/logo\/image\/"}}]}},"_links":{"self":[{"href":"https:\/\/kubix.pl\/fr\/wp-json\/wp\/v2\/product\/13910","targetHints":{"allow":["GET"]}}],"collection":[{"href":"https:\/\/kubix.pl\/fr\/wp-json\/wp\/v2\/product"}],"about":[{"href":"https:\/\/kubix.pl\/fr\/wp-json\/wp\/v2\/types\/product"}],"wp:featuredmedia":[{"embeddable":true,"href":"https:\/\/kubix.pl\/fr\/wp-json\/wp\/v2\/media\/13919"}],"wp:attachment":[{"href":"https:\/\/kubix.pl\/fr\/wp-json\/wp\/v2\/media?parent=13910"}],"wp:term":[{"taxonomy":"product_brand","embeddable":true,"href":"https:\/\/kubix.pl\/fr\/wp-json\/wp\/v2\/product_brand?post=13910"},{"taxonomy":"product_cat","embeddable":true,"href":"https:\/\/kubix.pl\/fr\/wp-json\/wp\/v2\/product_cat?post=13910"},{"taxonomy":"product_tag","embeddable":true,"href":"https:\/\/kubix.pl\/fr\/wp-json\/wp\/v2\/product_tag?post=13910"}],"curies":[{"name":"wp","href":"https:\/\/api.w.org\/{rel}","templated":true}]}}