{"id":13924,"date":"2017-07-21T15:50:09","date_gmt":"2017-07-21T13:50:09","guid":{"rendered":"https:\/\/kubix.pl\/produkt\/remorque-neptun-simple-essieu-ressort-n7-210-rtr-avec-un-dmc-de-750-kg\/"},"modified":"2017-07-21T15:50:09","modified_gmt":"2017-07-21T13:50:09","slug":"remorque-neptun-simple-essieu-ressort-n7-210-rtr-avec-un-dmc-de-750-kg","status":"publish","type":"product","link":"https:\/\/kubix.pl\/fr\/produkt\/remorque-neptun-simple-essieu-ressort-n7-210-rtr-avec-un-dmc-de-750-kg\/","title":{"rendered":"Remorque Neptun simple essieu ressort N7-210 rtr avec un DMC de 750 kg"},"content":{"rendered":"<p>Il s&rsquo;agit d&rsquo;une remorque robuste car elle poss\u00e8de un ch\u00e2ssis et un timon enti\u00e8rement soud\u00e9s, des longerons en U profil\u00e9s \u00e0 froid et 3 traverses. Les panneaux lat\u00e9raux peuvent \u00eatre facilement retir\u00e9s et la remorque peut \u00eatre utilis\u00e9e comme plate-forme pour transporter des charges plus importantes. La remorque a un c\u00f4t\u00e9 plus haut &#8211; 40 cm et une caisse basculante. Les poign\u00e9es de corde de fixation de la cargaison sont situ\u00e9es dans les coins de la bo\u00eete. Timon sagittal avec renfort, ch\u00e2ssis \u00e0 4 ressorts et amortisseur assurent une conduite s\u00fbre et stable. Des lampes multifonctionnelles sont mont\u00e9es sous le hayon, ce qui les prot\u00e8ge des dommages, de l&rsquo;humidit\u00e9 et de la boue.<\/p>\n<h1>\u00c9quipement standard<\/h1>\n<ul>\n<li aria-level=\"1\">Essieu suspendu non frein\u00e9<\/li>\n<li aria-level=\"1\">Printemps &#8211; 4 feuilles<\/li>\n<li aria-level=\"1\">Amortisseur &#8211; 2 pcs.<\/li>\n<li aria-level=\"1\">Pare-chocs en caoutchouc &#8211; 2 pcs.<\/li>\n<li aria-level=\"1\">Boule d&rsquo;attelage<\/li>\n<li aria-level=\"1\">C\u00f4t\u00e9s sup\u00e9rieurs &#8211; 40 cm<\/li>\n<li aria-level=\"1\">Caisse basculante<\/li>\n<li aria-level=\"1\">Poign\u00e9es de sol<\/li>\n<li aria-level=\"1\">Construction galvanis\u00e9e \u00e0 chaud<\/li>\n<li aria-level=\"1\">Roues 155\/70 R13 situ\u00e9es \u00e0 l&rsquo;ext\u00e9rieur de la caisse de chargement<\/li>\n<li aria-level=\"1\">C\u00f4t\u00e9s en acier \u00e0 charni\u00e8res &#8211; avant et arri\u00e8re<\/li>\n<li aria-level=\"1\">Poids \u00e0 vide avec c\u00f4t\u00e9s 144 kg<\/li>\n<\/ul>\n<h1>\u00c9quipement suppl\u00e9mentaire:<\/h1>\n<ul>\n<li aria-level=\"1\">Roue de support avec une pince<\/li>\n<\/ul>\n","protected":false},"excerpt":{"rendered":"<p>Remorque Neptun simple essieu ressort N7-210 rtr avec un DMC de 750 kg<\/p>\n","protected":false},"featured_media":2227,"template":"","meta":[],"product_brand":[],"product_cat":[3077,2793],"product_tag":[2808,2809,2894,2811,2812,2814,2815,2817,2818,2820,2823,2824,2849],"class_list":{"0":"post-13924","1":"product","2":"type-product","3":"status-publish","4":"has-post-thumbnail","6":"product_cat-remorques-neptun","7":"product_cat-uniaxial-jusqua-750-kg","8":"product_tag-anhaenger-fr","9":"product_tag-dmc-750-fr","10":"product_tag-gn215-fr","11":"product_tag-jednoosiowa-fr","12":"product_tag-lekka-fr","13":"product_tag-neptun-fr","14":"product_tag-pkw-anhaenger-fr","15":"product_tag-przyczepa-fr","16":"product_tag-przyczepa-jednoosiowa-fr","17":"product_tag-przyczepa-neptun-fr","18":"product_tag-trailer-fr","19":"product_tag-trailers-fr","20":"product_tag-uchylna-fr","22":"first","23":"onbackorder","24":"sale","25":"taxable","26":"shipping-taxable","27":"purchasable","28":"product-type-simple"},"yoast_head":"<!-- This site is optimized with the Yoast SEO plugin v27.3 - https:\/\/yoast.com\/product\/yoast-seo-wordpress\/ -->\n<title>Remorque Neptun simple essieu ressort N7-210 rtr avec un DMC de 750 kg - Kubix<\/title>\n<meta name=\"robots\" content=\"index, follow, max-snippet:-1, max-image-preview:large, max-video-preview:-1\" \/>\n<link rel=\"canonical\" href=\"https:\/\/kubix.pl\/fr\/produkt\/remorque-neptun-simple-essieu-ressort-n7-210-rtr-avec-un-dmc-de-750-kg\/\" \/>\n<meta property=\"og:locale\" content=\"fr_FR\" \/>\n<meta property=\"og:type\" content=\"article\" \/>\n<meta property=\"og:title\" content=\"Remorque Neptun simple essieu ressort N7-210 rtr avec un DMC de 750 kg - Kubix\" \/>\n<meta property=\"og:description\" content=\"Remorque Neptun simple essieu ressort N7-210 rtr avec un DMC de 750 kg\" \/>\n<meta property=\"og:url\" content=\"https:\/\/kubix.pl\/fr\/produkt\/remorque-neptun-simple-essieu-ressort-n7-210-rtr-avec-un-dmc-de-750-kg\/\" \/>\n<meta property=\"og:site_name\" content=\"Kubix\" \/>\n<meta name=\"twitter:card\" content=\"summary_large_image\" \/>\n<meta name=\"twitter:label1\" content=\"Dur\u00e9e de lecture estim\u00e9e\" \/>\n\t<meta name=\"twitter:data1\" content=\"1 minute\" \/>\n<script type=\"application\/ld+json\" class=\"yoast-schema-graph\">{\"@context\":\"https:\\\/\\\/schema.org\",\"@graph\":[{\"@type\":\"WebPage\",\"@id\":\"https:\\\/\\\/kubix.pl\\\/fr\\\/produkt\\\/remorque-neptun-simple-essieu-ressort-n7-210-rtr-avec-un-dmc-de-750-kg\\\/\",\"url\":\"https:\\\/\\\/kubix.pl\\\/fr\\\/produkt\\\/remorque-neptun-simple-essieu-ressort-n7-210-rtr-avec-un-dmc-de-750-kg\\\/\",\"name\":\"Remorque Neptun simple essieu ressort N7-210 rtr avec un DMC de 750 kg - Kubix\",\"isPartOf\":{\"@id\":\"https:\\\/\\\/kubix.pl\\\/fr\\\/#website\"},\"primaryImageOfPage\":{\"@id\":\"https:\\\/\\\/kubix.pl\\\/fr\\\/produkt\\\/remorque-neptun-simple-essieu-ressort-n7-210-rtr-avec-un-dmc-de-750-kg\\\/#primaryimage\"},\"image\":{\"@id\":\"https:\\\/\\\/kubix.pl\\\/fr\\\/produkt\\\/remorque-neptun-simple-essieu-ressort-n7-210-rtr-avec-un-dmc-de-750-kg\\\/#primaryimage\"},\"thumbnailUrl\":\"https:\\\/\\\/kubix.pl\\\/wp-content\\\/uploads\\\/2017\\\/07\\\/5058-N7-210-rtr-Neptun-przyczepa-jednoosiowa-o-DMC-750kg-na-resorze.jpg\",\"datePublished\":\"2017-07-21T13:50:09+00:00\",\"breadcrumb\":{\"@id\":\"https:\\\/\\\/kubix.pl\\\/fr\\\/produkt\\\/remorque-neptun-simple-essieu-ressort-n7-210-rtr-avec-un-dmc-de-750-kg\\\/#breadcrumb\"},\"inLanguage\":\"fr-FR\",\"potentialAction\":[{\"@type\":\"ReadAction\",\"target\":[\"https:\\\/\\\/kubix.pl\\\/fr\\\/produkt\\\/remorque-neptun-simple-essieu-ressort-n7-210-rtr-avec-un-dmc-de-750-kg\\\/\"]}]},{\"@type\":\"ImageObject\",\"inLanguage\":\"fr-FR\",\"@id\":\"https:\\\/\\\/kubix.pl\\\/fr\\\/produkt\\\/remorque-neptun-simple-essieu-ressort-n7-210-rtr-avec-un-dmc-de-750-kg\\\/#primaryimage\",\"url\":\"https:\\\/\\\/kubix.pl\\\/wp-content\\\/uploads\\\/2017\\\/07\\\/5058-N7-210-rtr-Neptun-przyczepa-jednoosiowa-o-DMC-750kg-na-resorze.jpg\",\"contentUrl\":\"https:\\\/\\\/kubix.pl\\\/wp-content\\\/uploads\\\/2017\\\/07\\\/5058-N7-210-rtr-Neptun-przyczepa-jednoosiowa-o-DMC-750kg-na-resorze.jpg\",\"width\":640,\"height\":480,\"caption\":\"N7-210 rtr Neptun przyczepa jednoosiowa o DMC 750kg na resorze\"},{\"@type\":\"BreadcrumbList\",\"@id\":\"https:\\\/\\\/kubix.pl\\\/fr\\\/produkt\\\/remorque-neptun-simple-essieu-ressort-n7-210-rtr-avec-un-dmc-de-750-kg\\\/#breadcrumb\",\"itemListElement\":[{\"@type\":\"ListItem\",\"position\":1,\"name\":\"Strona g\u0142\u00f3wna\",\"item\":\"https:\\\/\\\/kubix.pl\\\/fr\\\/\"},{\"@type\":\"ListItem\",\"position\":2,\"name\":\"Sklep\",\"item\":\"https:\\\/\\\/kubix.pl\\\/sklep\\\/\"},{\"@type\":\"ListItem\",\"position\":3,\"name\":\"Remorque Neptun simple essieu ressort N7-210 rtr avec un DMC de 750 kg\"}]},{\"@type\":\"WebSite\",\"@id\":\"https:\\\/\\\/kubix.pl\\\/fr\\\/#website\",\"url\":\"https:\\\/\\\/kubix.pl\\\/fr\\\/\",\"name\":\"Kubix\",\"description\":\"Przyczepy jednoosiowe, dwuosiowe\",\"publisher\":{\"@id\":\"https:\\\/\\\/kubix.pl\\\/fr\\\/#organization\"},\"potentialAction\":[{\"@type\":\"SearchAction\",\"target\":{\"@type\":\"EntryPoint\",\"urlTemplate\":\"https:\\\/\\\/kubix.pl\\\/fr\\\/?s={search_term_string}\"},\"query-input\":{\"@type\":\"PropertyValueSpecification\",\"valueRequired\":true,\"valueName\":\"search_term_string\"}}],\"inLanguage\":\"fr-FR\"},{\"@type\":\"Organization\",\"@id\":\"https:\\\/\\\/kubix.pl\\\/fr\\\/#organization\",\"name\":\"Kubix\",\"url\":\"https:\\\/\\\/kubix.pl\\\/fr\\\/\",\"logo\":{\"@type\":\"ImageObject\",\"inLanguage\":\"fr-FR\",\"@id\":\"https:\\\/\\\/kubix.pl\\\/fr\\\/#\\\/schema\\\/logo\\\/image\\\/\",\"url\":\"https:\\\/\\\/kubix.pl\\\/wp-content\\\/uploads\\\/2024\\\/11\\\/kubix.png\",\"contentUrl\":\"https:\\\/\\\/kubix.pl\\\/wp-content\\\/uploads\\\/2024\\\/11\\\/kubix.png\",\"width\":375,\"height\":60,\"caption\":\"Kubix\"},\"image\":{\"@id\":\"https:\\\/\\\/kubix.pl\\\/fr\\\/#\\\/schema\\\/logo\\\/image\\\/\"}}]}<\/script>\n<!-- \/ Yoast SEO plugin. -->","yoast_head_json":{"title":"Remorque Neptun simple essieu ressort N7-210 rtr avec un DMC de 750 kg - Kubix","robots":{"index":"index","follow":"follow","max-snippet":"max-snippet:-1","max-image-preview":"max-image-preview:large","max-video-preview":"max-video-preview:-1"},"canonical":"https:\/\/kubix.pl\/fr\/produkt\/remorque-neptun-simple-essieu-ressort-n7-210-rtr-avec-un-dmc-de-750-kg\/","og_locale":"fr_FR","og_type":"article","og_title":"Remorque Neptun simple essieu ressort N7-210 rtr avec un DMC de 750 kg - Kubix","og_description":"Remorque Neptun simple essieu ressort N7-210 rtr avec un DMC de 750 kg","og_url":"https:\/\/kubix.pl\/fr\/produkt\/remorque-neptun-simple-essieu-ressort-n7-210-rtr-avec-un-dmc-de-750-kg\/","og_site_name":"Kubix","twitter_card":"summary_large_image","twitter_misc":{"Dur\u00e9e de lecture estim\u00e9e":"1 minute"},"schema":{"@context":"https:\/\/schema.org","@graph":[{"@type":"WebPage","@id":"https:\/\/kubix.pl\/fr\/produkt\/remorque-neptun-simple-essieu-ressort-n7-210-rtr-avec-un-dmc-de-750-kg\/","url":"https:\/\/kubix.pl\/fr\/produkt\/remorque-neptun-simple-essieu-ressort-n7-210-rtr-avec-un-dmc-de-750-kg\/","name":"Remorque Neptun simple essieu ressort N7-210 rtr avec un DMC de 750 kg - Kubix","isPartOf":{"@id":"https:\/\/kubix.pl\/fr\/#website"},"primaryImageOfPage":{"@id":"https:\/\/kubix.pl\/fr\/produkt\/remorque-neptun-simple-essieu-ressort-n7-210-rtr-avec-un-dmc-de-750-kg\/#primaryimage"},"image":{"@id":"https:\/\/kubix.pl\/fr\/produkt\/remorque-neptun-simple-essieu-ressort-n7-210-rtr-avec-un-dmc-de-750-kg\/#primaryimage"},"thumbnailUrl":"https:\/\/kubix.pl\/wp-content\/uploads\/2017\/07\/5058-N7-210-rtr-Neptun-przyczepa-jednoosiowa-o-DMC-750kg-na-resorze.jpg","datePublished":"2017-07-21T13:50:09+00:00","breadcrumb":{"@id":"https:\/\/kubix.pl\/fr\/produkt\/remorque-neptun-simple-essieu-ressort-n7-210-rtr-avec-un-dmc-de-750-kg\/#breadcrumb"},"inLanguage":"fr-FR","potentialAction":[{"@type":"ReadAction","target":["https:\/\/kubix.pl\/fr\/produkt\/remorque-neptun-simple-essieu-ressort-n7-210-rtr-avec-un-dmc-de-750-kg\/"]}]},{"@type":"ImageObject","inLanguage":"fr-FR","@id":"https:\/\/kubix.pl\/fr\/produkt\/remorque-neptun-simple-essieu-ressort-n7-210-rtr-avec-un-dmc-de-750-kg\/#primaryimage","url":"https:\/\/kubix.pl\/wp-content\/uploads\/2017\/07\/5058-N7-210-rtr-Neptun-przyczepa-jednoosiowa-o-DMC-750kg-na-resorze.jpg","contentUrl":"https:\/\/kubix.pl\/wp-content\/uploads\/2017\/07\/5058-N7-210-rtr-Neptun-przyczepa-jednoosiowa-o-DMC-750kg-na-resorze.jpg","width":640,"height":480,"caption":"N7-210 rtr Neptun przyczepa jednoosiowa o DMC 750kg na resorze"},{"@type":"BreadcrumbList","@id":"https:\/\/kubix.pl\/fr\/produkt\/remorque-neptun-simple-essieu-ressort-n7-210-rtr-avec-un-dmc-de-750-kg\/#breadcrumb","itemListElement":[{"@type":"ListItem","position":1,"name":"Strona g\u0142\u00f3wna","item":"https:\/\/kubix.pl\/fr\/"},{"@type":"ListItem","position":2,"name":"Sklep","item":"https:\/\/kubix.pl\/sklep\/"},{"@type":"ListItem","position":3,"name":"Remorque Neptun simple essieu ressort N7-210 rtr avec un DMC de 750 kg"}]},{"@type":"WebSite","@id":"https:\/\/kubix.pl\/fr\/#website","url":"https:\/\/kubix.pl\/fr\/","name":"Kubix","description":"Przyczepy jednoosiowe, dwuosiowe","publisher":{"@id":"https:\/\/kubix.pl\/fr\/#organization"},"potentialAction":[{"@type":"SearchAction","target":{"@type":"EntryPoint","urlTemplate":"https:\/\/kubix.pl\/fr\/?s={search_term_string}"},"query-input":{"@type":"PropertyValueSpecification","valueRequired":true,"valueName":"search_term_string"}}],"inLanguage":"fr-FR"},{"@type":"Organization","@id":"https:\/\/kubix.pl\/fr\/#organization","name":"Kubix","url":"https:\/\/kubix.pl\/fr\/","logo":{"@type":"ImageObject","inLanguage":"fr-FR","@id":"https:\/\/kubix.pl\/fr\/#\/schema\/logo\/image\/","url":"https:\/\/kubix.pl\/wp-content\/uploads\/2024\/11\/kubix.png","contentUrl":"https:\/\/kubix.pl\/wp-content\/uploads\/2024\/11\/kubix.png","width":375,"height":60,"caption":"Kubix"},"image":{"@id":"https:\/\/kubix.pl\/fr\/#\/schema\/logo\/image\/"}}]}},"_links":{"self":[{"href":"https:\/\/kubix.pl\/fr\/wp-json\/wp\/v2\/product\/13924","targetHints":{"allow":["GET"]}}],"collection":[{"href":"https:\/\/kubix.pl\/fr\/wp-json\/wp\/v2\/product"}],"about":[{"href":"https:\/\/kubix.pl\/fr\/wp-json\/wp\/v2\/types\/product"}],"wp:featuredmedia":[{"embeddable":true,"href":"https:\/\/kubix.pl\/fr\/wp-json\/wp\/v2\/media\/2227"}],"wp:attachment":[{"href":"https:\/\/kubix.pl\/fr\/wp-json\/wp\/v2\/media?parent=13924"}],"wp:term":[{"taxonomy":"product_brand","embeddable":true,"href":"https:\/\/kubix.pl\/fr\/wp-json\/wp\/v2\/product_brand?post=13924"},{"taxonomy":"product_cat","embeddable":true,"href":"https:\/\/kubix.pl\/fr\/wp-json\/wp\/v2\/product_cat?post=13924"},{"taxonomy":"product_tag","embeddable":true,"href":"https:\/\/kubix.pl\/fr\/wp-json\/wp\/v2\/product_tag?post=13924"}],"curies":[{"name":"wp","href":"https:\/\/api.w.org\/{rel}","templated":true}]}}