{"id":13925,"date":"2020-08-14T10:55:56","date_gmt":"2020-08-14T08:55:56","guid":{"rendered":"https:\/\/kubix.pl\/produkt\/gn079-remorque-trailwood-bois-neptun-simple-essieu-avec-un-dmc-de-750kg\/"},"modified":"2020-08-14T10:55:56","modified_gmt":"2020-08-14T08:55:56","slug":"gn079-remorque-trailwood-bois-neptun-simple-essieu-avec-un-dmc-de-750kg","status":"publish","type":"product","link":"https:\/\/kubix.pl\/fr\/produkt\/gn079-remorque-trailwood-bois-neptun-simple-essieu-avec-un-dmc-de-750kg\/","title":{"rendered":"GN079 Remorque Trailwood Bois Neptun simple essieu avec un DMC de 750kg"},"content":{"rendered":"<p>Remorque Neptun Trailwood Bois (GN079). La remorque Neptun est une remorque solide et solide sur un cadre et un timon soud\u00e9s. Les c\u00f4t\u00e9s de ce mod\u00e8le sont en contreplaqu\u00e9 imperm\u00e9able \u00e0 haute r\u00e9sistance. Les panneaux lat\u00e9raux peuvent \u00eatre facilement d\u00e9mont\u00e9s et la remorque peut \u00eatre utilis\u00e9e comme plate-forme plate pour le transport de charges plus importantes. Les poign\u00e9es de corde de fixation de la cargaison sont situ\u00e9es dans les coins de la bo\u00eete. Les crochets de b\u00e2che sont utilis\u00e9s pour fixer les b\u00e2ches, aussi bien plates que hautes, sur des racks. Le timon sagittal avec renfort, la suspension ind\u00e9pendante et les \u00e9l\u00e9ments en caoutchouc de l&rsquo;essieu assurent une conduite s\u00fbre et stable. Des lampes multifonctionnelles sont mont\u00e9es sous le hayon, ce qui les prot\u00e8ge des dommages, de l&rsquo;humidit\u00e9 et de la boue.<\/p>\n<h1><span style=\"font-size: 24pt; color: #bd1515;\"><strong>\u00c9quipement standard<\/strong><\/span><\/h1>\n<ul>\n<li>Essieu non frein\u00e9<\/li>\n<li>DMC &#8211; 750kg<\/li>\n<li>Dimensions de la caisse de chargement &#8211; 236x129x40cm<\/li>\n<li>Zaczep kulowy<\/li>\n<li>Uchwyty pod\u0142ogowe<\/li>\n<li>Konstrukcja cynkowana ogniowo<\/li>\n<li>Ko\u0142a 165\/70 R13 umieszczone na zewn\u0105trz skrzyni \u0142adunkowej<\/li>\n<li>Otwierana przednia i tylna burta<\/li>\n<li>Gumowe wa\u0142ki t\u0142umi\u0105ce drgania<\/li>\n<\/ul>\n<h1><span style=\"font-size: 24pt; color: #bd1515;\"><strong>Wyposa\u017cenie dodatkowe<\/strong><\/span><\/h1>\n<ul>\n<li>Ko\u0142o podporowe &#8211; 85z\u0142<\/li>\n<li>Plandeka p\u0142aska &#8211; 170 z\u0142<\/li>\n<li>Plandeka ze stela\u017cem 80 cm od burty &#8211; 700 z\u0142<\/li>\n<li>Plandeka ze stela\u017cem 120 cm od burty &#8211; 950 z\u0142<\/li>\n<\/ul>\n<p><span style=\"font-size: 8pt;\"><sub>Informacja:<\/sub><\/span><\/p>\n<p><span style=\"font-size: 8pt;\"><sub>Opisy umieszczone na stronie pochodz\u0105 ze stron producent\u00f3w oraz dystrybutor\u00f3w, pomimo staranno\u015bci przy ich umieszczaniu mog\u0105 zawiera\u0107 b\u0142\u0119dy. Opisy oraz zdj\u0119cia nie s\u0105 wi\u0119c podstaw\u0105 do roszcze\u0144 wobec naszej firmy. Je\u015bli zauwa\u017c\u0105 Pa\u0144stwo b\u0142\u0105d w opisie prosimy o kontakt e-mailowy na adres\u00a0<a href=\"mailto:team@kubix.pl\">team@kubix.pl<\/a><\/sub><\/span><\/p>\n","protected":false},"excerpt":{"rendered":"<p>GN079 Remorque Trailwood Bois Neptun simple essieu avec un DMC de 750kg<\/p>\n","protected":false},"featured_media":13930,"template":"","meta":[],"product_brand":[],"product_cat":[3077,2793],"product_tag":[2887,2808,2901,2899,2811,2814,2815,2817,2818,2819,2820,2855,2824,2900,2849],"class_list":{"0":"post-13925","1":"product","2":"type-product","3":"status-publish","4":"has-post-thumbnail","6":"product_cat-remorques-neptun","7":"product_cat-uniaxial-jusqua-750-kg","8":"product_tag-236x129-fr","9":"product_tag-anhaenger-fr","10":"product_tag-bois-fr","11":"product_tag-gp139-fr","12":"product_tag-jednoosiowa-fr","13":"product_tag-neptun-fr","14":"product_tag-pkw-anhaenger-fr","15":"product_tag-przyczepa-fr","16":"product_tag-przyczepa-jednoosiowa-fr","17":"product_tag-przyczepa-lekka-fr","18":"product_tag-przyczepa-neptun-fr","19":"product_tag-sorel-fr","20":"product_tag-trailers-fr","21":"product_tag-trailwood-bois-fr","22":"product_tag-uchylna-fr","24":"first","25":"outofstock","26":"taxable","27":"shipping-taxable","28":"purchasable","29":"product-type-simple"},"yoast_head":"<!-- This site is optimized with the Yoast SEO plugin v27.6 - https:\/\/yoast.com\/product\/yoast-seo-wordpress\/ -->\n<title>GN079 Remorque Trailwood Bois Neptun simple essieu avec un DMC de 750kg - Kubix<\/title>\n<meta name=\"robots\" content=\"index, follow, max-snippet:-1, max-image-preview:large, max-video-preview:-1\" \/>\n<link rel=\"canonical\" href=\"https:\/\/kubix.pl\/fr\/produkt\/gn079-remorque-trailwood-bois-neptun-simple-essieu-avec-un-dmc-de-750kg\/\" \/>\n<meta property=\"og:locale\" content=\"fr_FR\" \/>\n<meta property=\"og:type\" content=\"article\" \/>\n<meta property=\"og:title\" content=\"GN079 Remorque Trailwood Bois Neptun simple essieu avec un DMC de 750kg - Kubix\" \/>\n<meta property=\"og:description\" content=\"GN079 Remorque Trailwood Bois Neptun simple essieu avec un DMC de 750kg\" \/>\n<meta property=\"og:url\" content=\"https:\/\/kubix.pl\/fr\/produkt\/gn079-remorque-trailwood-bois-neptun-simple-essieu-avec-un-dmc-de-750kg\/\" \/>\n<meta property=\"og:site_name\" content=\"Kubix\" \/>\n<meta property=\"og:image\" content=\"https:\/\/kubix.pl\/wp-content\/uploads\/2020\/08\/20200801_113239.jpg\" \/>\n\t<meta property=\"og:image:width\" content=\"640\" \/>\n\t<meta property=\"og:image:height\" content=\"480\" \/>\n\t<meta property=\"og:image:type\" content=\"image\/jpeg\" \/>\n<meta name=\"twitter:card\" content=\"summary_large_image\" \/>\n<meta name=\"twitter:label1\" content=\"Dur\u00e9e de lecture estim\u00e9e\" \/>\n\t<meta name=\"twitter:data1\" content=\"1 minute\" \/>\n<script type=\"application\/ld+json\" class=\"yoast-schema-graph\">{\"@context\":\"https:\\\/\\\/schema.org\",\"@graph\":[{\"@type\":\"WebPage\",\"@id\":\"https:\\\/\\\/kubix.pl\\\/fr\\\/produkt\\\/gn079-remorque-trailwood-bois-neptun-simple-essieu-avec-un-dmc-de-750kg\\\/\",\"url\":\"https:\\\/\\\/kubix.pl\\\/fr\\\/produkt\\\/gn079-remorque-trailwood-bois-neptun-simple-essieu-avec-un-dmc-de-750kg\\\/\",\"name\":\"GN079 Remorque Trailwood Bois Neptun simple essieu avec un DMC de 750kg - Kubix\",\"isPartOf\":{\"@id\":\"https:\\\/\\\/kubix.pl\\\/fr\\\/#website\"},\"primaryImageOfPage\":{\"@id\":\"https:\\\/\\\/kubix.pl\\\/fr\\\/produkt\\\/gn079-remorque-trailwood-bois-neptun-simple-essieu-avec-un-dmc-de-750kg\\\/#primaryimage\"},\"image\":{\"@id\":\"https:\\\/\\\/kubix.pl\\\/fr\\\/produkt\\\/gn079-remorque-trailwood-bois-neptun-simple-essieu-avec-un-dmc-de-750kg\\\/#primaryimage\"},\"thumbnailUrl\":\"https:\\\/\\\/kubix.pl\\\/wp-content\\\/uploads\\\/2020\\\/08\\\/20200801_113239.jpg\",\"datePublished\":\"2020-08-14T08:55:56+00:00\",\"breadcrumb\":{\"@id\":\"https:\\\/\\\/kubix.pl\\\/fr\\\/produkt\\\/gn079-remorque-trailwood-bois-neptun-simple-essieu-avec-un-dmc-de-750kg\\\/#breadcrumb\"},\"inLanguage\":\"fr-FR\",\"potentialAction\":[{\"@type\":\"ReadAction\",\"target\":[\"https:\\\/\\\/kubix.pl\\\/fr\\\/produkt\\\/gn079-remorque-trailwood-bois-neptun-simple-essieu-avec-un-dmc-de-750kg\\\/\"]}]},{\"@type\":\"ImageObject\",\"inLanguage\":\"fr-FR\",\"@id\":\"https:\\\/\\\/kubix.pl\\\/fr\\\/produkt\\\/gn079-remorque-trailwood-bois-neptun-simple-essieu-avec-un-dmc-de-750kg\\\/#primaryimage\",\"url\":\"https:\\\/\\\/kubix.pl\\\/wp-content\\\/uploads\\\/2020\\\/08\\\/20200801_113239.jpg\",\"contentUrl\":\"https:\\\/\\\/kubix.pl\\\/wp-content\\\/uploads\\\/2020\\\/08\\\/20200801_113239.jpg\",\"width\":640,\"height\":480,\"caption\":\"GN079 Remorque Trailwood Bois Neptun simple essieu avec un DMC de 750kg\"},{\"@type\":\"BreadcrumbList\",\"@id\":\"https:\\\/\\\/kubix.pl\\\/fr\\\/produkt\\\/gn079-remorque-trailwood-bois-neptun-simple-essieu-avec-un-dmc-de-750kg\\\/#breadcrumb\",\"itemListElement\":[{\"@type\":\"ListItem\",\"position\":1,\"name\":\"Strona g\u0142\u00f3wna\",\"item\":\"https:\\\/\\\/kubix.pl\\\/fr\\\/\"},{\"@type\":\"ListItem\",\"position\":2,\"name\":\"Sklep\",\"item\":\"https:\\\/\\\/kubix.pl\\\/sklep\\\/\"},{\"@type\":\"ListItem\",\"position\":3,\"name\":\"GN079 Remorque Trailwood Bois Neptun simple essieu avec un DMC de 750kg\"}]},{\"@type\":\"WebSite\",\"@id\":\"https:\\\/\\\/kubix.pl\\\/fr\\\/#website\",\"url\":\"https:\\\/\\\/kubix.pl\\\/fr\\\/\",\"name\":\"Kubix\",\"description\":\"Przyczepy jednoosiowe, dwuosiowe\",\"publisher\":{\"@id\":\"https:\\\/\\\/kubix.pl\\\/fr\\\/#organization\"},\"potentialAction\":[{\"@type\":\"SearchAction\",\"target\":{\"@type\":\"EntryPoint\",\"urlTemplate\":\"https:\\\/\\\/kubix.pl\\\/fr\\\/?s={search_term_string}\"},\"query-input\":{\"@type\":\"PropertyValueSpecification\",\"valueRequired\":true,\"valueName\":\"search_term_string\"}}],\"inLanguage\":\"fr-FR\"},{\"@type\":\"Organization\",\"@id\":\"https:\\\/\\\/kubix.pl\\\/fr\\\/#organization\",\"name\":\"Kubix\",\"url\":\"https:\\\/\\\/kubix.pl\\\/fr\\\/\",\"logo\":{\"@type\":\"ImageObject\",\"inLanguage\":\"fr-FR\",\"@id\":\"https:\\\/\\\/kubix.pl\\\/fr\\\/#\\\/schema\\\/logo\\\/image\\\/\",\"url\":\"https:\\\/\\\/kubix.pl\\\/wp-content\\\/uploads\\\/2024\\\/11\\\/kubix.png\",\"contentUrl\":\"https:\\\/\\\/kubix.pl\\\/wp-content\\\/uploads\\\/2024\\\/11\\\/kubix.png\",\"width\":375,\"height\":60,\"caption\":\"Kubix\"},\"image\":{\"@id\":\"https:\\\/\\\/kubix.pl\\\/fr\\\/#\\\/schema\\\/logo\\\/image\\\/\"}}]}<\/script>\n<!-- \/ Yoast SEO plugin. -->","yoast_head_json":{"title":"GN079 Remorque Trailwood Bois Neptun simple essieu avec un DMC de 750kg - Kubix","robots":{"index":"index","follow":"follow","max-snippet":"max-snippet:-1","max-image-preview":"max-image-preview:large","max-video-preview":"max-video-preview:-1"},"canonical":"https:\/\/kubix.pl\/fr\/produkt\/gn079-remorque-trailwood-bois-neptun-simple-essieu-avec-un-dmc-de-750kg\/","og_locale":"fr_FR","og_type":"article","og_title":"GN079 Remorque Trailwood Bois Neptun simple essieu avec un DMC de 750kg - Kubix","og_description":"GN079 Remorque Trailwood Bois Neptun simple essieu avec un DMC de 750kg","og_url":"https:\/\/kubix.pl\/fr\/produkt\/gn079-remorque-trailwood-bois-neptun-simple-essieu-avec-un-dmc-de-750kg\/","og_site_name":"Kubix","og_image":[{"width":640,"height":480,"url":"https:\/\/kubix.pl\/wp-content\/uploads\/2020\/08\/20200801_113239.jpg","type":"image\/jpeg"}],"twitter_card":"summary_large_image","twitter_misc":{"Dur\u00e9e de lecture estim\u00e9e":"1 minute"},"schema":{"@context":"https:\/\/schema.org","@graph":[{"@type":"WebPage","@id":"https:\/\/kubix.pl\/fr\/produkt\/gn079-remorque-trailwood-bois-neptun-simple-essieu-avec-un-dmc-de-750kg\/","url":"https:\/\/kubix.pl\/fr\/produkt\/gn079-remorque-trailwood-bois-neptun-simple-essieu-avec-un-dmc-de-750kg\/","name":"GN079 Remorque Trailwood Bois Neptun simple essieu avec un DMC de 750kg - Kubix","isPartOf":{"@id":"https:\/\/kubix.pl\/fr\/#website"},"primaryImageOfPage":{"@id":"https:\/\/kubix.pl\/fr\/produkt\/gn079-remorque-trailwood-bois-neptun-simple-essieu-avec-un-dmc-de-750kg\/#primaryimage"},"image":{"@id":"https:\/\/kubix.pl\/fr\/produkt\/gn079-remorque-trailwood-bois-neptun-simple-essieu-avec-un-dmc-de-750kg\/#primaryimage"},"thumbnailUrl":"https:\/\/kubix.pl\/wp-content\/uploads\/2020\/08\/20200801_113239.jpg","datePublished":"2020-08-14T08:55:56+00:00","breadcrumb":{"@id":"https:\/\/kubix.pl\/fr\/produkt\/gn079-remorque-trailwood-bois-neptun-simple-essieu-avec-un-dmc-de-750kg\/#breadcrumb"},"inLanguage":"fr-FR","potentialAction":[{"@type":"ReadAction","target":["https:\/\/kubix.pl\/fr\/produkt\/gn079-remorque-trailwood-bois-neptun-simple-essieu-avec-un-dmc-de-750kg\/"]}]},{"@type":"ImageObject","inLanguage":"fr-FR","@id":"https:\/\/kubix.pl\/fr\/produkt\/gn079-remorque-trailwood-bois-neptun-simple-essieu-avec-un-dmc-de-750kg\/#primaryimage","url":"https:\/\/kubix.pl\/wp-content\/uploads\/2020\/08\/20200801_113239.jpg","contentUrl":"https:\/\/kubix.pl\/wp-content\/uploads\/2020\/08\/20200801_113239.jpg","width":640,"height":480,"caption":"GN079 Remorque Trailwood Bois Neptun simple essieu avec un DMC de 750kg"},{"@type":"BreadcrumbList","@id":"https:\/\/kubix.pl\/fr\/produkt\/gn079-remorque-trailwood-bois-neptun-simple-essieu-avec-un-dmc-de-750kg\/#breadcrumb","itemListElement":[{"@type":"ListItem","position":1,"name":"Strona g\u0142\u00f3wna","item":"https:\/\/kubix.pl\/fr\/"},{"@type":"ListItem","position":2,"name":"Sklep","item":"https:\/\/kubix.pl\/sklep\/"},{"@type":"ListItem","position":3,"name":"GN079 Remorque Trailwood Bois Neptun simple essieu avec un DMC de 750kg"}]},{"@type":"WebSite","@id":"https:\/\/kubix.pl\/fr\/#website","url":"https:\/\/kubix.pl\/fr\/","name":"Kubix","description":"Przyczepy jednoosiowe, dwuosiowe","publisher":{"@id":"https:\/\/kubix.pl\/fr\/#organization"},"potentialAction":[{"@type":"SearchAction","target":{"@type":"EntryPoint","urlTemplate":"https:\/\/kubix.pl\/fr\/?s={search_term_string}"},"query-input":{"@type":"PropertyValueSpecification","valueRequired":true,"valueName":"search_term_string"}}],"inLanguage":"fr-FR"},{"@type":"Organization","@id":"https:\/\/kubix.pl\/fr\/#organization","name":"Kubix","url":"https:\/\/kubix.pl\/fr\/","logo":{"@type":"ImageObject","inLanguage":"fr-FR","@id":"https:\/\/kubix.pl\/fr\/#\/schema\/logo\/image\/","url":"https:\/\/kubix.pl\/wp-content\/uploads\/2024\/11\/kubix.png","contentUrl":"https:\/\/kubix.pl\/wp-content\/uploads\/2024\/11\/kubix.png","width":375,"height":60,"caption":"Kubix"},"image":{"@id":"https:\/\/kubix.pl\/fr\/#\/schema\/logo\/image\/"}}]}},"_links":{"self":[{"href":"https:\/\/kubix.pl\/fr\/wp-json\/wp\/v2\/product\/13925","targetHints":{"allow":["GET"]}}],"collection":[{"href":"https:\/\/kubix.pl\/fr\/wp-json\/wp\/v2\/product"}],"about":[{"href":"https:\/\/kubix.pl\/fr\/wp-json\/wp\/v2\/types\/product"}],"wp:featuredmedia":[{"embeddable":true,"href":"https:\/\/kubix.pl\/fr\/wp-json\/wp\/v2\/media\/13930"}],"wp:attachment":[{"href":"https:\/\/kubix.pl\/fr\/wp-json\/wp\/v2\/media?parent=13925"}],"wp:term":[{"taxonomy":"product_brand","embeddable":true,"href":"https:\/\/kubix.pl\/fr\/wp-json\/wp\/v2\/product_brand?post=13925"},{"taxonomy":"product_cat","embeddable":true,"href":"https:\/\/kubix.pl\/fr\/wp-json\/wp\/v2\/product_cat?post=13925"},{"taxonomy":"product_tag","embeddable":true,"href":"https:\/\/kubix.pl\/fr\/wp-json\/wp\/v2\/product_tag?post=13925"}],"curies":[{"name":"wp","href":"https:\/\/api.w.org\/{rel}","templated":true}]}}