{"id":13942,"date":"2016-04-12T12:17:18","date_gmt":"2016-04-12T10:17:18","guid":{"rendered":"https:\/\/kubix.pl\/produkt\/n7-236-rtr-spring-neptun-une-remorque-simple-essieu-avec-un-dmc-de-750-kg\/"},"modified":"2021-07-22T18:31:36","modified_gmt":"2021-07-22T16:31:36","slug":"n7-236-rtr-spring-neptun-une-remorque-simple-essieu-avec-un-dmc-de-750-kg","status":"publish","type":"product","link":"https:\/\/kubix.pl\/fr\/produkt\/n7-236-rtr-spring-neptun-une-remorque-simple-essieu-avec-un-dmc-de-750-kg\/","title":{"rendered":"N7-236 rtr spring Neptun une remorque simple essieu avec un DMC de 750 kg"},"content":{"rendered":"<p>Il s&rsquo;agit d&rsquo;une remorque lourde car elle poss\u00e8de un ch\u00e2ssis et un timon enti\u00e8rement soud\u00e9s, des longerons en U profil\u00e9s \u00e0 froid et 3 traverses. Les panneaux lat\u00e9raux peuvent \u00eatre facilement retir\u00e9s et la remorque peut \u00eatre utilis\u00e9e comme plate-forme pour transporter des charges plus importantes. La remorque a un c\u00f4t\u00e9 plus haut &#8211; 40 cm et une caisse basculante. Les poign\u00e9es de corde de fixation de la cargaison sont situ\u00e9es dans les coins de la bo\u00eete. Timon sagittal avec renfort, ch\u00e2ssis \u00e0 4 ressorts et amortisseur assurent une conduite s\u00fbre et stable. Des lampes multifonctionnelles sont mont\u00e9es sous le hayon, ce qui les prot\u00e8ge des dommages, de l&rsquo;humidit\u00e9 et de la boue.<\/p>\n<h1>\u00c9quipement standard<\/h1>\n<ul>\n<li aria-level=\"1\">Essieu non frein\u00e9 sur ressort<\/li>\n<li aria-level=\"1\">Boule d&rsquo;attelage<\/li>\n<li aria-level=\"1\">Construction galvanis\u00e9e \u00e0 chaud<\/li>\n<li aria-level=\"1\">Roues 165\/70 R13 plac\u00e9es \u00e0 l&rsquo;ext\u00e9rieur de la caisse de chargement<\/li>\n<li aria-level=\"1\">Arri\u00e8re et avant ouverts &#8211; plus haut 40 cm<\/li>\n<li aria-level=\"1\">Printemps &#8211; 4 feuilles<\/li>\n<li aria-level=\"1\">Amortisseur &#8211; 2 pcs.<\/li>\n<li aria-level=\"1\">Tampons en caoutchouc &#8211; 2 pcs.<\/li>\n<li aria-level=\"1\">Supports de sol 4 pcs.<\/li>\n<li aria-level=\"1\">Caisse basculante<\/li>\n<li aria-level=\"1\">Cadre de tableau<\/li>\n<\/ul>\n<h1>Accessoires optionnels<\/h1>\n<ul>\n<li aria-level=\"1\">Roue de support avec une pince<\/li>\n<\/ul>\n","protected":false},"excerpt":{"rendered":"<p>Remorque simple essieu Neptun Gn190 avec un DMC de 750 kg sur ressort<\/p>\n","protected":false},"featured_media":25678,"template":"","meta":[],"product_brand":[],"product_cat":[3077,2793],"product_tag":[2906,2808,2809,2810,2902,2904,2903,2811,2812,2814,2817,2818,2819,2820,2850,2823,2905],"class_list":{"0":"post-13942","1":"product","2":"type-product","3":"status-publish","4":"has-post-thumbnail","6":"product_cat-remorques-neptun","7":"product_cat-uniaxial-jusqua-750-kg","8":"product_tag-236-fr","9":"product_tag-anhaenger-fr","10":"product_tag-dmc-750-fr","11":"product_tag-gn129-fr","12":"product_tag-gn167-fr","13":"product_tag-gn180-fr","14":"product_tag-gn190-fr","15":"product_tag-jednoosiowa-fr","16":"product_tag-lekka-fr","17":"product_tag-neptun-fr","18":"product_tag-przyczepa-fr","19":"product_tag-przyczepa-jednoosiowa-fr","20":"product_tag-przyczepa-lekka-fr","21":"product_tag-przyczepa-neptun-fr","22":"product_tag-rustik-fr","23":"product_tag-trailer-fr","24":"product_tag-trailres-fr","26":"first","27":"instock","28":"sale","29":"taxable","30":"shipping-taxable","31":"purchasable","32":"product-type-simple"},"yoast_head":"<!-- This site is optimized with the Yoast SEO plugin v27.3 - https:\/\/yoast.com\/product\/yoast-seo-wordpress\/ -->\n<title>N7-236 rtr spring Neptun une remorque simple essieu avec un DMC de 750 kg - Kubix<\/title>\n<meta name=\"robots\" content=\"index, follow, max-snippet:-1, max-image-preview:large, max-video-preview:-1\" \/>\n<link rel=\"canonical\" href=\"https:\/\/kubix.pl\/fr\/produkt\/n7-236-rtr-spring-neptun-une-remorque-simple-essieu-avec-un-dmc-de-750-kg\/\" \/>\n<meta property=\"og:locale\" content=\"fr_FR\" \/>\n<meta property=\"og:type\" content=\"article\" \/>\n<meta property=\"og:title\" content=\"N7-236 rtr spring Neptun une remorque simple essieu avec un DMC de 750 kg - Kubix\" \/>\n<meta property=\"og:description\" content=\"Remorque simple essieu Neptun Gn190 avec un DMC de 750 kg sur ressort\" \/>\n<meta property=\"og:url\" content=\"https:\/\/kubix.pl\/fr\/produkt\/n7-236-rtr-spring-neptun-une-remorque-simple-essieu-avec-un-dmc-de-750-kg\/\" \/>\n<meta property=\"og:site_name\" content=\"Kubix\" \/>\n<meta property=\"article:modified_time\" content=\"2021-07-22T16:31:36+00:00\" \/>\n<meta name=\"twitter:card\" content=\"summary_large_image\" \/>\n<meta name=\"twitter:label1\" content=\"Dur\u00e9e de lecture estim\u00e9e\" \/>\n\t<meta name=\"twitter:data1\" content=\"1 minute\" \/>\n<script type=\"application\/ld+json\" class=\"yoast-schema-graph\">{\"@context\":\"https:\\\/\\\/schema.org\",\"@graph\":[{\"@type\":\"WebPage\",\"@id\":\"https:\\\/\\\/kubix.pl\\\/fr\\\/produkt\\\/n7-236-rtr-spring-neptun-une-remorque-simple-essieu-avec-un-dmc-de-750-kg\\\/\",\"url\":\"https:\\\/\\\/kubix.pl\\\/fr\\\/produkt\\\/n7-236-rtr-spring-neptun-une-remorque-simple-essieu-avec-un-dmc-de-750-kg\\\/\",\"name\":\"N7-236 rtr spring Neptun une remorque simple essieu avec un DMC de 750 kg - Kubix\",\"isPartOf\":{\"@id\":\"https:\\\/\\\/kubix.pl\\\/fr\\\/#website\"},\"primaryImageOfPage\":{\"@id\":\"https:\\\/\\\/kubix.pl\\\/fr\\\/produkt\\\/n7-236-rtr-spring-neptun-une-remorque-simple-essieu-avec-un-dmc-de-750-kg\\\/#primaryimage\"},\"image\":{\"@id\":\"https:\\\/\\\/kubix.pl\\\/fr\\\/produkt\\\/n7-236-rtr-spring-neptun-une-remorque-simple-essieu-avec-un-dmc-de-750-kg\\\/#primaryimage\"},\"thumbnailUrl\":\"https:\\\/\\\/kubix.pl\\\/wp-content\\\/uploads\\\/2016\\\/04\\\/GN190_1.jpg\",\"datePublished\":\"2016-04-12T10:17:18+00:00\",\"dateModified\":\"2021-07-22T16:31:36+00:00\",\"breadcrumb\":{\"@id\":\"https:\\\/\\\/kubix.pl\\\/fr\\\/produkt\\\/n7-236-rtr-spring-neptun-une-remorque-simple-essieu-avec-un-dmc-de-750-kg\\\/#breadcrumb\"},\"inLanguage\":\"fr-FR\",\"potentialAction\":[{\"@type\":\"ReadAction\",\"target\":[\"https:\\\/\\\/kubix.pl\\\/fr\\\/produkt\\\/n7-236-rtr-spring-neptun-une-remorque-simple-essieu-avec-un-dmc-de-750-kg\\\/\"]}]},{\"@type\":\"ImageObject\",\"inLanguage\":\"fr-FR\",\"@id\":\"https:\\\/\\\/kubix.pl\\\/fr\\\/produkt\\\/n7-236-rtr-spring-neptun-une-remorque-simple-essieu-avec-un-dmc-de-750-kg\\\/#primaryimage\",\"url\":\"https:\\\/\\\/kubix.pl\\\/wp-content\\\/uploads\\\/2016\\\/04\\\/GN190_1.jpg\",\"contentUrl\":\"https:\\\/\\\/kubix.pl\\\/wp-content\\\/uploads\\\/2016\\\/04\\\/GN190_1.jpg\",\"width\":1600,\"height\":721},{\"@type\":\"BreadcrumbList\",\"@id\":\"https:\\\/\\\/kubix.pl\\\/fr\\\/produkt\\\/n7-236-rtr-spring-neptun-une-remorque-simple-essieu-avec-un-dmc-de-750-kg\\\/#breadcrumb\",\"itemListElement\":[{\"@type\":\"ListItem\",\"position\":1,\"name\":\"Strona g\u0142\u00f3wna\",\"item\":\"https:\\\/\\\/kubix.pl\\\/fr\\\/\"},{\"@type\":\"ListItem\",\"position\":2,\"name\":\"Sklep\",\"item\":\"https:\\\/\\\/kubix.pl\\\/sklep\\\/\"},{\"@type\":\"ListItem\",\"position\":3,\"name\":\"N7-236 rtr spring Neptun une remorque simple essieu avec un DMC de 750 kg\"}]},{\"@type\":\"WebSite\",\"@id\":\"https:\\\/\\\/kubix.pl\\\/fr\\\/#website\",\"url\":\"https:\\\/\\\/kubix.pl\\\/fr\\\/\",\"name\":\"Kubix\",\"description\":\"Przyczepy jednoosiowe, dwuosiowe\",\"publisher\":{\"@id\":\"https:\\\/\\\/kubix.pl\\\/fr\\\/#organization\"},\"potentialAction\":[{\"@type\":\"SearchAction\",\"target\":{\"@type\":\"EntryPoint\",\"urlTemplate\":\"https:\\\/\\\/kubix.pl\\\/fr\\\/?s={search_term_string}\"},\"query-input\":{\"@type\":\"PropertyValueSpecification\",\"valueRequired\":true,\"valueName\":\"search_term_string\"}}],\"inLanguage\":\"fr-FR\"},{\"@type\":\"Organization\",\"@id\":\"https:\\\/\\\/kubix.pl\\\/fr\\\/#organization\",\"name\":\"Kubix\",\"url\":\"https:\\\/\\\/kubix.pl\\\/fr\\\/\",\"logo\":{\"@type\":\"ImageObject\",\"inLanguage\":\"fr-FR\",\"@id\":\"https:\\\/\\\/kubix.pl\\\/fr\\\/#\\\/schema\\\/logo\\\/image\\\/\",\"url\":\"https:\\\/\\\/kubix.pl\\\/wp-content\\\/uploads\\\/2024\\\/11\\\/kubix.png\",\"contentUrl\":\"https:\\\/\\\/kubix.pl\\\/wp-content\\\/uploads\\\/2024\\\/11\\\/kubix.png\",\"width\":375,\"height\":60,\"caption\":\"Kubix\"},\"image\":{\"@id\":\"https:\\\/\\\/kubix.pl\\\/fr\\\/#\\\/schema\\\/logo\\\/image\\\/\"}}]}<\/script>\n<!-- \/ Yoast SEO plugin. -->","yoast_head_json":{"title":"N7-236 rtr spring Neptun une remorque simple essieu avec un DMC de 750 kg - Kubix","robots":{"index":"index","follow":"follow","max-snippet":"max-snippet:-1","max-image-preview":"max-image-preview:large","max-video-preview":"max-video-preview:-1"},"canonical":"https:\/\/kubix.pl\/fr\/produkt\/n7-236-rtr-spring-neptun-une-remorque-simple-essieu-avec-un-dmc-de-750-kg\/","og_locale":"fr_FR","og_type":"article","og_title":"N7-236 rtr spring Neptun une remorque simple essieu avec un DMC de 750 kg - Kubix","og_description":"Remorque simple essieu Neptun Gn190 avec un DMC de 750 kg sur ressort","og_url":"https:\/\/kubix.pl\/fr\/produkt\/n7-236-rtr-spring-neptun-une-remorque-simple-essieu-avec-un-dmc-de-750-kg\/","og_site_name":"Kubix","article_modified_time":"2021-07-22T16:31:36+00:00","twitter_card":"summary_large_image","twitter_misc":{"Dur\u00e9e de lecture estim\u00e9e":"1 minute"},"schema":{"@context":"https:\/\/schema.org","@graph":[{"@type":"WebPage","@id":"https:\/\/kubix.pl\/fr\/produkt\/n7-236-rtr-spring-neptun-une-remorque-simple-essieu-avec-un-dmc-de-750-kg\/","url":"https:\/\/kubix.pl\/fr\/produkt\/n7-236-rtr-spring-neptun-une-remorque-simple-essieu-avec-un-dmc-de-750-kg\/","name":"N7-236 rtr spring Neptun une remorque simple essieu avec un DMC de 750 kg - Kubix","isPartOf":{"@id":"https:\/\/kubix.pl\/fr\/#website"},"primaryImageOfPage":{"@id":"https:\/\/kubix.pl\/fr\/produkt\/n7-236-rtr-spring-neptun-une-remorque-simple-essieu-avec-un-dmc-de-750-kg\/#primaryimage"},"image":{"@id":"https:\/\/kubix.pl\/fr\/produkt\/n7-236-rtr-spring-neptun-une-remorque-simple-essieu-avec-un-dmc-de-750-kg\/#primaryimage"},"thumbnailUrl":"https:\/\/kubix.pl\/wp-content\/uploads\/2016\/04\/GN190_1.jpg","datePublished":"2016-04-12T10:17:18+00:00","dateModified":"2021-07-22T16:31:36+00:00","breadcrumb":{"@id":"https:\/\/kubix.pl\/fr\/produkt\/n7-236-rtr-spring-neptun-une-remorque-simple-essieu-avec-un-dmc-de-750-kg\/#breadcrumb"},"inLanguage":"fr-FR","potentialAction":[{"@type":"ReadAction","target":["https:\/\/kubix.pl\/fr\/produkt\/n7-236-rtr-spring-neptun-une-remorque-simple-essieu-avec-un-dmc-de-750-kg\/"]}]},{"@type":"ImageObject","inLanguage":"fr-FR","@id":"https:\/\/kubix.pl\/fr\/produkt\/n7-236-rtr-spring-neptun-une-remorque-simple-essieu-avec-un-dmc-de-750-kg\/#primaryimage","url":"https:\/\/kubix.pl\/wp-content\/uploads\/2016\/04\/GN190_1.jpg","contentUrl":"https:\/\/kubix.pl\/wp-content\/uploads\/2016\/04\/GN190_1.jpg","width":1600,"height":721},{"@type":"BreadcrumbList","@id":"https:\/\/kubix.pl\/fr\/produkt\/n7-236-rtr-spring-neptun-une-remorque-simple-essieu-avec-un-dmc-de-750-kg\/#breadcrumb","itemListElement":[{"@type":"ListItem","position":1,"name":"Strona g\u0142\u00f3wna","item":"https:\/\/kubix.pl\/fr\/"},{"@type":"ListItem","position":2,"name":"Sklep","item":"https:\/\/kubix.pl\/sklep\/"},{"@type":"ListItem","position":3,"name":"N7-236 rtr spring Neptun une remorque simple essieu avec un DMC de 750 kg"}]},{"@type":"WebSite","@id":"https:\/\/kubix.pl\/fr\/#website","url":"https:\/\/kubix.pl\/fr\/","name":"Kubix","description":"Przyczepy jednoosiowe, dwuosiowe","publisher":{"@id":"https:\/\/kubix.pl\/fr\/#organization"},"potentialAction":[{"@type":"SearchAction","target":{"@type":"EntryPoint","urlTemplate":"https:\/\/kubix.pl\/fr\/?s={search_term_string}"},"query-input":{"@type":"PropertyValueSpecification","valueRequired":true,"valueName":"search_term_string"}}],"inLanguage":"fr-FR"},{"@type":"Organization","@id":"https:\/\/kubix.pl\/fr\/#organization","name":"Kubix","url":"https:\/\/kubix.pl\/fr\/","logo":{"@type":"ImageObject","inLanguage":"fr-FR","@id":"https:\/\/kubix.pl\/fr\/#\/schema\/logo\/image\/","url":"https:\/\/kubix.pl\/wp-content\/uploads\/2024\/11\/kubix.png","contentUrl":"https:\/\/kubix.pl\/wp-content\/uploads\/2024\/11\/kubix.png","width":375,"height":60,"caption":"Kubix"},"image":{"@id":"https:\/\/kubix.pl\/fr\/#\/schema\/logo\/image\/"}}]}},"_links":{"self":[{"href":"https:\/\/kubix.pl\/fr\/wp-json\/wp\/v2\/product\/13942","targetHints":{"allow":["GET"]}}],"collection":[{"href":"https:\/\/kubix.pl\/fr\/wp-json\/wp\/v2\/product"}],"about":[{"href":"https:\/\/kubix.pl\/fr\/wp-json\/wp\/v2\/types\/product"}],"wp:featuredmedia":[{"embeddable":true,"href":"https:\/\/kubix.pl\/fr\/wp-json\/wp\/v2\/media\/25678"}],"wp:attachment":[{"href":"https:\/\/kubix.pl\/fr\/wp-json\/wp\/v2\/media?parent=13942"}],"wp:term":[{"taxonomy":"product_brand","embeddable":true,"href":"https:\/\/kubix.pl\/fr\/wp-json\/wp\/v2\/product_brand?post=13942"},{"taxonomy":"product_cat","embeddable":true,"href":"https:\/\/kubix.pl\/fr\/wp-json\/wp\/v2\/product_cat?post=13942"},{"taxonomy":"product_tag","embeddable":true,"href":"https:\/\/kubix.pl\/fr\/wp-json\/wp\/v2\/product_tag?post=13942"}],"curies":[{"name":"wp","href":"https:\/\/api.w.org\/{rel}","templated":true}]}}